{"id":32033,"date":"2022-05-10T14:58:19","date_gmt":"2022-05-10T13:58:19","guid":{"rendered":"https:\/\/www.glyphosate.eu\/grg\/novedades\/grg-statement-updated-timelines-for-glyphosate-assessments\/"},"modified":"2022-05-11T10:39:57","modified_gmt":"2022-05-11T09:39:57","slug":"grg-statement-updated-timelines-for-glyphosate-assessments","status":"publish","type":"page","link":"https:\/\/www.glyphosate.eu\/es\/grg\/novedades\/grg-statement-updated-timelines-for-glyphosate-assessments\/","title":{"rendered":"Declaraci\u00f3n del GRG sobre la actualizaci\u00f3n de plazos para la evaluaci\u00f3n de glifosato"},"content":{"rendered":"","protected":false},"excerpt":{"rendered":"","protected":false},"author":3,"featured_media":28649,"parent":18858,"menu_order":157,"comment_status":"closed","ping_status":"closed","template":"views\/template-content-page.blade.php","meta":{"_acf_changed":false,"inline_featured_image":false,"footnotes":""},"class_list":["post-32033","page","type-page","status-publish","has-post-thumbnail","hentry"],"acf":[],"yoast_head":"<!-- This site is optimized with the Yoast SEO plugin v27.3 - https:\/\/yoast.com\/product\/yoast-seo-wordpress\/ -->\n<title>Declaraci\u00f3n del GRG sobre la actualizaci\u00f3n de plazos para la evaluaci\u00f3n de glifosato - Glyphosate Renewal Group<\/title>\n<meta name=\"robots\" content=\"index, follow, max-snippet:-1, max-image-preview:large, max-video-preview:-1\" \/>\n<link rel=\"canonical\" href=\"https:\/\/www.glyphosate.eu\/es\/grg\/novedades\/grg-statement-updated-timelines-for-glyphosate-assessments\/\" \/>\n<meta property=\"og:locale\" content=\"es_ES\" \/>\n<meta property=\"og:type\" content=\"article\" \/>\n<meta property=\"og:title\" content=\"Declaraci\u00f3n del GRG sobre la actualizaci\u00f3n de plazos para la evaluaci\u00f3n de glifosato - Glyphosate Renewal Group\" \/>\n<meta property=\"og:url\" content=\"https:\/\/www.glyphosate.eu\/es\/grg\/novedades\/grg-statement-updated-timelines-for-glyphosate-assessments\/\" \/>\n<meta property=\"og:site_name\" content=\"Glyphosate Renewal Group\" \/>\n<meta property=\"article:modified_time\" content=\"2022-05-11T09:39:57+00:00\" \/>\n<meta property=\"og:image\" content=\"https:\/\/www.glyphosate.eu\/app\/uploads\/2022\/03\/alarm-clock-EU-flag--scaled.jpg\" \/>\n\t<meta property=\"og:image:width\" content=\"2560\" \/>\n\t<meta property=\"og:image:height\" content=\"1707\" \/>\n\t<meta property=\"og:image:type\" content=\"image\/jpeg\" \/>\n<meta name=\"twitter:card\" content=\"summary_large_image\" \/>\n<script type=\"application\/ld+json\" class=\"yoast-schema-graph\">{\"@context\":\"https:\\\/\\\/schema.org\",\"@graph\":[{\"@type\":\"WebPage\",\"@id\":\"https:\\\/\\\/www.glyphosate.eu\\\/es\\\/grg\\\/novedades\\\/grg-statement-updated-timelines-for-glyphosate-assessments\\\/\",\"url\":\"https:\\\/\\\/www.glyphosate.eu\\\/es\\\/grg\\\/novedades\\\/grg-statement-updated-timelines-for-glyphosate-assessments\\\/\",\"name\":\"Declaraci\u00f3n del GRG sobre la actualizaci\u00f3n de plazos para la evaluaci\u00f3n de glifosato - Glyphosate Renewal Group\",\"isPartOf\":{\"@id\":\"https:\\\/\\\/www.glyphosate.eu\\\/#website\"},\"primaryImageOfPage\":{\"@id\":\"https:\\\/\\\/www.glyphosate.eu\\\/es\\\/grg\\\/novedades\\\/grg-statement-updated-timelines-for-glyphosate-assessments\\\/#primaryimage\"},\"image\":{\"@id\":\"https:\\\/\\\/www.glyphosate.eu\\\/es\\\/grg\\\/novedades\\\/grg-statement-updated-timelines-for-glyphosate-assessments\\\/#primaryimage\"},\"thumbnailUrl\":\"https:\\\/\\\/www.glyphosate.eu\\\/app\\\/uploads\\\/2022\\\/03\\\/alarm-clock-EU-flag--scaled.jpg\",\"datePublished\":\"2022-05-10T13:58:19+00:00\",\"dateModified\":\"2022-05-11T09:39:57+00:00\",\"breadcrumb\":{\"@id\":\"https:\\\/\\\/www.glyphosate.eu\\\/es\\\/grg\\\/novedades\\\/grg-statement-updated-timelines-for-glyphosate-assessments\\\/#breadcrumb\"},\"inLanguage\":\"es-ES\",\"potentialAction\":[{\"@type\":\"ReadAction\",\"target\":[\"https:\\\/\\\/www.glyphosate.eu\\\/es\\\/grg\\\/novedades\\\/grg-statement-updated-timelines-for-glyphosate-assessments\\\/\"]}]},{\"@type\":\"ImageObject\",\"inLanguage\":\"es-ES\",\"@id\":\"https:\\\/\\\/www.glyphosate.eu\\\/es\\\/grg\\\/novedades\\\/grg-statement-updated-timelines-for-glyphosate-assessments\\\/#primaryimage\",\"url\":\"https:\\\/\\\/www.glyphosate.eu\\\/app\\\/uploads\\\/2022\\\/03\\\/alarm-clock-EU-flag--scaled.jpg\",\"contentUrl\":\"https:\\\/\\\/www.glyphosate.eu\\\/app\\\/uploads\\\/2022\\\/03\\\/alarm-clock-EU-flag--scaled.jpg\",\"width\":2560,\"height\":1707},{\"@type\":\"BreadcrumbList\",\"@id\":\"https:\\\/\\\/www.glyphosate.eu\\\/es\\\/grg\\\/novedades\\\/grg-statement-updated-timelines-for-glyphosate-assessments\\\/#breadcrumb\",\"itemListElement\":[{\"@type\":\"ListItem\",\"position\":1,\"name\":\"Whats New &#8211; DONT DELETE\",\"item\":\"https:\\\/\\\/www.glyphosate.eu\\\/es\\\/grg\\\/\"},{\"@type\":\"ListItem\",\"position\":2,\"name\":\"Novedades\",\"item\":\"https:\\\/\\\/www.glyphosate.eu\\\/es\\\/grg\\\/novedades\\\/\"},{\"@type\":\"ListItem\",\"position\":3,\"name\":\"Declaraci\u00f3n del GRG sobre la actualizaci\u00f3n de plazos para la evaluaci\u00f3n de glifosato\"}]},{\"@type\":\"WebSite\",\"@id\":\"https:\\\/\\\/www.glyphosate.eu\\\/#website\",\"url\":\"https:\\\/\\\/www.glyphosate.eu\\\/\",\"name\":\"Glyphosate Renewal Group\",\"description\":\"Just another WordPress site\",\"potentialAction\":[{\"@type\":\"SearchAction\",\"target\":{\"@type\":\"EntryPoint\",\"urlTemplate\":\"https:\\\/\\\/www.glyphosate.eu\\\/?s={search_term_string}\"},\"query-input\":{\"@type\":\"PropertyValueSpecification\",\"valueRequired\":true,\"valueName\":\"search_term_string\"}}],\"inLanguage\":\"es-ES\"}]}<\/script>\n<!-- \/ Yoast SEO plugin. -->","yoast_head_json":{"title":"Declaraci\u00f3n del GRG sobre la actualizaci\u00f3n de plazos para la evaluaci\u00f3n de glifosato - Glyphosate Renewal Group","robots":{"index":"index","follow":"follow","max-snippet":"max-snippet:-1","max-image-preview":"max-image-preview:large","max-video-preview":"max-video-preview:-1"},"canonical":"https:\/\/www.glyphosate.eu\/es\/grg\/novedades\/grg-statement-updated-timelines-for-glyphosate-assessments\/","og_locale":"es_ES","og_type":"article","og_title":"Declaraci\u00f3n del GRG sobre la actualizaci\u00f3n de plazos para la evaluaci\u00f3n de glifosato - Glyphosate Renewal Group","og_url":"https:\/\/www.glyphosate.eu\/es\/grg\/novedades\/grg-statement-updated-timelines-for-glyphosate-assessments\/","og_site_name":"Glyphosate Renewal Group","article_modified_time":"2022-05-11T09:39:57+00:00","og_image":[{"width":2560,"height":1707,"url":"https:\/\/www.glyphosate.eu\/app\/uploads\/2022\/03\/alarm-clock-EU-flag--scaled.jpg","type":"image\/jpeg"}],"twitter_card":"summary_large_image","schema":{"@context":"https:\/\/schema.org","@graph":[{"@type":"WebPage","@id":"https:\/\/www.glyphosate.eu\/es\/grg\/novedades\/grg-statement-updated-timelines-for-glyphosate-assessments\/","url":"https:\/\/www.glyphosate.eu\/es\/grg\/novedades\/grg-statement-updated-timelines-for-glyphosate-assessments\/","name":"Declaraci\u00f3n del GRG sobre la actualizaci\u00f3n de plazos para la evaluaci\u00f3n de glifosato - Glyphosate Renewal Group","isPartOf":{"@id":"https:\/\/www.glyphosate.eu\/#website"},"primaryImageOfPage":{"@id":"https:\/\/www.glyphosate.eu\/es\/grg\/novedades\/grg-statement-updated-timelines-for-glyphosate-assessments\/#primaryimage"},"image":{"@id":"https:\/\/www.glyphosate.eu\/es\/grg\/novedades\/grg-statement-updated-timelines-for-glyphosate-assessments\/#primaryimage"},"thumbnailUrl":"https:\/\/www.glyphosate.eu\/app\/uploads\/2022\/03\/alarm-clock-EU-flag--scaled.jpg","datePublished":"2022-05-10T13:58:19+00:00","dateModified":"2022-05-11T09:39:57+00:00","breadcrumb":{"@id":"https:\/\/www.glyphosate.eu\/es\/grg\/novedades\/grg-statement-updated-timelines-for-glyphosate-assessments\/#breadcrumb"},"inLanguage":"es-ES","potentialAction":[{"@type":"ReadAction","target":["https:\/\/www.glyphosate.eu\/es\/grg\/novedades\/grg-statement-updated-timelines-for-glyphosate-assessments\/"]}]},{"@type":"ImageObject","inLanguage":"es-ES","@id":"https:\/\/www.glyphosate.eu\/es\/grg\/novedades\/grg-statement-updated-timelines-for-glyphosate-assessments\/#primaryimage","url":"https:\/\/www.glyphosate.eu\/app\/uploads\/2022\/03\/alarm-clock-EU-flag--scaled.jpg","contentUrl":"https:\/\/www.glyphosate.eu\/app\/uploads\/2022\/03\/alarm-clock-EU-flag--scaled.jpg","width":2560,"height":1707},{"@type":"BreadcrumbList","@id":"https:\/\/www.glyphosate.eu\/es\/grg\/novedades\/grg-statement-updated-timelines-for-glyphosate-assessments\/#breadcrumb","itemListElement":[{"@type":"ListItem","position":1,"name":"Whats New &#8211; DONT DELETE","item":"https:\/\/www.glyphosate.eu\/es\/grg\/"},{"@type":"ListItem","position":2,"name":"Novedades","item":"https:\/\/www.glyphosate.eu\/es\/grg\/novedades\/"},{"@type":"ListItem","position":3,"name":"Declaraci\u00f3n del GRG sobre la actualizaci\u00f3n de plazos para la evaluaci\u00f3n de glifosato"}]},{"@type":"WebSite","@id":"https:\/\/www.glyphosate.eu\/#website","url":"https:\/\/www.glyphosate.eu\/","name":"Glyphosate Renewal Group","description":"Just another WordPress site","potentialAction":[{"@type":"SearchAction","target":{"@type":"EntryPoint","urlTemplate":"https:\/\/www.glyphosate.eu\/?s={search_term_string}"},"query-input":{"@type":"PropertyValueSpecification","valueRequired":true,"valueName":"search_term_string"}}],"inLanguage":"es-ES"}]}},"_links":{"self":[{"href":"https:\/\/www.glyphosate.eu\/es\/wp-json\/wp\/v2\/pages\/32033","targetHints":{"allow":["GET"]}}],"collection":[{"href":"https:\/\/www.glyphosate.eu\/es\/wp-json\/wp\/v2\/pages"}],"about":[{"href":"https:\/\/www.glyphosate.eu\/es\/wp-json\/wp\/v2\/types\/page"}],"author":[{"embeddable":true,"href":"https:\/\/www.glyphosate.eu\/es\/wp-json\/wp\/v2\/users\/3"}],"replies":[{"embeddable":true,"href":"https:\/\/www.glyphosate.eu\/es\/wp-json\/wp\/v2\/comments?post=32033"}],"version-history":[{"count":3,"href":"https:\/\/www.glyphosate.eu\/es\/wp-json\/wp\/v2\/pages\/32033\/revisions"}],"predecessor-version":[{"id":32041,"href":"https:\/\/www.glyphosate.eu\/es\/wp-json\/wp\/v2\/pages\/32033\/revisions\/32041"}],"up":[{"embeddable":true,"href":"https:\/\/www.glyphosate.eu\/es\/wp-json\/wp\/v2\/pages\/18858"}],"wp:featuredmedia":[{"embeddable":true,"href":"https:\/\/www.glyphosate.eu\/es\/wp-json\/wp\/v2\/media\/28649"}],"wp:attachment":[{"href":"https:\/\/www.glyphosate.eu\/es\/wp-json\/wp\/v2\/media?parent=32033"}],"curies":[{"name":"wp","href":"https:\/\/api.w.org\/{rel}","templated":true}]}}