{"id":22156,"date":"2021-10-12T09:10:05","date_gmt":"2021-10-12T08:10:05","guid":{"rendered":"https:\/\/www.glyphosate.eu\/?page_id=22156"},"modified":"2021-10-12T09:10:05","modified_gmt":"2021-10-12T08:10:05","slug":"acceso-a-los-estudios-para-quienes-no-sean-miembros-del-grg","status":"publish","type":"page","link":"https:\/\/www.glyphosate.eu\/es\/transparency\/scientific-dossier\/acceso-a-los-estudios-para-quienes-no-sean-miembros-del-grg\/","title":{"rendered":"Acceso a los estudios para quienes no sean miembros del GRG"},"content":{"rendered":"<p class=\"p1\"><b>Por qu\u00e9 quienes no sean miembros del GRG deben acceder a los estudios sobre el glifosato<\/b><\/p>\n<p class=\"p2\">Para comercializar un producto fitosanitario con glifosato (en ingl\u00e9s, PPP), puede que quienes no sean miembros del GRG necesiten acceder a los estudios sobre el glifosato que encargaron (son de propiedad conjunta) los miembros del GRG para el dossier cient\u00edfico 2020 o a los que son propiedad de los miembros del Grupo de Trabajo sobre el Glifosato para el dossier cient\u00edfico 2012.\u00a0 Aquellos que no sean miembros del GRG necesitar\u00e1n acceder a algunos de estos estudios y usar los datos que contienen para fundamentar la solicitud de autorizaci\u00f3n de un producto fitosanitario con glifosato (en ingl\u00e9s, PPP) ante la autoridad competente de un Estado miembro.<\/p>\n<p class=\"p1\"><b>Protecci\u00f3n de datos para los estudios presentados para la autorizaci\u00f3n del glifosato<\/b><\/p>\n<p class=\"p2\">Algunos de los estudios sobre el glifosato presentados para su autorizaci\u00f3n estar\u00e1n sujetos a la protecci\u00f3n de datos en virtud de las disposiciones del Reglamento (CE) n\u00ba 1107\/2009.\u00a0 El per\u00edodo de protecci\u00f3n de datos para los estudios que se requirieron para la renovaci\u00f3n del glifosato vencer\u00e1 una vez transcurridos 30 meses desde la fecha de la primera reautorizaci\u00f3n para un producto fitosanitario con glifosato en un Estado miembro. Durante dicho periodo, ning\u00fan tercero podr\u00e1 utilizar los datos protegidos para respaldar una solicitud de autorizaci\u00f3n del producto, sin autorizaci\u00f3n del titular de los datos.\u00a0<\/p>\n<p class=\"p1\">La \u00fanica manera de que tiene un miembro no perteneciente al GRG de citar estos datos para autorizar un producto fitosanitario con glifosato (en ingl\u00e9s, PPP) es solicitar una carta de acceso al miembro o miembros del GRG titulares del estudio.\u00a0 En la carta de acceso, el propietario de los datos confirmar\u00e1 expl\u00edcitamente que el solicitante puede basarse en los datos para su solicitud de autorizaci\u00f3n.<\/p>\n<p class=\"p2\">Los miembros del GRG han solicitado la protecci\u00f3n de los datos de todos los estudios de propiedad conjunta presentados como parte del Dossier Cient\u00edfico 2020.\u00a0 Por lo tanto, las personas que no son miembros del GRG tendr\u00e1n que solicitar una carta de acceso para poder basarse en dichos estudios.\u00a0<\/p>\n<p class=\"p1\">Una vez que tales estudios queden fuera de la protecci\u00f3n de datos, podr\u00e1n ser utilizados por un tercero, sin necesidad de obtener el permiso del propietario de los datos y, en consecuencia, no se requerir\u00e1 carta de acceso.\u00a0 Los estudios de gesti\u00f3n presentados no est\u00e1n sujetos a la protecci\u00f3n de datos al no estar clasificados como estudios normativos de conformidad con el Reglamento (CE) n\u00ba 1107\/2009.<\/p>\n<p class=\"p1\">Algunos de los estudios sobre el glifosato encargados por los miembros del Grupo de Trabajo sobre el Glifosato para el dossier cient\u00edfico de 2012 pueden no ser objeto de protecci\u00f3n, en caso de que haya vencido el plazo de protecci\u00f3n de datos de 30 meses que se exige para la renovaci\u00f3n del glifosato. \u00a0Adem\u00e1s, para las autorizaciones de productos de los Estados miembros, el periodo de protecci\u00f3n de datos para nuevos estudios ser\u00e1 de 10 a\u00f1os, por lo que puede que un estudio espec\u00edfico siga estando protegido en un Estado miembro determinado.\u00a0 En el caso de estos estudios, habr\u00eda que solicitar una carta de acceso al propietario del estudio.<\/p>\n<p class=\"p1\"><b>Proceso de acceso a los estudios por parte de quienes no sean miembros del GRG<\/b><\/p>\n<p class=\"p2\">Los estudios cient\u00edficos presentados para la autorizaci\u00f3n del glifosato son propiedad conjunta de las empresas concretas miembro del GRG o son propiedad de los miembros del Grupo de Trabajo sobre el Glifosato (en ingl\u00e9s, Glyphosate Task Force).\u00a0 El GRG, como grupo de empresas, no es propietario de ninguno de los estudios presentados a efectos de autorizaci\u00f3n y no puede facilitar el acceso a los mismos en virtud de los requisitos del Reglamento (CE) n\u00ba 1107\/2009.<\/p>\n<p class=\"p1\">Las personas que no sean miembros del GRG y que est\u00e1n interesadas en obtener una carta de acceso para un estudio pueden presentar una solicitud de carta de acceso a uno o varios miembros concretos del GRG.<\/p>\n<p class=\"p2\">De conformidad con el Reglamento (CE) n\u00ba 1107\/2009, cuando se pongan en com\u00fan estudios por los distintos miembros del GRG, se har\u00e1 de manera equitativa, transparente y no discriminatoria.<\/p>\n<p class=\"p1\">Quien no sea miembro del GRG podr\u00e1 negociar con un miembro del GRG las condiciones de acceso y el pago, en su caso, de la carta de acceso.\u00a0 Cualquier gasto que se establezca para dar acceso a los estudios se determinar\u00e1 de forma equitativa, transparente y no discriminatoria y ser\u00e1 razonable.<\/p>\n<p class=\"p1\">Quienes no sean miembros del GRG podr\u00e1n encontrar al\/los propietario\/s de los estudios presentados para los dossier cient\u00edficos de 2020 y 2012 en las \u00abListas de referencia para el pedido de estudios sobre el glifosato\u00bb que pueden descargarse en\u00a0<a href=\"https:\/\/www.glyphosate.eu\/es\/transparency\/scientific-dossier\/glyphosate-study-reports\/\"><span class=\"s1\">la p\u00e1gina \u00abInformes de estudios de nuestra propiedad\u00bb<\/span><\/a>. Cabe se\u00f1alar que la lista de referencia del dossier cient\u00edfico de 2020 tambi\u00e9n incluye estudios presentados para la autorizaci\u00f3n del glifosato PPP, propiedad de Bayer, como formulaci\u00f3n de referencia.\u00a0<span class=\"Apple-converted-space\">\u00a0<\/span><\/p>\n<p class=\"p1\">Estos estudios son proporcionados por Bayer para respaldar el dossier cient\u00edfico 2020.\u00a0 Cualquier tercero interesado en basarse en los datos de estos estudios para autorizar su producto fitosanitario con glifosato (en ingl\u00e9s, PPP) debe solicitar una carta de acceso a Bayer.<\/p>\n","protected":false},"excerpt":{"rendered":"<p>Por qu\u00e9 quienes no sean miembros del GRG deben acceder a los estudios sobre el glifosato Para comercializar un producto fitosanitario con glifosato (en ingl\u00e9s, PPP), puede que quienes no sean miembros del GRG necesiten acceder a los estudios sobre el glifosato que encargaron (son de propiedad conjunta) los miembros del GRG para el dossier&hellip;<\/p>\n","protected":false},"author":1,"featured_media":0,"parent":18643,"menu_order":399,"comment_status":"closed","ping_status":"closed","template":"","meta":{"_acf_changed":false,"inline_featured_image":false,"footnotes":""},"class_list":["post-22156","page","type-page","status-publish","hentry"],"acf":[],"yoast_head":"<!-- This site is optimized with the Yoast SEO plugin v27.4 - https:\/\/yoast.com\/product\/yoast-seo-wordpress\/ -->\n<title>Acceso a los estudios para quienes no sean miembros del GRG - Glyphosate Renewal Group<\/title>\n<meta name=\"robots\" content=\"index, follow, max-snippet:-1, max-image-preview:large, max-video-preview:-1\" \/>\n<link rel=\"canonical\" href=\"https:\/\/www.glyphosate.eu\/es\/transparency\/scientific-dossier\/acceso-a-los-estudios-para-quienes-no-sean-miembros-del-grg\/\" \/>\n<meta property=\"og:locale\" content=\"es_ES\" \/>\n<meta property=\"og:type\" content=\"article\" \/>\n<meta property=\"og:title\" content=\"Acceso a los estudios para quienes no sean miembros del GRG - Glyphosate Renewal Group\" \/>\n<meta property=\"og:description\" content=\"Por qu\u00e9 quienes no sean miembros del GRG deben acceder a los estudios sobre el glifosato Para comercializar un producto fitosanitario con glifosato (en ingl\u00e9s, PPP), puede que quienes no sean miembros del GRG necesiten acceder a los estudios sobre el glifosato que encargaron (son de propiedad conjunta) los miembros del GRG para el dossier&hellip;\" \/>\n<meta property=\"og:url\" content=\"https:\/\/www.glyphosate.eu\/es\/transparency\/scientific-dossier\/acceso-a-los-estudios-para-quienes-no-sean-miembros-del-grg\/\" \/>\n<meta property=\"og:site_name\" content=\"Glyphosate Renewal Group\" \/>\n<meta name=\"twitter:card\" content=\"summary_large_image\" \/>\n<meta name=\"twitter:label1\" content=\"Est. reading time\" \/>\n\t<meta name=\"twitter:data1\" content=\"4 minutes\" \/>\n<script type=\"application\/ld+json\" class=\"yoast-schema-graph\">{\"@context\":\"https:\\\/\\\/schema.org\",\"@graph\":[{\"@type\":\"WebPage\",\"@id\":\"https:\\\/\\\/www.glyphosate.eu\\\/es\\\/transparency\\\/scientific-dossier\\\/acceso-a-los-estudios-para-quienes-no-sean-miembros-del-grg\\\/\",\"url\":\"https:\\\/\\\/www.glyphosate.eu\\\/es\\\/transparency\\\/scientific-dossier\\\/acceso-a-los-estudios-para-quienes-no-sean-miembros-del-grg\\\/\",\"name\":\"Acceso a los estudios para quienes no sean miembros del GRG - Glyphosate Renewal Group\",\"isPartOf\":{\"@id\":\"https:\\\/\\\/www.glyphosate.eu\\\/#website\"},\"datePublished\":\"2021-10-12T08:10:05+00:00\",\"breadcrumb\":{\"@id\":\"https:\\\/\\\/www.glyphosate.eu\\\/es\\\/transparency\\\/scientific-dossier\\\/acceso-a-los-estudios-para-quienes-no-sean-miembros-del-grg\\\/#breadcrumb\"},\"inLanguage\":\"es-ES\",\"potentialAction\":[{\"@type\":\"ReadAction\",\"target\":[\"https:\\\/\\\/www.glyphosate.eu\\\/es\\\/transparency\\\/scientific-dossier\\\/acceso-a-los-estudios-para-quienes-no-sean-miembros-del-grg\\\/\"]}]},{\"@type\":\"BreadcrumbList\",\"@id\":\"https:\\\/\\\/www.glyphosate.eu\\\/es\\\/transparency\\\/scientific-dossier\\\/acceso-a-los-estudios-para-quienes-no-sean-miembros-del-grg\\\/#breadcrumb\",\"itemListElement\":[{\"@type\":\"ListItem\",\"position\":1,\"name\":\"Transparencia\",\"item\":\"https:\\\/\\\/www.glyphosate.eu\\\/es\\\/transparency\\\/\"},{\"@type\":\"ListItem\",\"position\":2,\"name\":\"Dossier Cient\u00edfico\",\"item\":\"https:\\\/\\\/www.glyphosate.eu\\\/es\\\/transparency\\\/scientific-dossier\\\/\"},{\"@type\":\"ListItem\",\"position\":3,\"name\":\"Acceso a los estudios para quienes no sean miembros del GRG\"}]},{\"@type\":\"WebSite\",\"@id\":\"https:\\\/\\\/www.glyphosate.eu\\\/#website\",\"url\":\"https:\\\/\\\/www.glyphosate.eu\\\/\",\"name\":\"Glyphosate Renewal Group\",\"description\":\"Just another WordPress site\",\"potentialAction\":[{\"@type\":\"SearchAction\",\"target\":{\"@type\":\"EntryPoint\",\"urlTemplate\":\"https:\\\/\\\/www.glyphosate.eu\\\/?s={search_term_string}\"},\"query-input\":{\"@type\":\"PropertyValueSpecification\",\"valueRequired\":true,\"valueName\":\"search_term_string\"}}],\"inLanguage\":\"es-ES\"}]}<\/script>\n<!-- \/ Yoast SEO plugin. -->","yoast_head_json":{"title":"Acceso a los estudios para quienes no sean miembros del GRG - Glyphosate Renewal Group","robots":{"index":"index","follow":"follow","max-snippet":"max-snippet:-1","max-image-preview":"max-image-preview:large","max-video-preview":"max-video-preview:-1"},"canonical":"https:\/\/www.glyphosate.eu\/es\/transparency\/scientific-dossier\/acceso-a-los-estudios-para-quienes-no-sean-miembros-del-grg\/","og_locale":"es_ES","og_type":"article","og_title":"Acceso a los estudios para quienes no sean miembros del GRG - Glyphosate Renewal Group","og_description":"Por qu\u00e9 quienes no sean miembros del GRG deben acceder a los estudios sobre el glifosato Para comercializar un producto fitosanitario con glifosato (en ingl\u00e9s, PPP), puede que quienes no sean miembros del GRG necesiten acceder a los estudios sobre el glifosato que encargaron (son de propiedad conjunta) los miembros del GRG para el dossier&hellip;","og_url":"https:\/\/www.glyphosate.eu\/es\/transparency\/scientific-dossier\/acceso-a-los-estudios-para-quienes-no-sean-miembros-del-grg\/","og_site_name":"Glyphosate Renewal Group","twitter_card":"summary_large_image","twitter_misc":{"Est. reading time":"4 minutes"},"schema":{"@context":"https:\/\/schema.org","@graph":[{"@type":"WebPage","@id":"https:\/\/www.glyphosate.eu\/es\/transparency\/scientific-dossier\/acceso-a-los-estudios-para-quienes-no-sean-miembros-del-grg\/","url":"https:\/\/www.glyphosate.eu\/es\/transparency\/scientific-dossier\/acceso-a-los-estudios-para-quienes-no-sean-miembros-del-grg\/","name":"Acceso a los estudios para quienes no sean miembros del GRG - Glyphosate Renewal Group","isPartOf":{"@id":"https:\/\/www.glyphosate.eu\/#website"},"datePublished":"2021-10-12T08:10:05+00:00","breadcrumb":{"@id":"https:\/\/www.glyphosate.eu\/es\/transparency\/scientific-dossier\/acceso-a-los-estudios-para-quienes-no-sean-miembros-del-grg\/#breadcrumb"},"inLanguage":"es-ES","potentialAction":[{"@type":"ReadAction","target":["https:\/\/www.glyphosate.eu\/es\/transparency\/scientific-dossier\/acceso-a-los-estudios-para-quienes-no-sean-miembros-del-grg\/"]}]},{"@type":"BreadcrumbList","@id":"https:\/\/www.glyphosate.eu\/es\/transparency\/scientific-dossier\/acceso-a-los-estudios-para-quienes-no-sean-miembros-del-grg\/#breadcrumb","itemListElement":[{"@type":"ListItem","position":1,"name":"Transparencia","item":"https:\/\/www.glyphosate.eu\/es\/transparency\/"},{"@type":"ListItem","position":2,"name":"Dossier Cient\u00edfico","item":"https:\/\/www.glyphosate.eu\/es\/transparency\/scientific-dossier\/"},{"@type":"ListItem","position":3,"name":"Acceso a los estudios para quienes no sean miembros del GRG"}]},{"@type":"WebSite","@id":"https:\/\/www.glyphosate.eu\/#website","url":"https:\/\/www.glyphosate.eu\/","name":"Glyphosate Renewal Group","description":"Just another WordPress site","potentialAction":[{"@type":"SearchAction","target":{"@type":"EntryPoint","urlTemplate":"https:\/\/www.glyphosate.eu\/?s={search_term_string}"},"query-input":{"@type":"PropertyValueSpecification","valueRequired":true,"valueName":"search_term_string"}}],"inLanguage":"es-ES"}]}},"_links":{"self":[{"href":"https:\/\/www.glyphosate.eu\/es\/wp-json\/wp\/v2\/pages\/22156","targetHints":{"allow":["GET"]}}],"collection":[{"href":"https:\/\/www.glyphosate.eu\/es\/wp-json\/wp\/v2\/pages"}],"about":[{"href":"https:\/\/www.glyphosate.eu\/es\/wp-json\/wp\/v2\/types\/page"}],"author":[{"embeddable":true,"href":"https:\/\/www.glyphosate.eu\/es\/wp-json\/wp\/v2\/users\/1"}],"replies":[{"embeddable":true,"href":"https:\/\/www.glyphosate.eu\/es\/wp-json\/wp\/v2\/comments?post=22156"}],"version-history":[{"count":1,"href":"https:\/\/www.glyphosate.eu\/es\/wp-json\/wp\/v2\/pages\/22156\/revisions"}],"predecessor-version":[{"id":22157,"href":"https:\/\/www.glyphosate.eu\/es\/wp-json\/wp\/v2\/pages\/22156\/revisions\/22157"}],"up":[{"embeddable":true,"href":"https:\/\/www.glyphosate.eu\/es\/wp-json\/wp\/v2\/pages\/18643"}],"wp:attachment":[{"href":"https:\/\/www.glyphosate.eu\/es\/wp-json\/wp\/v2\/media?parent=22156"}],"curies":[{"name":"wp","href":"https:\/\/api.w.org\/{rel}","templated":true}]}}