{"id":21176,"date":"2021-09-30T09:06:28","date_gmt":"2021-09-30T08:06:28","guid":{"rendered":"https:\/\/www.glyphosate.eu\/?page_id=21176"},"modified":"2021-10-12T10:28:00","modified_gmt":"2021-10-12T09:28:00","slug":"declaracion-de-privacidad-y-cookies","status":"publish","type":"page","link":"https:\/\/www.glyphosate.eu\/es\/declaracion-de-privacidad-y-cookies\/","title":{"rendered":"DECLARACI\u00d3N DE PRIVACIDAD Y COOKIES"},"content":{"rendered":"<p class=\"p1\">El Grupo de Renovaci\u00f3n del Glifosato (\u00ab<b>nosotros<\/b>\u00bb) proporcionamos el presente sitio web (\u00ab<b>Sitio web<\/b>\u00bb). Para m\u00e1s informaci\u00f3n sobre el proveedor del Sitio Web, consulte nuestro\u00a0<a href=\"https:\/\/glyphosate.eu\/es\/imprimir\"><span class=\"s1\"><i>imprint<\/i><\/span><\/a>.<\/p>\n<p><strong>A. Tratamiento de datos personales<br \/>\n<\/strong><\/p>\n<p class=\"p1\">A continuaci\u00f3n, exponemos la manera en que tratamos los datos personales cuando se hace uso de nuestro sitio web.<\/p>\n<p class=\"p1\"><b><i>A.1 Uso de nuestro Sitio Web<\/i><\/b><\/p>\n<p class=\"p1\">(i) Acceso a nuestro Sitio Web<\/p>\n<p class=\"p2\">Cuando accedes a nuestro Sitio Web, tu navegador transfiere cierta informaci\u00f3n a nuestro servidor web. Se lleva a cabo por razones t\u00e9cnicas y es necesario para poner a tu disposici\u00f3n la informaci\u00f3n solicitada.<\/p>\n<p class=\"p1\">La siguiente informaci\u00f3n se recoge, se almacena brevemente y se utiliza:<\/p>\n<ul>\n<li>\n<ul class=\"ul1\">\n<li class=\"li1\"><span class=\"s2\">Fecha y hora de acceso<\/span><\/li>\n<li class=\"li1\"><span class=\"s2\">Diferencia de huso horario con respecto al meridiano de Greenwich (GMT)<\/span><\/li>\n<li class=\"li1\"><span class=\"s2\">Contenido de la solicitud (p\u00e1gina espec\u00edfica)<\/span><\/li>\n<li class=\"li1\"><span class=\"s2\">Estado del acceso\/C\u00f3digo de estado HTTP<\/span><\/li>\n<li class=\"li1\"><span class=\"s2\">Sitio web que solicita el acceso<\/span><\/li>\n<\/ul>\n<p class=\"p1\">Navegador, configuraci\u00f3n del idioma, versi\u00f3n del software del navegador, sistema operativo y superficie<\/p>\n<p class=\"p1\">El fundamento legal para el tratamiento de dicha informaci\u00f3n deriva de que dicho tratamiento se requiere para poner a disposici\u00f3n las funcionalidades del Sitio Web que se solicitan (Art. 6(1)(b) Reglamento General de Protecci\u00f3n de Datos). Adem\u00e1s, para proteger nuestros intereses leg\u00edtimos, almacenaremos dicha informaci\u00f3n durante un periodo de tiempo limitado para poder iniciar un seguimiento de los datos personales en caso de acceso real o intento de acceso no autorizado a nuestros servidores (art. 6(1)(f) del Reglamento General de Protecci\u00f3n de Datos).<\/p>\n<\/li>\n<\/ul>\n<p class=\"p1\">(ii) Configuraci\u00f3n de las cookies<\/p>\n<p class=\"p1\">El presente Sitio Web utiliza las llamadas \u00abcookies\u00bb. Las cookies son peque\u00f1os archivos de texto que se almacenan en la memoria de tu terminal a trav\u00e9s del navegador. Almacenan cierta informaci\u00f3n (por ejemplo, el idioma preferido o la configuraci\u00f3n del sitio web) que tu navegador puede (dependiendo de la duraci\u00f3n de la cookie) retransmitirnos en tu pr\u00f3xima visita a nuestro sitio web.<\/p>\n<p><u>List of Cookies<\/u><\/p>\n<table>\n<tbody>\n<tr>\n<td width=\"121\"><strong>Name<\/strong><\/td>\n<td width=\"121\"><strong>Purpose<\/strong><\/td>\n<td width=\"121\"><strong>Lifespan<\/strong><\/td>\n<td width=\"121\"><strong>Provider<\/strong><\/td>\n<td width=\"121\"><strong>Type<\/strong><\/td>\n<\/tr>\n<tr>\n<td width=\"121\">visid_incap&#8230;<\/td>\n<td width=\"121\">cookies are part of the web application firewall<\/td>\n<td width=\"121\">1 month<\/td>\n<td width=\"121\">WordPress<\/td>\n<td width=\"121\">Necessary<\/td>\n<\/tr>\n<tr>\n<td width=\"121\">incap_ses&#8230;<\/td>\n<td width=\"121\">Wordfence in WordPress.<\/td>\n<td width=\"121\">Session<\/td>\n<td width=\"121\">WordPress<\/td>\n<td width=\"121\">Necessary<\/td>\n<\/tr>\n<tr>\n<td width=\"121\">_ga<\/td>\n<td width=\"121\">Google analytics<\/td>\n<td width=\"121\">2 years<\/td>\n<td width=\"121\">Google<\/td>\n<td width=\"121\">Non-necessary<\/td>\n<\/tr>\n<\/tbody>\n<\/table>\n<p>&nbsp;<\/p>\n<p class=\"p1\">Clasificamos las cookies de este Sitio Web en (1) cookies necesarias que son esenciales para las funcionalidades b\u00e1sicas del sitio web, y (2) cookies no necesarias que son opcionales y nos ayudan a analizar y comprender c\u00f3mo utiliza este sitio web.<\/p>\n<p class=\"p1\">Las cookies no necesarias est\u00e1n desactivadas por defecto. Puedes dar tu consentimiento (Art. 6(1)(a) del Reglamento General de Protecci\u00f3n de Datos) para habilitarlas utilizando el di\u00e1logo de Configuraci\u00f3n de Cookies de este Sitio Web. Puedes utilizar el mismo di\u00e1logo para retirar tu consentimiento y desactivar las cookies no necesarias.<\/p>\n<p class=\"p2\">Tambi\u00e9n puedes utilizar nuestro sitio web sin que se instale ninguna cookie. En tu navegador, puedes configurar o desactivar completamente el uso de cookies en cualquier momento. Sin embargo, todo ello puede conducir a una restricci\u00f3n de las funciones o tener efectos adversos en la facilidad de uso de nuestro sitio web.<\/p>\n<p class=\"p1\">(iii) An\u00e1lisis del sitio web con Google<\/p>\n<p class=\"p1\">Siempre y cuando contemos con tu consentimiento, (Art. 6(1)(a) del Reglamento General de Protecci\u00f3n de Datos), nuestro sitio web utiliza un servicio de an\u00e1lisis web de Google Inc, 1600 Amphitheatre Parkway, Mountain View, CA 94043, Estados Unidos (\u00ab<b>Google<\/b>\u00bb).<\/p>\n<p class=\"p1\">Google analizar\u00e1 el uso que hagas de nuestro sitio web en nuestro nombre. A tales efectos, utilizamos las cookies que se describen con m\u00e1s detalle en la tabla anterior. La informaci\u00f3n recopilada por Google en relaci\u00f3n con el uso que se haga de nuestro sitio web (a modo de ejemplo, la URL de referencia, las p\u00e1ginas web visitadas, tipo de navegador, configuraci\u00f3n de idioma, sistema operativo, resoluci\u00f3n de pantalla) se transmitir\u00e1 a un servidor de Google en los Estados Unidos, donde se almacenar\u00e1 y analizar\u00e1. Los resultados se pondr\u00e1n a nuestra disposici\u00f3n de forma an\u00f3nima. Los datos de uso no se conectar\u00e1n a tu direcci\u00f3n completa IP durante este proceso. Hemos activado en nuestro sitio web la funci\u00f3n de anonimizaci\u00f3n de IP ofrecida por Google, que eliminar\u00e1 los \u00faltimos 8 bits (tipo IPv4) o los \u00faltimos 80 bits (tipo IPv6) de su direcci\u00f3n IP despu\u00e9s de cada transferencia de datos a Google.<\/p>\n<p class=\"p2\">Puede retirarse el consentimiento para el uso de an\u00e1lisis web en cualquier momento, ya sea descargando e instalando el Plugin del Navegador de Google proporcionado o utilizando el di\u00e1logo de Configuraci\u00f3n de Cookies de este Sitio Web.<\/p>\n<p class=\"p1\">(iv) Uso de formularios de contacto<\/p>\n<p class=\"p1\">Puedes ponerte en contacto con nosotros directamente a trav\u00e9s de los formularios de contacto disponibles en nuestro sitio web. Puedes proporcionarnos la siguiente informaci\u00f3n:<\/p>\n<ul class=\"ul1\">\n<li class=\"li2\"><span class=\"s2\">Nombre<\/span><\/li>\n<li class=\"li2\"><span class=\"s2\">Direcci\u00f3n de correo electr\u00f3nico<\/span><\/li>\n<li class=\"li2\"><span class=\"s2\">Mensaje<\/span><\/li>\n<\/ul>\n<p class=\"p2\">Tratamos la informaci\u00f3n que se nos proporciona a trav\u00e9s de los formularios de contacto exclusivamente para la tramitaci\u00f3n de tu solicitud concreta (art. 6, apartado 1, letra b) del Reglamento general de protecci\u00f3n de datos). Eliminamos la informaci\u00f3n tan pronto como deja de ser necesaria para procesar o dar seguimiento a la solicitud.<\/p>\n<p><strong><em>A.2\u00a0 Transferencia de datos personales para su tratamiento por encargo<br \/>\n<\/em><\/strong><\/p>\n<p class=\"p1\">(i) Transferencia de datos a terceros<\/p>\n<p class=\"p2\">Para el tratamiento de tus datos personales, recurriremos cuando sea pertinente a contratistas de servicios especializados. Estos contratistas de servicios, a los que supervisamos con frecuencia, se seleccionan cuidadosamente. Sobre la base de los respectivos acuerdos de procesamiento de datos, \u00fanicamente se procesar\u00e1n los datos personales de conformidad con nuestras instrucciones y directivas.<\/p>\n<p class=\"p1\">Compartimos tus datos personales con los terceros siguientes:<\/p>\n<table>\n<tbody>\n<tr>\n<td width=\"302\"><strong>Terceras partes<\/strong><\/td>\n<td width=\"302\"><strong>Alcance y objeto de la transferencia<br \/>\n<\/strong><\/td>\n<\/tr>\n<tr>\n<td width=\"302\">Hume Brophy Communications<\/td>\n<td width=\"302\">Alojamiento y mantenimiento del sitio web<\/td>\n<\/tr>\n<tr>\n<td width=\"302\">knoell Germany GmbH<\/td>\n<td width=\"302\">Gestionar la comunicaci\u00f3n relacionada con el sitio web y los pedidos de estudios<\/td>\n<\/tr>\n<\/tbody>\n<\/table>\n<p>&nbsp;<\/p>\n<p class=\"p1\">(ii) Tratamiento de datos personales fuera de la UE \/ del EEE<\/p>\n<p class=\"p2\">Los datos personales tambi\u00e9n podr\u00e1n ser tratados en parte en pa\u00edses fuera de la Uni\u00f3n Europea (\u00abUE\u00bb) o del Espacio Econ\u00f3mico Europeo (\u00abEEE\u00bb), que pueden tener un nivel de protecci\u00f3n de datos inferior al de los pa\u00edses europeos. En estos casos, nos aseguraremos de que se proporcione un nivel de protecci\u00f3n suficiente a tus datos personales, a modo de ejemplo, mediante la celebraci\u00f3n de acuerdos espec\u00edficos con nuestros socios contractuales (copia disponible a petici\u00f3n), o solicitaremos su consentimiento expl\u00edcito para dicho tratamiento.<\/p>\n<p><strong>B.\u00a0Informaci\u00f3n relativa a tus derechos<br \/>\n<\/strong><\/p>\n<p class=\"p1\">Los derechos que figuran seguidamente estar\u00e1n por norma general a disposici\u00f3n de acuerdo con las leyes de privacidad de datos aplicables:<\/p>\n<ul class=\"ul1\">\n<li class=\"li2\"><span class=\"s2\">Derecho de informaci\u00f3n sobre tus datos personales que conservamos;<\/span><\/li>\n<li class=\"li2\"><span class=\"s2\">Derecho a solicitar la rectificaci\u00f3n, supresi\u00f3n o limitaci\u00f3n del tratamiento de sus datos personales;<\/span><\/li>\n<li class=\"li2\"><span class=\"s2\">Derecho a oponerse al tratamiento por raz\u00f3n de nuestro propio inter\u00e9s leg\u00edtimo, inter\u00e9s p\u00fablico o elaboraci\u00f3n de perfiles, a menos que podamos demostrar que existen razones imperiosas y justificadas por encima de tus intereses, derechos y libertades, o que dicho tratamiento se realiza a efectos de la afirmaci\u00f3n, el ejercicio o la defensa de reclamaciones legales;<\/span><\/li>\n<li class=\"li2\"><span class=\"s2\">Derecho a la portabilidad de los datos;<\/span><\/li>\n<li class=\"li2\"><span class=\"s2\">Derecho a presentar una reclamaci\u00f3n ante una autoridad de protecci\u00f3n de datos;<\/span><\/li>\n<\/ul>\n<p class=\"p2\">Puede retirarse en cualquier momento con efectos futuros el consentimiento para el tratamiento de los datos personales. Para m\u00e1s informaci\u00f3n, pueden consultarse los cap\u00edtulos anteriores que describen el tratamiento de datos personales sobre la base del consentimiento.<\/p>\n<p class=\"p1\">Si deseas ejercer tus derechos, puedes dirigir tu solicitud al contacto indicado a continuaci\u00f3n.<\/p>\n<p><strong>C. Contacto<\/strong><\/p>\n<p class=\"p1\">Para cualquier pregunta que pueda surgir respecto de la privacidad de los datos, puedes escribir un correo electr\u00f3nico a\u00a0<a href=\"mailto:privacy@glyphosate.eu\"><span class=\"s1\">privacy@glyphosate.eu<\/span><\/a><\/p>\n<p class=\"p2\">Si deseas ponerte en contacto con miembros concretos del Grupo de Renovaci\u00f3n del Glifosato, consulta los datos de contacto en nuestro\u00a0<a href=\"https:\/\/glyphosate.eu\/es\/imprimir\/\"><span class=\"s2\">imprint<\/span><\/a>.<\/p>\n<p><strong>D. Modificaci\u00f3n de la declaraci\u00f3n de confidencialidad<\/strong><\/p>\n<p class=\"p1\">Con cierta periodicidad, cabe la posibilidad de que actualicemos nuestra Declaraci\u00f3n de Privacidad. Las actualizaciones de nuestra Declaraci\u00f3n de Privacidad se publicar\u00e1n en nuestro Sitio Web. Las modificaciones entrar\u00e1n en vigor a partir de su publicaci\u00f3n en nuestro Sitio Web. Por lo tanto, te recomendamos que visites regularmente la web para mantenerte informado\/a sobre posibles actualizaciones.<\/p>\n<p class=\"p2\">\u00daltima actualizaci\u00f3n: 25.06.2020.<\/p>\n","protected":false},"excerpt":{"rendered":"<p>El Grupo de Renovaci\u00f3n del Glifosato (\u00abnosotros\u00bb) proporcionamos el presente sitio web (\u00abSitio web\u00bb). Para m\u00e1s informaci\u00f3n sobre el proveedor del Sitio Web, consulte nuestro\u00a0imprint. A. Tratamiento de datos personales A continuaci\u00f3n, exponemos la manera en que tratamos los datos personales cuando se hace uso de nuestro sitio web. A.1 Uso de nuestro Sitio Web&hellip;<\/p>\n","protected":false},"author":1,"featured_media":0,"parent":0,"menu_order":720,"comment_status":"closed","ping_status":"closed","template":"","meta":{"_acf_changed":false,"inline_featured_image":false,"footnotes":""},"class_list":["post-21176","page","type-page","status-publish","hentry"],"acf":[],"yoast_head":"<!-- This site is optimized with the Yoast SEO plugin v27.5 - https:\/\/yoast.com\/product\/yoast-seo-wordpress\/ -->\n<title>DECLARACI\u00d3N DE PRIVACIDAD Y COOKIES - Glyphosate Renewal Group<\/title>\n<meta name=\"robots\" content=\"index, follow, max-snippet:-1, max-image-preview:large, max-video-preview:-1\" \/>\n<link rel=\"canonical\" href=\"https:\/\/www.glyphosate.eu\/es\/declaracion-de-privacidad-y-cookies\/\" \/>\n<meta property=\"og:locale\" content=\"es_ES\" \/>\n<meta property=\"og:type\" content=\"article\" \/>\n<meta property=\"og:title\" content=\"DECLARACI\u00d3N DE PRIVACIDAD Y COOKIES - Glyphosate Renewal Group\" \/>\n<meta property=\"og:description\" content=\"El Grupo de Renovaci\u00f3n del Glifosato (\u00abnosotros\u00bb) proporcionamos el presente sitio web (\u00abSitio web\u00bb). Para m\u00e1s informaci\u00f3n sobre el proveedor del Sitio Web, consulte nuestro\u00a0imprint. A. Tratamiento de datos personales A continuaci\u00f3n, exponemos la manera en que tratamos los datos personales cuando se hace uso de nuestro sitio web. A.1 Uso de nuestro Sitio Web&hellip;\" \/>\n<meta property=\"og:url\" content=\"https:\/\/www.glyphosate.eu\/es\/declaracion-de-privacidad-y-cookies\/\" \/>\n<meta property=\"og:site_name\" content=\"Glyphosate Renewal Group\" \/>\n<meta property=\"article:modified_time\" content=\"2021-10-12T09:28:00+00:00\" \/>\n<meta name=\"twitter:card\" content=\"summary_large_image\" \/>\n<meta name=\"twitter:label1\" content=\"Est. reading time\" \/>\n\t<meta name=\"twitter:data1\" content=\"6 minutes\" \/>\n<script type=\"application\/ld+json\" class=\"yoast-schema-graph\">{\"@context\":\"https:\\\/\\\/schema.org\",\"@graph\":[{\"@type\":\"WebPage\",\"@id\":\"https:\\\/\\\/www.glyphosate.eu\\\/es\\\/declaracion-de-privacidad-y-cookies\\\/\",\"url\":\"https:\\\/\\\/www.glyphosate.eu\\\/es\\\/declaracion-de-privacidad-y-cookies\\\/\",\"name\":\"DECLARACI\u00d3N DE PRIVACIDAD Y COOKIES - Glyphosate Renewal Group\",\"isPartOf\":{\"@id\":\"https:\\\/\\\/www.glyphosate.eu\\\/#website\"},\"datePublished\":\"2021-09-30T08:06:28+00:00\",\"dateModified\":\"2021-10-12T09:28:00+00:00\",\"inLanguage\":\"es-ES\",\"potentialAction\":[{\"@type\":\"ReadAction\",\"target\":[\"https:\\\/\\\/www.glyphosate.eu\\\/es\\\/declaracion-de-privacidad-y-cookies\\\/\"]}]},{\"@type\":\"WebSite\",\"@id\":\"https:\\\/\\\/www.glyphosate.eu\\\/#website\",\"url\":\"https:\\\/\\\/www.glyphosate.eu\\\/\",\"name\":\"Glyphosate Renewal Group\",\"description\":\"Just another WordPress site\",\"potentialAction\":[{\"@type\":\"SearchAction\",\"target\":{\"@type\":\"EntryPoint\",\"urlTemplate\":\"https:\\\/\\\/www.glyphosate.eu\\\/?s={search_term_string}\"},\"query-input\":{\"@type\":\"PropertyValueSpecification\",\"valueRequired\":true,\"valueName\":\"search_term_string\"}}],\"inLanguage\":\"es-ES\"}]}<\/script>\n<!-- \/ Yoast SEO plugin. -->","yoast_head_json":{"title":"DECLARACI\u00d3N DE PRIVACIDAD Y COOKIES - Glyphosate Renewal Group","robots":{"index":"index","follow":"follow","max-snippet":"max-snippet:-1","max-image-preview":"max-image-preview:large","max-video-preview":"max-video-preview:-1"},"canonical":"https:\/\/www.glyphosate.eu\/es\/declaracion-de-privacidad-y-cookies\/","og_locale":"es_ES","og_type":"article","og_title":"DECLARACI\u00d3N DE PRIVACIDAD Y COOKIES - Glyphosate Renewal Group","og_description":"El Grupo de Renovaci\u00f3n del Glifosato (\u00abnosotros\u00bb) proporcionamos el presente sitio web (\u00abSitio web\u00bb). Para m\u00e1s informaci\u00f3n sobre el proveedor del Sitio Web, consulte nuestro\u00a0imprint. A. Tratamiento de datos personales A continuaci\u00f3n, exponemos la manera en que tratamos los datos personales cuando se hace uso de nuestro sitio web. A.1 Uso de nuestro Sitio Web&hellip;","og_url":"https:\/\/www.glyphosate.eu\/es\/declaracion-de-privacidad-y-cookies\/","og_site_name":"Glyphosate Renewal Group","article_modified_time":"2021-10-12T09:28:00+00:00","twitter_card":"summary_large_image","twitter_misc":{"Est. reading time":"6 minutes"},"schema":{"@context":"https:\/\/schema.org","@graph":[{"@type":"WebPage","@id":"https:\/\/www.glyphosate.eu\/es\/declaracion-de-privacidad-y-cookies\/","url":"https:\/\/www.glyphosate.eu\/es\/declaracion-de-privacidad-y-cookies\/","name":"DECLARACI\u00d3N DE PRIVACIDAD Y COOKIES - Glyphosate Renewal Group","isPartOf":{"@id":"https:\/\/www.glyphosate.eu\/#website"},"datePublished":"2021-09-30T08:06:28+00:00","dateModified":"2021-10-12T09:28:00+00:00","inLanguage":"es-ES","potentialAction":[{"@type":"ReadAction","target":["https:\/\/www.glyphosate.eu\/es\/declaracion-de-privacidad-y-cookies\/"]}]},{"@type":"WebSite","@id":"https:\/\/www.glyphosate.eu\/#website","url":"https:\/\/www.glyphosate.eu\/","name":"Glyphosate Renewal Group","description":"Just another WordPress site","potentialAction":[{"@type":"SearchAction","target":{"@type":"EntryPoint","urlTemplate":"https:\/\/www.glyphosate.eu\/?s={search_term_string}"},"query-input":{"@type":"PropertyValueSpecification","valueRequired":true,"valueName":"search_term_string"}}],"inLanguage":"es-ES"}]}},"_links":{"self":[{"href":"https:\/\/www.glyphosate.eu\/es\/wp-json\/wp\/v2\/pages\/21176","targetHints":{"allow":["GET"]}}],"collection":[{"href":"https:\/\/www.glyphosate.eu\/es\/wp-json\/wp\/v2\/pages"}],"about":[{"href":"https:\/\/www.glyphosate.eu\/es\/wp-json\/wp\/v2\/types\/page"}],"author":[{"embeddable":true,"href":"https:\/\/www.glyphosate.eu\/es\/wp-json\/wp\/v2\/users\/1"}],"replies":[{"embeddable":true,"href":"https:\/\/www.glyphosate.eu\/es\/wp-json\/wp\/v2\/comments?post=21176"}],"version-history":[{"count":4,"href":"https:\/\/www.glyphosate.eu\/es\/wp-json\/wp\/v2\/pages\/21176\/revisions"}],"predecessor-version":[{"id":22165,"href":"https:\/\/www.glyphosate.eu\/es\/wp-json\/wp\/v2\/pages\/21176\/revisions\/22165"}],"wp:attachment":[{"href":"https:\/\/www.glyphosate.eu\/es\/wp-json\/wp\/v2\/media?parent=21176"}],"curies":[{"name":"wp","href":"https:\/\/api.w.org\/{rel}","templated":true}]}}