{"id":19762,"date":"2021-09-12T19:46:42","date_gmt":"2021-09-12T18:46:42","guid":{"rendered":"https:\/\/www.glyphosate.eu\/?page_id=19762"},"modified":"2021-12-21T09:52:26","modified_gmt":"2021-12-21T09:52:26","slug":"aplicacion","status":"publish","type":"page","link":"https:\/\/www.glyphosate.eu\/es\/transparency\/aplicacion\/","title":{"rendered":"Aplicaci\u00f3n"},"content":{"rendered":"<p>La solicitud de renovaci\u00f3n de la sustancia activa glifosato fue presentada inicialmente el 12 de diciembre por el GRG a los Estados miembros evaluadores (AGG), la EFSA y la Comisi\u00f3n Europea. El plazo para presentar la solicitud era el 15 de diciembre de 2019, tres a\u00f1os antes de que venza la actual autorizaci\u00f3n del glifosato (15 de diciembre de 2022). El primer documento de solicitud, que se puede descargar en este sitio web, conten\u00eda informaci\u00f3n sobre los estudios nuevos y en curso. Adem\u00e1s, el GRG present\u00f3 solicitudes de protecci\u00f3n de datos de conformidad con el art\u00edculo 59 del Reglamento (UE) N.\u00ba 1107\/2009; el formato de la solicitud figura en el anexo del Reglamento (UE) N.\u00ba 844\/2012.<\/p>\n<p>Tras la revisi\u00f3n, los Estados miembros del AGG solicitaron algunas modificaciones en el documento de solicitud. El 23 de enero de 2020, el Grupo para la Renovaci\u00f3n del Glifosato proporcion\u00f3 a cada uno de los cuatro Estados miembros del AGG un nuevo documento de solicitud revisado de acuerdo con los comentarios del AGG. Tambi\u00e9n puede descargar el documento en esta p\u00e1gina web. Tras su revisi\u00f3n, los Estados miembros del AGG confirmaron la integridad y admisibilidad de la solicitud.<\/p>\n<p>Con posterioridad, el Grupo para la Renovaci\u00f3n del Glifosato comparti\u00f3 dos versiones actualizadas de la solicitud con los Estados miembros del AGG en los meses de mayo y julio respectivamente. Estas versiones proporcionan a las autoridades reguladoras del AGG informaci\u00f3n actualizada sobre el calendario de los nuevos estudios que a\u00fan est\u00e1n en curso. Estas dos versiones actualizadas de la Solicitud est\u00e1n disponibles para su descarga en esta p\u00e1gina.<\/p>\n<p>Contexto<\/p>\n<p>El glifosato est\u00e1 aprobado para su uso en la Uni\u00f3n Europea como sustancia activa en productos fitosanitarios hasta el 15 de diciembre de 2022. La solicitud de renovaci\u00f3n debe presentarse tres a\u00f1os antes de esta fecha de caducidad (15 de diciembre de 2019), seguida de un expediente completo en los seis meses siguientes (15 de junio de 2020). Seguidamente, el Grupo de Evaluaci\u00f3n del Glifosato (AGG), en calidad de Estado Miembro Ponente, iniciar\u00e1 una evaluaci\u00f3n cient\u00edfica exhaustiva.<\/p>\n<p>La revisi\u00f3n inminente de la aprobaci\u00f3n es un proceso normativo que tiene en cuenta los avances cient\u00edficos y tecnol\u00f3gicos y la experiencia adquirida desde la \u00faltima revisi\u00f3n de la sustancia activa. El glifosato se evaluar\u00e1 en t\u00e9rminos de seguridad para los seres humanos, los animales y el medioambiente.<\/p>\n","protected":false},"excerpt":{"rendered":"<p>La solicitud de renovaci\u00f3n de la sustancia activa glifosato fue presentada inicialmente el 12 de diciembre por el GRG a los Estados miembros evaluadores (AGG), la EFSA y la Comisi\u00f3n Europea. El plazo para presentar la solicitud era el 15 de diciembre de 2019, tres a\u00f1os antes de que venza la actual autorizaci\u00f3n del glifosato&hellip;<\/p>\n","protected":false},"author":1,"featured_media":0,"parent":18633,"menu_order":394,"comment_status":"closed","ping_status":"closed","template":"views\/template-application.blade.php","meta":{"_acf_changed":false,"inline_featured_image":false,"footnotes":""},"class_list":["post-19762","page","type-page","status-publish","hentry"],"acf":[],"yoast_head":"<!-- This site is optimized with the Yoast SEO plugin v27.4 - https:\/\/yoast.com\/product\/yoast-seo-wordpress\/ -->\n<title>Aplicaci\u00f3n - Glyphosate Renewal Group<\/title>\n<meta name=\"robots\" content=\"index, follow, max-snippet:-1, max-image-preview:large, max-video-preview:-1\" \/>\n<link rel=\"canonical\" href=\"https:\/\/www.glyphosate.eu\/es\/transparency\/aplicacion\/\" \/>\n<meta property=\"og:locale\" content=\"es_ES\" \/>\n<meta property=\"og:type\" content=\"article\" \/>\n<meta property=\"og:title\" content=\"Aplicaci\u00f3n - Glyphosate Renewal Group\" \/>\n<meta property=\"og:description\" content=\"La solicitud de renovaci\u00f3n de la sustancia activa glifosato fue presentada inicialmente el 12 de diciembre por el GRG a los Estados miembros evaluadores (AGG), la EFSA y la Comisi\u00f3n Europea. El plazo para presentar la solicitud era el 15 de diciembre de 2019, tres a\u00f1os antes de que venza la actual autorizaci\u00f3n del glifosato&hellip;\" \/>\n<meta property=\"og:url\" content=\"https:\/\/www.glyphosate.eu\/es\/transparency\/aplicacion\/\" \/>\n<meta property=\"og:site_name\" content=\"Glyphosate Renewal Group\" \/>\n<meta property=\"article:modified_time\" content=\"2021-12-21T09:52:26+00:00\" \/>\n<meta name=\"twitter:card\" content=\"summary_large_image\" \/>\n<meta name=\"twitter:label1\" content=\"Est. reading time\" \/>\n\t<meta name=\"twitter:data1\" content=\"2 minutes\" \/>\n<script type=\"application\/ld+json\" class=\"yoast-schema-graph\">{\"@context\":\"https:\\\/\\\/schema.org\",\"@graph\":[{\"@type\":\"WebPage\",\"@id\":\"https:\\\/\\\/www.glyphosate.eu\\\/es\\\/transparency\\\/aplicacion\\\/\",\"url\":\"https:\\\/\\\/www.glyphosate.eu\\\/es\\\/transparency\\\/aplicacion\\\/\",\"name\":\"Aplicaci\u00f3n - Glyphosate Renewal Group\",\"isPartOf\":{\"@id\":\"https:\\\/\\\/www.glyphosate.eu\\\/#website\"},\"datePublished\":\"2021-09-12T18:46:42+00:00\",\"dateModified\":\"2021-12-21T09:52:26+00:00\",\"breadcrumb\":{\"@id\":\"https:\\\/\\\/www.glyphosate.eu\\\/es\\\/transparency\\\/aplicacion\\\/#breadcrumb\"},\"inLanguage\":\"es-ES\",\"potentialAction\":[{\"@type\":\"ReadAction\",\"target\":[\"https:\\\/\\\/www.glyphosate.eu\\\/es\\\/transparency\\\/aplicacion\\\/\"]}]},{\"@type\":\"BreadcrumbList\",\"@id\":\"https:\\\/\\\/www.glyphosate.eu\\\/es\\\/transparency\\\/aplicacion\\\/#breadcrumb\",\"itemListElement\":[{\"@type\":\"ListItem\",\"position\":1,\"name\":\"Transparencia\",\"item\":\"https:\\\/\\\/www.glyphosate.eu\\\/es\\\/transparency\\\/\"},{\"@type\":\"ListItem\",\"position\":2,\"name\":\"Aplicaci\u00f3n\"}]},{\"@type\":\"WebSite\",\"@id\":\"https:\\\/\\\/www.glyphosate.eu\\\/#website\",\"url\":\"https:\\\/\\\/www.glyphosate.eu\\\/\",\"name\":\"Glyphosate Renewal Group\",\"description\":\"Just another WordPress site\",\"potentialAction\":[{\"@type\":\"SearchAction\",\"target\":{\"@type\":\"EntryPoint\",\"urlTemplate\":\"https:\\\/\\\/www.glyphosate.eu\\\/?s={search_term_string}\"},\"query-input\":{\"@type\":\"PropertyValueSpecification\",\"valueRequired\":true,\"valueName\":\"search_term_string\"}}],\"inLanguage\":\"es-ES\"}]}<\/script>\n<!-- \/ Yoast SEO plugin. -->","yoast_head_json":{"title":"Aplicaci\u00f3n - Glyphosate Renewal Group","robots":{"index":"index","follow":"follow","max-snippet":"max-snippet:-1","max-image-preview":"max-image-preview:large","max-video-preview":"max-video-preview:-1"},"canonical":"https:\/\/www.glyphosate.eu\/es\/transparency\/aplicacion\/","og_locale":"es_ES","og_type":"article","og_title":"Aplicaci\u00f3n - Glyphosate Renewal Group","og_description":"La solicitud de renovaci\u00f3n de la sustancia activa glifosato fue presentada inicialmente el 12 de diciembre por el GRG a los Estados miembros evaluadores (AGG), la EFSA y la Comisi\u00f3n Europea. El plazo para presentar la solicitud era el 15 de diciembre de 2019, tres a\u00f1os antes de que venza la actual autorizaci\u00f3n del glifosato&hellip;","og_url":"https:\/\/www.glyphosate.eu\/es\/transparency\/aplicacion\/","og_site_name":"Glyphosate Renewal Group","article_modified_time":"2021-12-21T09:52:26+00:00","twitter_card":"summary_large_image","twitter_misc":{"Est. reading time":"2 minutes"},"schema":{"@context":"https:\/\/schema.org","@graph":[{"@type":"WebPage","@id":"https:\/\/www.glyphosate.eu\/es\/transparency\/aplicacion\/","url":"https:\/\/www.glyphosate.eu\/es\/transparency\/aplicacion\/","name":"Aplicaci\u00f3n - Glyphosate Renewal Group","isPartOf":{"@id":"https:\/\/www.glyphosate.eu\/#website"},"datePublished":"2021-09-12T18:46:42+00:00","dateModified":"2021-12-21T09:52:26+00:00","breadcrumb":{"@id":"https:\/\/www.glyphosate.eu\/es\/transparency\/aplicacion\/#breadcrumb"},"inLanguage":"es-ES","potentialAction":[{"@type":"ReadAction","target":["https:\/\/www.glyphosate.eu\/es\/transparency\/aplicacion\/"]}]},{"@type":"BreadcrumbList","@id":"https:\/\/www.glyphosate.eu\/es\/transparency\/aplicacion\/#breadcrumb","itemListElement":[{"@type":"ListItem","position":1,"name":"Transparencia","item":"https:\/\/www.glyphosate.eu\/es\/transparency\/"},{"@type":"ListItem","position":2,"name":"Aplicaci\u00f3n"}]},{"@type":"WebSite","@id":"https:\/\/www.glyphosate.eu\/#website","url":"https:\/\/www.glyphosate.eu\/","name":"Glyphosate Renewal Group","description":"Just another WordPress site","potentialAction":[{"@type":"SearchAction","target":{"@type":"EntryPoint","urlTemplate":"https:\/\/www.glyphosate.eu\/?s={search_term_string}"},"query-input":{"@type":"PropertyValueSpecification","valueRequired":true,"valueName":"search_term_string"}}],"inLanguage":"es-ES"}]}},"_links":{"self":[{"href":"https:\/\/www.glyphosate.eu\/es\/wp-json\/wp\/v2\/pages\/19762","targetHints":{"allow":["GET"]}}],"collection":[{"href":"https:\/\/www.glyphosate.eu\/es\/wp-json\/wp\/v2\/pages"}],"about":[{"href":"https:\/\/www.glyphosate.eu\/es\/wp-json\/wp\/v2\/types\/page"}],"author":[{"embeddable":true,"href":"https:\/\/www.glyphosate.eu\/es\/wp-json\/wp\/v2\/users\/1"}],"replies":[{"embeddable":true,"href":"https:\/\/www.glyphosate.eu\/es\/wp-json\/wp\/v2\/comments?post=19762"}],"version-history":[{"count":5,"href":"https:\/\/www.glyphosate.eu\/es\/wp-json\/wp\/v2\/pages\/19762\/revisions"}],"predecessor-version":[{"id":26797,"href":"https:\/\/www.glyphosate.eu\/es\/wp-json\/wp\/v2\/pages\/19762\/revisions\/26797"}],"up":[{"embeddable":true,"href":"https:\/\/www.glyphosate.eu\/es\/wp-json\/wp\/v2\/pages\/18633"}],"wp:attachment":[{"href":"https:\/\/www.glyphosate.eu\/es\/wp-json\/wp\/v2\/media?parent=19762"}],"curies":[{"name":"wp","href":"https:\/\/api.w.org\/{rel}","templated":true}]}}