{"id":18681,"date":"2021-08-05T18:24:43","date_gmt":"2021-08-05T17:24:43","guid":{"rendered":"https:\/\/www.glyphosate.eu\/informacion-util\/"},"modified":"2021-10-06T15:27:49","modified_gmt":"2021-10-06T14:27:49","slug":"informacion-util","status":"publish","type":"page","link":"https:\/\/www.glyphosate.eu\/es\/informacion-util\/","title":{"rendered":"Informaci\u00f3n \u00fatil"},"content":{"rendered":"<p>Los herbicidas a base de glifosato, cuando se utilizan siguiendo las instrucciones de la etiqueta, son una herramienta segura y eficaz para controlar las malas hierbas que pondr\u00edan en peligro la producci\u00f3n agr\u00edcola, ya que, en concreto, supondr\u00edan una reducci\u00f3n de la productividad y la calidad de los cultivos, as\u00ed como de las plantas, que perjudicar\u00edan la seguridad, la estabilidad y la usabilidad de las v\u00edas f\u00e9rreas, las carreteras, las presas, los pasos elevados, etc. Si las malas hierbas no se controlan de forma eficaz, puede generarse un incremento de los costes de producci\u00f3n o p\u00e9rdidas de cosecha, lo que afecta negativamente a los ingresos del agricultor.<\/p>\n<p>Los herbicidas a base de glifosato se empezaron a emplear en 1974 y se han utilizado de forma segura desde entonces. En la agricultura, se aplican en una amplia gama de cultivos y zonas de pastos.<\/p>\n<p>El glifosato ha contribuido hist\u00f3ricamente a la mejora del estado y la biodiversidad del suelo, lo que ha permitido suprimir o reducir en gran medida las pr\u00e1cticas agr\u00edcolas de laboreo. El uso de productos a base de glifosato tambi\u00e9n contribuye a prevenir la erosi\u00f3n del suelo, a reducir las emisiones de gases de efecto invernadero y a preservar m\u00e1s tierras para h\u00e1bitats aut\u00f3ctonos.<\/p>\n","protected":false},"excerpt":{"rendered":"<p>Los herbicidas a base de glifosato, cuando se utilizan siguiendo las instrucciones de la etiqueta, son una herramienta segura y eficaz para controlar las malas hierbas que pondr\u00edan en peligro la producci\u00f3n agr\u00edcola, ya que, en concreto, supondr\u00edan una reducci\u00f3n de la productividad y la calidad de los cultivos, as\u00ed como de las plantas, que&hellip;<\/p>\n","protected":false},"author":1,"featured_media":0,"parent":0,"menu_order":515,"comment_status":"closed","ping_status":"closed","template":"views\/template-transparency.blade.php","meta":{"_acf_changed":false,"inline_featured_image":false,"footnotes":""},"class_list":["post-18681","page","type-page","status-publish","hentry"],"acf":[],"yoast_head":"<!-- This site is optimized with the Yoast SEO plugin v27.4 - https:\/\/yoast.com\/product\/yoast-seo-wordpress\/ -->\n<title>Information | Glyphosate Renewal Group<\/title>\n<meta name=\"description\" content=\"Glyphosate is a chemical substance, when used as indicated by the label, is a safe and effective tool to control weeds. Learn more information with GRG.\" \/>\n<meta name=\"robots\" content=\"index, follow, max-snippet:-1, max-image-preview:large, max-video-preview:-1\" \/>\n<link rel=\"canonical\" href=\"https:\/\/www.glyphosate.eu\/es\/informacion-util\/\" \/>\n<meta property=\"og:locale\" content=\"es_ES\" \/>\n<meta property=\"og:type\" content=\"article\" \/>\n<meta property=\"og:title\" content=\"Information | Glyphosate Renewal Group\" \/>\n<meta property=\"og:description\" content=\"Glyphosate is a chemical substance, when used as indicated by the label, is a safe and effective tool to control weeds. Learn more information with GRG.\" \/>\n<meta property=\"og:url\" content=\"https:\/\/www.glyphosate.eu\/es\/informacion-util\/\" \/>\n<meta property=\"og:site_name\" content=\"Glyphosate Renewal Group\" \/>\n<meta property=\"article:modified_time\" content=\"2021-10-06T14:27:49+00:00\" \/>\n<meta name=\"twitter:card\" content=\"summary_large_image\" \/>\n<meta name=\"twitter:label1\" content=\"Est. reading time\" \/>\n\t<meta name=\"twitter:data1\" content=\"1 minute\" \/>\n<script type=\"application\/ld+json\" class=\"yoast-schema-graph\">{\"@context\":\"https:\\\/\\\/schema.org\",\"@graph\":[{\"@type\":\"WebPage\",\"@id\":\"https:\\\/\\\/www.glyphosate.eu\\\/es\\\/informacion-util\\\/\",\"url\":\"https:\\\/\\\/www.glyphosate.eu\\\/es\\\/informacion-util\\\/\",\"name\":\"Information | Glyphosate Renewal Group\",\"isPartOf\":{\"@id\":\"https:\\\/\\\/www.glyphosate.eu\\\/#website\"},\"datePublished\":\"2021-08-05T17:24:43+00:00\",\"dateModified\":\"2021-10-06T14:27:49+00:00\",\"description\":\"Glyphosate is a chemical substance, when used as indicated by the label, is a safe and effective tool to control weeds. Learn more information with GRG.\",\"inLanguage\":\"es-ES\",\"potentialAction\":[{\"@type\":\"ReadAction\",\"target\":[\"https:\\\/\\\/www.glyphosate.eu\\\/es\\\/informacion-util\\\/\"]}]},{\"@type\":\"WebSite\",\"@id\":\"https:\\\/\\\/www.glyphosate.eu\\\/#website\",\"url\":\"https:\\\/\\\/www.glyphosate.eu\\\/\",\"name\":\"Glyphosate Renewal Group\",\"description\":\"Just another WordPress site\",\"potentialAction\":[{\"@type\":\"SearchAction\",\"target\":{\"@type\":\"EntryPoint\",\"urlTemplate\":\"https:\\\/\\\/www.glyphosate.eu\\\/?s={search_term_string}\"},\"query-input\":{\"@type\":\"PropertyValueSpecification\",\"valueRequired\":true,\"valueName\":\"search_term_string\"}}],\"inLanguage\":\"es-ES\"}]}<\/script>\n<!-- \/ Yoast SEO plugin. -->","yoast_head_json":{"title":"Information | Glyphosate Renewal Group","description":"Glyphosate is a chemical substance, when used as indicated by the label, is a safe and effective tool to control weeds. Learn more information with GRG.","robots":{"index":"index","follow":"follow","max-snippet":"max-snippet:-1","max-image-preview":"max-image-preview:large","max-video-preview":"max-video-preview:-1"},"canonical":"https:\/\/www.glyphosate.eu\/es\/informacion-util\/","og_locale":"es_ES","og_type":"article","og_title":"Information | Glyphosate Renewal Group","og_description":"Glyphosate is a chemical substance, when used as indicated by the label, is a safe and effective tool to control weeds. Learn more information with GRG.","og_url":"https:\/\/www.glyphosate.eu\/es\/informacion-util\/","og_site_name":"Glyphosate Renewal Group","article_modified_time":"2021-10-06T14:27:49+00:00","twitter_card":"summary_large_image","twitter_misc":{"Est. reading time":"1 minute"},"schema":{"@context":"https:\/\/schema.org","@graph":[{"@type":"WebPage","@id":"https:\/\/www.glyphosate.eu\/es\/informacion-util\/","url":"https:\/\/www.glyphosate.eu\/es\/informacion-util\/","name":"Information | Glyphosate Renewal Group","isPartOf":{"@id":"https:\/\/www.glyphosate.eu\/#website"},"datePublished":"2021-08-05T17:24:43+00:00","dateModified":"2021-10-06T14:27:49+00:00","description":"Glyphosate is a chemical substance, when used as indicated by the label, is a safe and effective tool to control weeds. Learn more information with GRG.","inLanguage":"es-ES","potentialAction":[{"@type":"ReadAction","target":["https:\/\/www.glyphosate.eu\/es\/informacion-util\/"]}]},{"@type":"WebSite","@id":"https:\/\/www.glyphosate.eu\/#website","url":"https:\/\/www.glyphosate.eu\/","name":"Glyphosate Renewal Group","description":"Just another WordPress site","potentialAction":[{"@type":"SearchAction","target":{"@type":"EntryPoint","urlTemplate":"https:\/\/www.glyphosate.eu\/?s={search_term_string}"},"query-input":{"@type":"PropertyValueSpecification","valueRequired":true,"valueName":"search_term_string"}}],"inLanguage":"es-ES"}]}},"_links":{"self":[{"href":"https:\/\/www.glyphosate.eu\/es\/wp-json\/wp\/v2\/pages\/18681","targetHints":{"allow":["GET"]}}],"collection":[{"href":"https:\/\/www.glyphosate.eu\/es\/wp-json\/wp\/v2\/pages"}],"about":[{"href":"https:\/\/www.glyphosate.eu\/es\/wp-json\/wp\/v2\/types\/page"}],"author":[{"embeddable":true,"href":"https:\/\/www.glyphosate.eu\/es\/wp-json\/wp\/v2\/users\/1"}],"replies":[{"embeddable":true,"href":"https:\/\/www.glyphosate.eu\/es\/wp-json\/wp\/v2\/comments?post=18681"}],"version-history":[{"count":4,"href":"https:\/\/www.glyphosate.eu\/es\/wp-json\/wp\/v2\/pages\/18681\/revisions"}],"predecessor-version":[{"id":21989,"href":"https:\/\/www.glyphosate.eu\/es\/wp-json\/wp\/v2\/pages\/18681\/revisions\/21989"}],"wp:attachment":[{"href":"https:\/\/www.glyphosate.eu\/es\/wp-json\/wp\/v2\/media?parent=18681"}],"curies":[{"name":"wp","href":"https:\/\/api.w.org\/{rel}","templated":true}]}}