{"id":18669,"date":"2021-08-05T18:21:11","date_gmt":"2021-08-05T17:21:11","guid":{"rendered":"https:\/\/www.glyphosate.eu\/proceso-de-autorizacion\/"},"modified":"2021-10-06T15:33:46","modified_gmt":"2021-10-06T14:33:46","slug":"proceso-de-autorizacion","status":"publish","type":"page","link":"https:\/\/www.glyphosate.eu\/es\/proceso-de-autorizacion\/","title":{"rendered":"Proceso de autorizaci\u00f3n"},"content":{"rendered":"<p><span style=\"font-weight: 400;\">El glifosato est\u00e1 aprobado en la UE hasta el 15 de diciembre de 2022. La autorizaci\u00f3n de la UE para el uso de glifosato en herbicidas se fundamenta en un s\u00f3lido proceso que requiere un examen cient\u00edfico exhaustivo por parte de m\u00faltiples entidades competentes y expertas.<\/span><\/p>\n<p><span style=\"font-weight: 400;\">El 12 de diciembre de 2017, la Comisi\u00f3n renov\u00f3 la aprobaci\u00f3n del glifosato en la UE durante un plazo de 5 a\u00f1os, tras el voto favorable de una mayor\u00eda cualificada de Estados miembros. Todo ello significa que el glifosato puede utilizarse en la UE como sustancia activa en productos fitosanitarios hasta el 15 de diciembre de 2022. No obstante, cada producto fitosanitario debe ser autorizado por las autoridades competentes de los pa\u00edses de la UE tras evaluarse su seguridad.\u00a0<\/span><\/p>\n<p><span style=\"font-weight: 400;\">De conformidad con la legislaci\u00f3n de la UE, la aprobaci\u00f3n de todas las sustancias activas debe ser revisada peri\u00f3dicamente; por lo general, un Estado miembro de la UE (denominado Ponente) se hace cargo de la evaluaci\u00f3n cient\u00edfica de la sustancia activa. Seguidamente, las autoridades competentes de todos los dem\u00e1s Estados miembros de la UE aprueban la validaci\u00f3n. La Autoridad Europea de Seguridad Alimentaria (EFSA) supervisa el conjunto del proceso. <strong><a href=\"https:\/\/ec.europa.eu\/assets\/sante\/food\/plants\/pesticides\/lop\/index.html\">Pinche aqu\u00ed<\/a><\/strong> para consultar una descripci\u00f3n completa del proceso que sigue la UE para la aprobaci\u00f3n de sustancias activas y la autorizaci\u00f3n de productos fitosanitarios.<\/span><\/p>\n<p><span style=\"font-weight: 400;\">En el caso del glifosato, debido al gran n\u00famero de estudios cient\u00edficos que deben evaluarse y a la enorme carga de trabajo que conlleva, los Estados miembros acordaron que un grupo de ellos actuara conjuntamente como Ponente: Francia, Hungr\u00eda, Pa\u00edses Bajos y Suecia. Estos cuatro pa\u00edses forman el llamado Grupo de Evaluaci\u00f3n del Glifosato (en ingl\u00e9s, AGG), creado en abril de 2019.<\/span><\/p>\n<p><span style=\"font-weight: 400;\">De acuerdo con las normas de la UE, tres a\u00f1os antes de que expire la aprobaci\u00f3n (en nuestro caso antes del 15 de diciembre de 2019), las empresas que deseen mantener la aprobaci\u00f3n del glifosato tienen que presentar a la Comisi\u00f3n Europea una solicitud de renovaci\u00f3n. Seguidamente, antes del 15 de junio de 2020, debe presentarse a los Estados miembros evaluadores (AGG) y a la Autoridad Europea de Seguridad Alimentaria (EFSA) un dossier compuesto por cientos de estudios y miles de art\u00edculos cient\u00edficos sobre el glifosato, su seguridad y usos. Tras comprobar que el dossier est\u00e1 completo, las autoridades nacionales competentes de los Estados miembros del Grupo de Evaluaci\u00f3n de Glifosato evaluar\u00e1n los estudios y art\u00edculos cient\u00edficos que forman el dossier y elaborar\u00e1n un proyecto de Informe de Evaluaci\u00f3n de la Renovaci\u00f3n (en ingl\u00e9s, RAR). Teniendo en cuenta el calendario previsto por las normas de la UE, en el caso del glifosato el RAR deber\u00eda estar listo en julio de 2021. Llegados a ese punto, se inicia un periodo de consultas p\u00fablicas: cualquier persona tiene la posibilidad de hacer comentarios online sobre el contenido del RAR.<\/span><\/p>\n<p><span style=\"font-weight: 400;\">A continuaci\u00f3n, el informe se env\u00eda a la EFSA y a los dem\u00e1s Estados miembros de la UE para su revisi\u00f3n por pares. Al t\u00e9rmino de dicha tarea, la EFSA publica sus conclusiones sobre la seguridad del glifosato y las env\u00eda a la Direcci\u00f3n General de Salud y Seguridad Alimentaria de la Comisi\u00f3n Europea.<\/span><\/p>\n<p><span style=\"font-weight: 400;\">Bas\u00e1ndose en las conclusiones cient\u00edficas de la EFSA, la Comisi\u00f3n Europea elabora una propuesta legislativa para renovar o no renovar la aprobaci\u00f3n del glifosato. Esta propuesta legislativa se debate en un Comit\u00e9 presidido por la Comisi\u00f3n Europea en el que participan expertos de todos los Estados miembros de la UE. Y son esos expertos quienes por \u00faltimo deciden mediante votaci\u00f3n si el glifosato debe volver a aprobarse en la UE. El voto positivo requiere una mayor\u00eda cualificada de Estados miembros que voten a favor de la sustancia activa glifosato. Tambi\u00e9n puede consultar informaci\u00f3n sobre los requisitos de aprobaci\u00f3n pinchando\u00a0<\/span><a href=\"https:\/\/www.consilium.europa.eu\/en\/council-eu\/voting-system\/qualified-majority\/\"><span style=\"font-weight: 400;\">aqu\u00ed<\/span><\/a><span style=\"font-weight: 400;\">.<\/span><\/p>\n<p><span style=\"font-weight: 400;\">En cualquier caso habr\u00e1 que esperar a que se renueve la aprobaci\u00f3n de una sustancia activa para que los productos que la contienen puedan ser (re)aprobados en cada Estado miembro para los usos previstos.<\/span><\/p>\n","protected":false},"excerpt":{"rendered":"<p>El glifosato est\u00e1 aprobado en la UE hasta el 15 de diciembre de 2022. La autorizaci\u00f3n de la UE para el uso de glifosato en herbicidas se fundamenta en un s\u00f3lido proceso que requiere un examen cient\u00edfico exhaustivo por parte de m\u00faltiples entidades competentes y expertas. El 12 de diciembre de 2017, la Comisi\u00f3n renov\u00f3&hellip;<\/p>\n","protected":false},"author":1,"featured_media":0,"parent":0,"menu_order":476,"comment_status":"closed","ping_status":"closed","template":"views\/template-auth-process.blade.php","meta":{"_acf_changed":false,"inline_featured_image":false,"footnotes":""},"class_list":["post-18669","page","type-page","status-publish","hentry"],"acf":[],"yoast_head":"<!-- This site is optimized with the Yoast SEO plugin v27.3 - https:\/\/yoast.com\/product\/yoast-seo-wordpress\/ -->\n<title>Authorisation Process | Glyphosate Renewal Group<\/title>\n<meta name=\"description\" content=\"El 12 de diciembre de 2017, la Comisi\u00f3n renov\u00f3 la aprobaci\u00f3n del glifosato en la UE durante un plazo de 5 a\u00f1os, tras el voto favorable de una mayor\u00eda cualificada de Estados miembros. Todo ello significa que el glifosato puede utilizarse en la UE como sustancia activa en productos fitosanitarios hasta el 15 de diciembre de 2022. De conformidad con la legislaci\u00f3n de la UE, la aprobaci\u00f3n de todas las sustancias activas debe ser revisada peri\u00f3dicamente; por lo general, un Estado miembro de la UE (denominado Ponente) se hace cargo de la evaluaci\u00f3n cienOfica de la sustancia activa.\" \/>\n<meta name=\"robots\" content=\"index, follow, max-snippet:-1, max-image-preview:large, max-video-preview:-1\" \/>\n<link rel=\"canonical\" href=\"https:\/\/www.glyphosate.eu\/es\/proceso-de-autorizacion\/\" \/>\n<meta property=\"og:locale\" content=\"es_ES\" \/>\n<meta property=\"og:type\" content=\"article\" \/>\n<meta property=\"og:title\" content=\"Authorisation Process | Glyphosate Renewal Group\" \/>\n<meta property=\"og:description\" content=\"El 12 de diciembre de 2017, la Comisi\u00f3n renov\u00f3 la aprobaci\u00f3n del glifosato en la UE durante un plazo de 5 a\u00f1os, tras el voto favorable de una mayor\u00eda cualificada de Estados miembros. Todo ello significa que el glifosato puede utilizarse en la UE como sustancia activa en productos fitosanitarios hasta el 15 de diciembre de 2022. De conformidad con la legislaci\u00f3n de la UE, la aprobaci\u00f3n de todas las sustancias activas debe ser revisada peri\u00f3dicamente; por lo general, un Estado miembro de la UE (denominado Ponente) se hace cargo de la evaluaci\u00f3n cienOfica de la sustancia activa.\" \/>\n<meta property=\"og:url\" content=\"https:\/\/www.glyphosate.eu\/es\/proceso-de-autorizacion\/\" \/>\n<meta property=\"og:site_name\" content=\"Glyphosate Renewal Group\" \/>\n<meta property=\"article:modified_time\" content=\"2021-10-06T14:33:46+00:00\" \/>\n<meta name=\"twitter:card\" content=\"summary_large_image\" \/>\n<meta name=\"twitter:label1\" content=\"Est. reading time\" \/>\n\t<meta name=\"twitter:data1\" content=\"3 minutes\" \/>\n<script type=\"application\/ld+json\" class=\"yoast-schema-graph\">{\"@context\":\"https:\\\/\\\/schema.org\",\"@graph\":[{\"@type\":\"WebPage\",\"@id\":\"https:\\\/\\\/www.glyphosate.eu\\\/es\\\/proceso-de-autorizacion\\\/\",\"url\":\"https:\\\/\\\/www.glyphosate.eu\\\/es\\\/proceso-de-autorizacion\\\/\",\"name\":\"Authorisation Process | Glyphosate Renewal Group\",\"isPartOf\":{\"@id\":\"https:\\\/\\\/www.glyphosate.eu\\\/#website\"},\"datePublished\":\"2021-08-05T17:21:11+00:00\",\"dateModified\":\"2021-10-06T14:33:46+00:00\",\"description\":\"El 12 de diciembre de 2017, la Comisi\u00f3n renov\u00f3 la aprobaci\u00f3n del glifosato en la UE durante un plazo de 5 a\u00f1os, tras el voto favorable de una mayor\u00eda cualificada de Estados miembros. Todo ello significa que el glifosato puede utilizarse en la UE como sustancia activa en productos fitosanitarios hasta el 15 de diciembre de 2022. De conformidad con la legislaci\u00f3n de la UE, la aprobaci\u00f3n de todas las sustancias activas debe ser revisada peri\u00f3dicamente; por lo general, un Estado miembro de la UE (denominado Ponente) se hace cargo de la evaluaci\u00f3n cienOfica de la sustancia activa.\",\"inLanguage\":\"es-ES\",\"potentialAction\":[{\"@type\":\"ReadAction\",\"target\":[\"https:\\\/\\\/www.glyphosate.eu\\\/es\\\/proceso-de-autorizacion\\\/\"]}]},{\"@type\":\"WebSite\",\"@id\":\"https:\\\/\\\/www.glyphosate.eu\\\/#website\",\"url\":\"https:\\\/\\\/www.glyphosate.eu\\\/\",\"name\":\"Glyphosate Renewal Group\",\"description\":\"Just another WordPress site\",\"potentialAction\":[{\"@type\":\"SearchAction\",\"target\":{\"@type\":\"EntryPoint\",\"urlTemplate\":\"https:\\\/\\\/www.glyphosate.eu\\\/?s={search_term_string}\"},\"query-input\":{\"@type\":\"PropertyValueSpecification\",\"valueRequired\":true,\"valueName\":\"search_term_string\"}}],\"inLanguage\":\"es-ES\"}]}<\/script>\n<!-- \/ Yoast SEO plugin. -->","yoast_head_json":{"title":"Authorisation Process | Glyphosate Renewal Group","description":"El 12 de diciembre de 2017, la Comisi\u00f3n renov\u00f3 la aprobaci\u00f3n del glifosato en la UE durante un plazo de 5 a\u00f1os, tras el voto favorable de una mayor\u00eda cualificada de Estados miembros. Todo ello significa que el glifosato puede utilizarse en la UE como sustancia activa en productos fitosanitarios hasta el 15 de diciembre de 2022. De conformidad con la legislaci\u00f3n de la UE, la aprobaci\u00f3n de todas las sustancias activas debe ser revisada peri\u00f3dicamente; por lo general, un Estado miembro de la UE (denominado Ponente) se hace cargo de la evaluaci\u00f3n cienOfica de la sustancia activa.","robots":{"index":"index","follow":"follow","max-snippet":"max-snippet:-1","max-image-preview":"max-image-preview:large","max-video-preview":"max-video-preview:-1"},"canonical":"https:\/\/www.glyphosate.eu\/es\/proceso-de-autorizacion\/","og_locale":"es_ES","og_type":"article","og_title":"Authorisation Process | Glyphosate Renewal Group","og_description":"El 12 de diciembre de 2017, la Comisi\u00f3n renov\u00f3 la aprobaci\u00f3n del glifosato en la UE durante un plazo de 5 a\u00f1os, tras el voto favorable de una mayor\u00eda cualificada de Estados miembros. Todo ello significa que el glifosato puede utilizarse en la UE como sustancia activa en productos fitosanitarios hasta el 15 de diciembre de 2022. De conformidad con la legislaci\u00f3n de la UE, la aprobaci\u00f3n de todas las sustancias activas debe ser revisada peri\u00f3dicamente; por lo general, un Estado miembro de la UE (denominado Ponente) se hace cargo de la evaluaci\u00f3n cienOfica de la sustancia activa.","og_url":"https:\/\/www.glyphosate.eu\/es\/proceso-de-autorizacion\/","og_site_name":"Glyphosate Renewal Group","article_modified_time":"2021-10-06T14:33:46+00:00","twitter_card":"summary_large_image","twitter_misc":{"Est. reading time":"3 minutes"},"schema":{"@context":"https:\/\/schema.org","@graph":[{"@type":"WebPage","@id":"https:\/\/www.glyphosate.eu\/es\/proceso-de-autorizacion\/","url":"https:\/\/www.glyphosate.eu\/es\/proceso-de-autorizacion\/","name":"Authorisation Process | Glyphosate Renewal Group","isPartOf":{"@id":"https:\/\/www.glyphosate.eu\/#website"},"datePublished":"2021-08-05T17:21:11+00:00","dateModified":"2021-10-06T14:33:46+00:00","description":"El 12 de diciembre de 2017, la Comisi\u00f3n renov\u00f3 la aprobaci\u00f3n del glifosato en la UE durante un plazo de 5 a\u00f1os, tras el voto favorable de una mayor\u00eda cualificada de Estados miembros. Todo ello significa que el glifosato puede utilizarse en la UE como sustancia activa en productos fitosanitarios hasta el 15 de diciembre de 2022. De conformidad con la legislaci\u00f3n de la UE, la aprobaci\u00f3n de todas las sustancias activas debe ser revisada peri\u00f3dicamente; por lo general, un Estado miembro de la UE (denominado Ponente) se hace cargo de la evaluaci\u00f3n cienOfica de la sustancia activa.","inLanguage":"es-ES","potentialAction":[{"@type":"ReadAction","target":["https:\/\/www.glyphosate.eu\/es\/proceso-de-autorizacion\/"]}]},{"@type":"WebSite","@id":"https:\/\/www.glyphosate.eu\/#website","url":"https:\/\/www.glyphosate.eu\/","name":"Glyphosate Renewal Group","description":"Just another WordPress site","potentialAction":[{"@type":"SearchAction","target":{"@type":"EntryPoint","urlTemplate":"https:\/\/www.glyphosate.eu\/?s={search_term_string}"},"query-input":{"@type":"PropertyValueSpecification","valueRequired":true,"valueName":"search_term_string"}}],"inLanguage":"es-ES"}]}},"_links":{"self":[{"href":"https:\/\/www.glyphosate.eu\/es\/wp-json\/wp\/v2\/pages\/18669","targetHints":{"allow":["GET"]}}],"collection":[{"href":"https:\/\/www.glyphosate.eu\/es\/wp-json\/wp\/v2\/pages"}],"about":[{"href":"https:\/\/www.glyphosate.eu\/es\/wp-json\/wp\/v2\/types\/page"}],"author":[{"embeddable":true,"href":"https:\/\/www.glyphosate.eu\/es\/wp-json\/wp\/v2\/users\/1"}],"replies":[{"embeddable":true,"href":"https:\/\/www.glyphosate.eu\/es\/wp-json\/wp\/v2\/comments?post=18669"}],"version-history":[{"count":7,"href":"https:\/\/www.glyphosate.eu\/es\/wp-json\/wp\/v2\/pages\/18669\/revisions"}],"predecessor-version":[{"id":21993,"href":"https:\/\/www.glyphosate.eu\/es\/wp-json\/wp\/v2\/pages\/18669\/revisions\/21993"}],"wp:attachment":[{"href":"https:\/\/www.glyphosate.eu\/es\/wp-json\/wp\/v2\/media?parent=18669"}],"curies":[{"name":"wp","href":"https:\/\/api.w.org\/{rel}","templated":true}]}}