{"id":18659,"date":"2021-08-05T18:18:15","date_gmt":"2021-08-05T17:18:15","guid":{"rendered":"https:\/\/www.glyphosate.eu\/transparency\/dossier-cientifico\/informes-de-estudios-sobre-el-glifosato\/"},"modified":"2021-08-05T18:18:20","modified_gmt":"2021-08-05T17:18:20","slug":"informes-de-estudios-sobre-el-glifosato","status":"publish","type":"page","link":"https:\/\/www.glyphosate.eu\/es\/transparency\/scientific-dossier\/informes-de-estudios-sobre-el-glifosato\/","title":{"rendered":"Informes de estudios sobre el glifosato"},"content":{"rendered":"<p style=\"text-align: justify; background: white; margin: 0cm 0cm 6.0pt 0cm;\"><span style=\"font-family: 'Arial',sans-serif; color: #666666;\">Si pinchas aqu\u00ed, podr\u00e1s encontrar la lista y solicitar una copia de todos los informes de los nuevos estudios sobre el glifosato que fueron encargados por el Grupo para la Renovaci\u00f3n del Glifosato o sus empresas miembros para el Dossier Cientifico 2020. Dicho dossier se present\u00f3 al Grupo de Evaluaci\u00f3n del Glifosato el 8 de junio de 2020 con vistas a solicitar la renovaci\u00f3n de la autorizaci\u00f3n del glifosato en la UE dado que su validez termina en diciembre de 2022.<\/span><\/p>\n<p style=\"text-align: justify; background: white; margin: 0cm 0cm 6.0pt 0cm;\"><span style=\"font-family: 'Arial',sans-serif; color: #666666;\">Tambi\u00e9n en esta p\u00e1gina puede encontrar la lista y solicitar una copia de todos los informes de los estudios sobre el glifosato encargados por nuestro predecesor, el Grupo de Trabajo sobre el Glifosato (en ingl\u00e9s, Glyphosate Task Force), para la solicitud presentada en 2012 Esos estudios formaban parte del dossier cientifico presentado a las autoridades competentes en 2012 con vistas a probar la seguridad del glifosato y solicitar la autorizaci\u00f3n de la UE.<\/span><\/p>\n<p style=\"text-align: justify; background: white; margin: 0cm 0cm 6.0pt 0cm;\"><span style=\"font-family: 'Arial',sans-serif; color: #666666;\">Si est\u00e1s interesado en obtener y revisar cualquiera de los informes de estudio completos de la presentaci\u00f3n de 2012 o de la presentaci\u00f3n de 2020, puedes hacerlo f\u00e1cilmente a trav\u00e9s de los hiperv\u00ednculos proporcionados en las listas de referencias que puedes descargar a continuaci\u00f3n. Si deseas obtener todos los informes de los estudios de la presentaci\u00f3n de 2020 de una sola vez, puedes contactar con el Grupo para la Renovaci\u00f3n del Glifosato a trav\u00e9s del <a href=\"https:\/\/www.glyphosate.eu\/get-in-touch\/\">formulario de contacto<\/a> en l\u00ednea indicando a qu\u00e9 organizaci\u00f3n perteneces y la direcci\u00f3n postal. <\/span><\/p>\n<p style=\"text-align: justify; background: white; margin: 0cm 0cm 6.0pt 0cm;\"><span style=\"font-family: 'Arial',sans-serif; color: #666666;\">Al dar acceso a los expedientes de 2012 y 2020, tambi\u00e9n a la correspondiente publicaci\u00f3n de la lista de nuevos estudios encargados y a las comunicaciones con las autoridades, el Grupo para la Renovaci\u00f3n del Glifosato env\u00eda un fuerte mensaje sobre la solidez de su compromiso de transparencia.<\/span><\/p>\n<p style=\"text-align: justify; background: white; margin: 0cm 0cm 6.0pt 0cm;\"><span style=\"font-family: 'Arial',sans-serif; color: #666666;\">Aviso de responsabilidad: Para proteger la privacidad de los datos y de acuerdo con la legislaci\u00f3n vigente, toda la informaci\u00f3n personal y las instalaciones de ensayo de los estudios con vertebrados, se han redactado a partir de los documentos.<\/span><\/p>\n","protected":false},"excerpt":{"rendered":"<p>Si pinchas aqu\u00ed, podr\u00e1s encontrar la lista y solicitar una copia de todos los informes de los nuevos estudios sobre el glifosato que fueron encargados por el Grupo para la Renovaci\u00f3n del Glifosato o sus empresas miembros para el Dossier Cientifico 2020. Dicho dossier se present\u00f3 al Grupo de Evaluaci\u00f3n del Glifosato el 8 de&hellip;<\/p>\n","protected":false},"author":1,"featured_media":0,"parent":18643,"menu_order":436,"comment_status":"closed","ping_status":"closed","template":"views\/template-owned-studies.blade.php","meta":{"_acf_changed":false,"inline_featured_image":false,"footnotes":""},"class_list":["post-18659","page","type-page","status-publish","hentry"],"acf":[],"yoast_head":"<!-- This site is optimized with the Yoast SEO plugin v27.4 - https:\/\/yoast.com\/product\/yoast-seo-wordpress\/ -->\n<title>Informes de estudios sobre el glifosato - Glyphosate Renewal Group<\/title>\n<meta name=\"robots\" content=\"index, follow, max-snippet:-1, max-image-preview:large, max-video-preview:-1\" \/>\n<link rel=\"canonical\" href=\"https:\/\/www.glyphosate.eu\/es\/transparency\/scientific-dossier\/informes-de-estudios-sobre-el-glifosato\/\" \/>\n<meta property=\"og:locale\" content=\"es_ES\" \/>\n<meta property=\"og:type\" content=\"article\" \/>\n<meta property=\"og:title\" content=\"Informes de estudios sobre el glifosato - Glyphosate Renewal Group\" \/>\n<meta property=\"og:description\" content=\"Si pinchas aqu\u00ed, podr\u00e1s encontrar la lista y solicitar una copia de todos los informes de los nuevos estudios sobre el glifosato que fueron encargados por el Grupo para la Renovaci\u00f3n del Glifosato o sus empresas miembros para el Dossier Cientifico 2020. Dicho dossier se present\u00f3 al Grupo de Evaluaci\u00f3n del Glifosato el 8 de&hellip;\" \/>\n<meta property=\"og:url\" content=\"https:\/\/www.glyphosate.eu\/es\/transparency\/scientific-dossier\/informes-de-estudios-sobre-el-glifosato\/\" \/>\n<meta property=\"og:site_name\" content=\"Glyphosate Renewal Group\" \/>\n<meta property=\"article:modified_time\" content=\"2021-08-05T17:18:20+00:00\" \/>\n<meta name=\"twitter:card\" content=\"summary_large_image\" \/>\n<meta name=\"twitter:label1\" content=\"Est. reading time\" \/>\n\t<meta name=\"twitter:data1\" content=\"2 minutes\" \/>\n<script type=\"application\/ld+json\" class=\"yoast-schema-graph\">{\"@context\":\"https:\\\/\\\/schema.org\",\"@graph\":[{\"@type\":\"WebPage\",\"@id\":\"https:\\\/\\\/www.glyphosate.eu\\\/es\\\/transparency\\\/scientific-dossier\\\/informes-de-estudios-sobre-el-glifosato\\\/\",\"url\":\"https:\\\/\\\/www.glyphosate.eu\\\/es\\\/transparency\\\/scientific-dossier\\\/informes-de-estudios-sobre-el-glifosato\\\/\",\"name\":\"Informes de estudios sobre el glifosato - Glyphosate Renewal Group\",\"isPartOf\":{\"@id\":\"https:\\\/\\\/www.glyphosate.eu\\\/#website\"},\"datePublished\":\"2021-08-05T17:18:15+00:00\",\"dateModified\":\"2021-08-05T17:18:20+00:00\",\"breadcrumb\":{\"@id\":\"https:\\\/\\\/www.glyphosate.eu\\\/es\\\/transparency\\\/scientific-dossier\\\/informes-de-estudios-sobre-el-glifosato\\\/#breadcrumb\"},\"inLanguage\":\"es-ES\",\"potentialAction\":[{\"@type\":\"ReadAction\",\"target\":[\"https:\\\/\\\/www.glyphosate.eu\\\/es\\\/transparency\\\/scientific-dossier\\\/informes-de-estudios-sobre-el-glifosato\\\/\"]}]},{\"@type\":\"BreadcrumbList\",\"@id\":\"https:\\\/\\\/www.glyphosate.eu\\\/es\\\/transparency\\\/scientific-dossier\\\/informes-de-estudios-sobre-el-glifosato\\\/#breadcrumb\",\"itemListElement\":[{\"@type\":\"ListItem\",\"position\":1,\"name\":\"Transparencia\",\"item\":\"https:\\\/\\\/www.glyphosate.eu\\\/es\\\/transparency\\\/\"},{\"@type\":\"ListItem\",\"position\":2,\"name\":\"Dossier Cient\u00edfico\",\"item\":\"https:\\\/\\\/www.glyphosate.eu\\\/es\\\/transparency\\\/scientific-dossier\\\/\"},{\"@type\":\"ListItem\",\"position\":3,\"name\":\"Informes de estudios sobre el glifosato\"}]},{\"@type\":\"WebSite\",\"@id\":\"https:\\\/\\\/www.glyphosate.eu\\\/#website\",\"url\":\"https:\\\/\\\/www.glyphosate.eu\\\/\",\"name\":\"Glyphosate Renewal Group\",\"description\":\"Just another WordPress site\",\"potentialAction\":[{\"@type\":\"SearchAction\",\"target\":{\"@type\":\"EntryPoint\",\"urlTemplate\":\"https:\\\/\\\/www.glyphosate.eu\\\/?s={search_term_string}\"},\"query-input\":{\"@type\":\"PropertyValueSpecification\",\"valueRequired\":true,\"valueName\":\"search_term_string\"}}],\"inLanguage\":\"es-ES\"}]}<\/script>\n<!-- \/ Yoast SEO plugin. -->","yoast_head_json":{"title":"Informes de estudios sobre el glifosato - Glyphosate Renewal Group","robots":{"index":"index","follow":"follow","max-snippet":"max-snippet:-1","max-image-preview":"max-image-preview:large","max-video-preview":"max-video-preview:-1"},"canonical":"https:\/\/www.glyphosate.eu\/es\/transparency\/scientific-dossier\/informes-de-estudios-sobre-el-glifosato\/","og_locale":"es_ES","og_type":"article","og_title":"Informes de estudios sobre el glifosato - Glyphosate Renewal Group","og_description":"Si pinchas aqu\u00ed, podr\u00e1s encontrar la lista y solicitar una copia de todos los informes de los nuevos estudios sobre el glifosato que fueron encargados por el Grupo para la Renovaci\u00f3n del Glifosato o sus empresas miembros para el Dossier Cientifico 2020. Dicho dossier se present\u00f3 al Grupo de Evaluaci\u00f3n del Glifosato el 8 de&hellip;","og_url":"https:\/\/www.glyphosate.eu\/es\/transparency\/scientific-dossier\/informes-de-estudios-sobre-el-glifosato\/","og_site_name":"Glyphosate Renewal Group","article_modified_time":"2021-08-05T17:18:20+00:00","twitter_card":"summary_large_image","twitter_misc":{"Est. reading time":"2 minutes"},"schema":{"@context":"https:\/\/schema.org","@graph":[{"@type":"WebPage","@id":"https:\/\/www.glyphosate.eu\/es\/transparency\/scientific-dossier\/informes-de-estudios-sobre-el-glifosato\/","url":"https:\/\/www.glyphosate.eu\/es\/transparency\/scientific-dossier\/informes-de-estudios-sobre-el-glifosato\/","name":"Informes de estudios sobre el glifosato - Glyphosate Renewal Group","isPartOf":{"@id":"https:\/\/www.glyphosate.eu\/#website"},"datePublished":"2021-08-05T17:18:15+00:00","dateModified":"2021-08-05T17:18:20+00:00","breadcrumb":{"@id":"https:\/\/www.glyphosate.eu\/es\/transparency\/scientific-dossier\/informes-de-estudios-sobre-el-glifosato\/#breadcrumb"},"inLanguage":"es-ES","potentialAction":[{"@type":"ReadAction","target":["https:\/\/www.glyphosate.eu\/es\/transparency\/scientific-dossier\/informes-de-estudios-sobre-el-glifosato\/"]}]},{"@type":"BreadcrumbList","@id":"https:\/\/www.glyphosate.eu\/es\/transparency\/scientific-dossier\/informes-de-estudios-sobre-el-glifosato\/#breadcrumb","itemListElement":[{"@type":"ListItem","position":1,"name":"Transparencia","item":"https:\/\/www.glyphosate.eu\/es\/transparency\/"},{"@type":"ListItem","position":2,"name":"Dossier Cient\u00edfico","item":"https:\/\/www.glyphosate.eu\/es\/transparency\/scientific-dossier\/"},{"@type":"ListItem","position":3,"name":"Informes de estudios sobre el glifosato"}]},{"@type":"WebSite","@id":"https:\/\/www.glyphosate.eu\/#website","url":"https:\/\/www.glyphosate.eu\/","name":"Glyphosate Renewal Group","description":"Just another WordPress site","potentialAction":[{"@type":"SearchAction","target":{"@type":"EntryPoint","urlTemplate":"https:\/\/www.glyphosate.eu\/?s={search_term_string}"},"query-input":{"@type":"PropertyValueSpecification","valueRequired":true,"valueName":"search_term_string"}}],"inLanguage":"es-ES"}]}},"_links":{"self":[{"href":"https:\/\/www.glyphosate.eu\/es\/wp-json\/wp\/v2\/pages\/18659","targetHints":{"allow":["GET"]}}],"collection":[{"href":"https:\/\/www.glyphosate.eu\/es\/wp-json\/wp\/v2\/pages"}],"about":[{"href":"https:\/\/www.glyphosate.eu\/es\/wp-json\/wp\/v2\/types\/page"}],"author":[{"embeddable":true,"href":"https:\/\/www.glyphosate.eu\/es\/wp-json\/wp\/v2\/users\/1"}],"replies":[{"embeddable":true,"href":"https:\/\/www.glyphosate.eu\/es\/wp-json\/wp\/v2\/comments?post=18659"}],"version-history":[{"count":1,"href":"https:\/\/www.glyphosate.eu\/es\/wp-json\/wp\/v2\/pages\/18659\/revisions"}],"predecessor-version":[{"id":18660,"href":"https:\/\/www.glyphosate.eu\/es\/wp-json\/wp\/v2\/pages\/18659\/revisions\/18660"}],"up":[{"embeddable":true,"href":"https:\/\/www.glyphosate.eu\/es\/wp-json\/wp\/v2\/pages\/18643"}],"wp:attachment":[{"href":"https:\/\/www.glyphosate.eu\/es\/wp-json\/wp\/v2\/media?parent=18659"}],"curies":[{"name":"wp","href":"https:\/\/api.w.org\/{rel}","templated":true}]}}