{"id":18643,"date":"2021-08-05T18:16:20","date_gmt":"2021-08-05T17:16:20","guid":{"rendered":"https:\/\/www.glyphosate.eu\/transparency\/dossier-cientifico\/"},"modified":"2024-07-01T13:22:37","modified_gmt":"2024-07-01T12:22:37","slug":"scientific-dossier","status":"publish","type":"page","link":"https:\/\/www.glyphosate.eu\/es\/transparency\/scientific-dossier\/","title":{"rendered":"Dossier Cient\u00edfico"},"content":{"rendered":"<p>Una parte fundamental del proceso normativo para obtener la autorizaci\u00f3n de uso y comercializaci\u00f3n del glifosato en la UE es la presentaci\u00f3n de pruebas cient\u00edficas de su seguridad a las autoridades nacionales y europeas competentes<\/p>\n<p>El Grupo para la Renovaci\u00f3n del Glifosato (GRG) present\u00f3 el dossier cient\u00edfico al Grupo de Evaluaci\u00f3n del Glifosato (AGG), formado por los organismos reguladores de Francia, Hungr\u00eda, Pa\u00edses Bajos y Suecia, para su revisi\u00f3n y evaluaci\u00f3n de riesgos. Este Dossier incluye 100 nuevos estudios, publicaciones relevantes y los res\u00famenes de los estudios que demuestran la seguridad del glifosato. In addition, it includes the relevant information from the review of 12,000 scientific public literature articles.<\/p>\n<p>Estas nuevas publicaciones cienOficas refuerzan la evidencia aportada durante el proceso de renovaci\u00f3n anterior (2012 &#8211; 2017), cuyo resultado fue la reaprobaci\u00f3n del glifosato en la UE por cinco a\u00f1os.<\/p>\n<div class=\"group\/conversation-turn relative flex w-full min-w-0 flex-col agent-turn\">\n<div class=\"flex-col gap-1 md:gap-3\">\n<div class=\"flex flex-grow flex-col max-w-full\">\n<div class=\"min-h-[20px] text-message flex flex-col items-start whitespace-pre-wrap break-words [.text-message+&amp;]:mt-5 juice:w-full juice:items-end overflow-x-auto gap-2\" dir=\"auto\" data-message-author-role=\"assistant\" data-message-id=\"253c6bd1-139a-4a86-9083-559542871c76\">\n<div class=\"flex w-full flex-col gap-1 juice:empty:hidden juice:first:pt-[3px]\">\n<div class=\"markdown prose w-full break-words dark:prose-invert light\">\n<p>El Grupo de Renovaci\u00f3n de Glifosato est\u00e1 comprometido con la transparencia y ha hecho p\u00fablicas las listas de informes de estudios presentados en 2012 y 2020.<br \/>\nPara acceder a estos informes, por favor consulte el sitio web de la <span style=\"color: #0000ff;\"><a style=\"color: #0000ff;\" href=\"https:\/\/open.efsa.europa.eu\/questions\" target=\"_new\" rel=\"noreferrer noopener\">Autoridad Europea de Seguridad Alimentaria (EFSA)<\/a><\/span> donde puede solicitar los documentos necesarios. Esto garantiza que todas las partes interesadas puedan obtener los datos y conocimientos necesarios.<\/p>\n<\/div>\n<\/div>\n<\/div>\n<\/div>\n<\/div>\n<\/div>\n<p><span style=\"font-size: 10pt;\"><a href=\"https:\/\/eur-lex.europa.eu\/legal-content\/EN\/TXT\/?uri=celex%3A32009R1107\">* Reglamento (CE) N.\u00ba 1107\/2009 del Parlamento Europeo y del Consejo, de 21 de octubre de 2009, relativo a la comercializaci\u00f3n de productos fitosanitarios.<\/a><\/span><\/p>\n<p><strong>____________________________________________________________________<\/strong><\/p>\n<p><em><strong>Acceda a la presentaci\u00f3n sobre el contenido del Dossier de Renovaci\u00f3n del Glifosato AIR5 haciendo clic en la siguiente imagen (en ingl\u00e9s):<\/strong><\/em><\/p>\n<p><a href=\"https:\/\/www.glyphosate.eu\/app\/uploads\/2021\/07\/2021-June-July-Glyphosate-Renewal-Group-presentation_content-of-the-glyphosate-AIR5-renewal-dossier_pre-read_small.pdf\"><img loading=\"lazy\" decoding=\"async\" class=\" wp-image-18647 aligncenter\" src=\"https:\/\/www.glyphosate.eu\/app\/uploads\/2021\/07\/dossier-and-paper--300x193.jpg\" alt=\"\" width=\"374\" height=\"241\" srcset=\"https:\/\/www.glyphosate.eu\/app\/uploads\/2021\/07\/dossier-and-paper--300x193.jpg 300w, https:\/\/www.glyphosate.eu\/app\/uploads\/2021\/07\/dossier-and-paper--1024x659.jpg 1024w, https:\/\/www.glyphosate.eu\/app\/uploads\/2021\/07\/dossier-and-paper--768x494.jpg 768w, https:\/\/www.glyphosate.eu\/app\/uploads\/2021\/07\/dossier-and-paper--1536x988.jpg 1536w, https:\/\/www.glyphosate.eu\/app\/uploads\/2021\/07\/dossier-and-paper--2048x1318.jpg 2048w\" sizes=\"auto, (max-width: 374px) 100vw, 374px\" \/><\/a><\/p>\n","protected":false},"excerpt":{"rendered":"<p>Una parte fundamental del proceso normativo para obtener la autorizaci\u00f3n de uso y comercializaci\u00f3n del glifosato en la UE es la presentaci\u00f3n de pruebas cient\u00edficas de su seguridad a las autoridades nacionales y europeas competentes El Grupo para la Renovaci\u00f3n del Glifosato (GRG) present\u00f3 el dossier cient\u00edfico al Grupo de Evaluaci\u00f3n del Glifosato (AGG), formado&hellip;<\/p>\n","protected":false},"author":1,"featured_media":0,"parent":18633,"menu_order":424,"comment_status":"closed","ping_status":"closed","template":"views\/template-transparency.blade.php","meta":{"_acf_changed":false,"inline_featured_image":false,"footnotes":""},"class_list":["post-18643","page","type-page","status-publish","hentry"],"acf":[],"yoast_head":"<!-- This site is optimized with the Yoast SEO plugin v27.4 - https:\/\/yoast.com\/product\/yoast-seo-wordpress\/ -->\n<title>Dossier Cient\u00edfico - Glyphosate Renewal Group<\/title>\n<meta name=\"robots\" content=\"index, follow, max-snippet:-1, max-image-preview:large, max-video-preview:-1\" \/>\n<link rel=\"canonical\" href=\"https:\/\/www.glyphosate.eu\/es\/transparency\/scientific-dossier\/\" \/>\n<meta property=\"og:locale\" content=\"es_ES\" \/>\n<meta property=\"og:type\" content=\"article\" \/>\n<meta property=\"og:title\" content=\"Dossier Cient\u00edfico - Glyphosate Renewal Group\" \/>\n<meta property=\"og:description\" content=\"Una parte fundamental del proceso normativo para obtener la autorizaci\u00f3n de uso y comercializaci\u00f3n del glifosato en la UE es la presentaci\u00f3n de pruebas cient\u00edficas de su seguridad a las autoridades nacionales y europeas competentes El Grupo para la Renovaci\u00f3n del Glifosato (GRG) present\u00f3 el dossier cient\u00edfico al Grupo de Evaluaci\u00f3n del Glifosato (AGG), formado&hellip;\" \/>\n<meta property=\"og:url\" content=\"https:\/\/www.glyphosate.eu\/es\/transparency\/scientific-dossier\/\" \/>\n<meta property=\"og:site_name\" content=\"Glyphosate Renewal Group\" \/>\n<meta property=\"article:modified_time\" content=\"2024-07-01T12:22:37+00:00\" \/>\n<meta property=\"og:image\" content=\"https:\/\/www.glyphosate.eu\/app\/uploads\/2021\/07\/dossier-and-paper--300x193.jpg\" \/>\n<meta name=\"twitter:card\" content=\"summary_large_image\" \/>\n<meta name=\"twitter:label1\" content=\"Est. reading time\" \/>\n\t<meta name=\"twitter:data1\" content=\"2 minutes\" \/>\n<script type=\"application\/ld+json\" class=\"yoast-schema-graph\">{\"@context\":\"https:\\\/\\\/schema.org\",\"@graph\":[{\"@type\":\"WebPage\",\"@id\":\"https:\\\/\\\/www.glyphosate.eu\\\/es\\\/transparency\\\/scientific-dossier\\\/\",\"url\":\"https:\\\/\\\/www.glyphosate.eu\\\/es\\\/transparency\\\/scientific-dossier\\\/\",\"name\":\"Dossier Cient\u00edfico - Glyphosate Renewal Group\",\"isPartOf\":{\"@id\":\"https:\\\/\\\/www.glyphosate.eu\\\/#website\"},\"primaryImageOfPage\":{\"@id\":\"https:\\\/\\\/www.glyphosate.eu\\\/es\\\/transparency\\\/scientific-dossier\\\/#primaryimage\"},\"image\":{\"@id\":\"https:\\\/\\\/www.glyphosate.eu\\\/es\\\/transparency\\\/scientific-dossier\\\/#primaryimage\"},\"thumbnailUrl\":\"https:\\\/\\\/www.glyphosate.eu\\\/app\\\/uploads\\\/2021\\\/07\\\/dossier-and-paper--300x193.jpg\",\"datePublished\":\"2021-08-05T17:16:20+00:00\",\"dateModified\":\"2024-07-01T12:22:37+00:00\",\"breadcrumb\":{\"@id\":\"https:\\\/\\\/www.glyphosate.eu\\\/es\\\/transparency\\\/scientific-dossier\\\/#breadcrumb\"},\"inLanguage\":\"es-ES\",\"potentialAction\":[{\"@type\":\"ReadAction\",\"target\":[\"https:\\\/\\\/www.glyphosate.eu\\\/es\\\/transparency\\\/scientific-dossier\\\/\"]}]},{\"@type\":\"ImageObject\",\"inLanguage\":\"es-ES\",\"@id\":\"https:\\\/\\\/www.glyphosate.eu\\\/es\\\/transparency\\\/scientific-dossier\\\/#primaryimage\",\"url\":\"https:\\\/\\\/www.glyphosate.eu\\\/app\\\/uploads\\\/2021\\\/07\\\/dossier-and-paper--300x193.jpg\",\"contentUrl\":\"https:\\\/\\\/www.glyphosate.eu\\\/app\\\/uploads\\\/2021\\\/07\\\/dossier-and-paper--300x193.jpg\"},{\"@type\":\"BreadcrumbList\",\"@id\":\"https:\\\/\\\/www.glyphosate.eu\\\/es\\\/transparency\\\/scientific-dossier\\\/#breadcrumb\",\"itemListElement\":[{\"@type\":\"ListItem\",\"position\":1,\"name\":\"Transparencia\",\"item\":\"https:\\\/\\\/www.glyphosate.eu\\\/es\\\/transparency\\\/\"},{\"@type\":\"ListItem\",\"position\":2,\"name\":\"Dossier Cient\u00edfico\"}]},{\"@type\":\"WebSite\",\"@id\":\"https:\\\/\\\/www.glyphosate.eu\\\/#website\",\"url\":\"https:\\\/\\\/www.glyphosate.eu\\\/\",\"name\":\"Glyphosate Renewal Group\",\"description\":\"Just another WordPress site\",\"potentialAction\":[{\"@type\":\"SearchAction\",\"target\":{\"@type\":\"EntryPoint\",\"urlTemplate\":\"https:\\\/\\\/www.glyphosate.eu\\\/?s={search_term_string}\"},\"query-input\":{\"@type\":\"PropertyValueSpecification\",\"valueRequired\":true,\"valueName\":\"search_term_string\"}}],\"inLanguage\":\"es-ES\"}]}<\/script>\n<!-- \/ Yoast SEO plugin. -->","yoast_head_json":{"title":"Dossier Cient\u00edfico - Glyphosate Renewal Group","robots":{"index":"index","follow":"follow","max-snippet":"max-snippet:-1","max-image-preview":"max-image-preview:large","max-video-preview":"max-video-preview:-1"},"canonical":"https:\/\/www.glyphosate.eu\/es\/transparency\/scientific-dossier\/","og_locale":"es_ES","og_type":"article","og_title":"Dossier Cient\u00edfico - Glyphosate Renewal Group","og_description":"Una parte fundamental del proceso normativo para obtener la autorizaci\u00f3n de uso y comercializaci\u00f3n del glifosato en la UE es la presentaci\u00f3n de pruebas cient\u00edficas de su seguridad a las autoridades nacionales y europeas competentes El Grupo para la Renovaci\u00f3n del Glifosato (GRG) present\u00f3 el dossier cient\u00edfico al Grupo de Evaluaci\u00f3n del Glifosato (AGG), formado&hellip;","og_url":"https:\/\/www.glyphosate.eu\/es\/transparency\/scientific-dossier\/","og_site_name":"Glyphosate Renewal Group","article_modified_time":"2024-07-01T12:22:37+00:00","og_image":[{"url":"https:\/\/www.glyphosate.eu\/app\/uploads\/2021\/07\/dossier-and-paper--300x193.jpg","type":"","width":"","height":""}],"twitter_card":"summary_large_image","twitter_misc":{"Est. reading time":"2 minutes"},"schema":{"@context":"https:\/\/schema.org","@graph":[{"@type":"WebPage","@id":"https:\/\/www.glyphosate.eu\/es\/transparency\/scientific-dossier\/","url":"https:\/\/www.glyphosate.eu\/es\/transparency\/scientific-dossier\/","name":"Dossier Cient\u00edfico - Glyphosate Renewal Group","isPartOf":{"@id":"https:\/\/www.glyphosate.eu\/#website"},"primaryImageOfPage":{"@id":"https:\/\/www.glyphosate.eu\/es\/transparency\/scientific-dossier\/#primaryimage"},"image":{"@id":"https:\/\/www.glyphosate.eu\/es\/transparency\/scientific-dossier\/#primaryimage"},"thumbnailUrl":"https:\/\/www.glyphosate.eu\/app\/uploads\/2021\/07\/dossier-and-paper--300x193.jpg","datePublished":"2021-08-05T17:16:20+00:00","dateModified":"2024-07-01T12:22:37+00:00","breadcrumb":{"@id":"https:\/\/www.glyphosate.eu\/es\/transparency\/scientific-dossier\/#breadcrumb"},"inLanguage":"es-ES","potentialAction":[{"@type":"ReadAction","target":["https:\/\/www.glyphosate.eu\/es\/transparency\/scientific-dossier\/"]}]},{"@type":"ImageObject","inLanguage":"es-ES","@id":"https:\/\/www.glyphosate.eu\/es\/transparency\/scientific-dossier\/#primaryimage","url":"https:\/\/www.glyphosate.eu\/app\/uploads\/2021\/07\/dossier-and-paper--300x193.jpg","contentUrl":"https:\/\/www.glyphosate.eu\/app\/uploads\/2021\/07\/dossier-and-paper--300x193.jpg"},{"@type":"BreadcrumbList","@id":"https:\/\/www.glyphosate.eu\/es\/transparency\/scientific-dossier\/#breadcrumb","itemListElement":[{"@type":"ListItem","position":1,"name":"Transparencia","item":"https:\/\/www.glyphosate.eu\/es\/transparency\/"},{"@type":"ListItem","position":2,"name":"Dossier Cient\u00edfico"}]},{"@type":"WebSite","@id":"https:\/\/www.glyphosate.eu\/#website","url":"https:\/\/www.glyphosate.eu\/","name":"Glyphosate Renewal Group","description":"Just another WordPress site","potentialAction":[{"@type":"SearchAction","target":{"@type":"EntryPoint","urlTemplate":"https:\/\/www.glyphosate.eu\/?s={search_term_string}"},"query-input":{"@type":"PropertyValueSpecification","valueRequired":true,"valueName":"search_term_string"}}],"inLanguage":"es-ES"}]}},"_links":{"self":[{"href":"https:\/\/www.glyphosate.eu\/es\/wp-json\/wp\/v2\/pages\/18643","targetHints":{"allow":["GET"]}}],"collection":[{"href":"https:\/\/www.glyphosate.eu\/es\/wp-json\/wp\/v2\/pages"}],"about":[{"href":"https:\/\/www.glyphosate.eu\/es\/wp-json\/wp\/v2\/types\/page"}],"author":[{"embeddable":true,"href":"https:\/\/www.glyphosate.eu\/es\/wp-json\/wp\/v2\/users\/1"}],"replies":[{"embeddable":true,"href":"https:\/\/www.glyphosate.eu\/es\/wp-json\/wp\/v2\/comments?post=18643"}],"version-history":[{"count":25,"href":"https:\/\/www.glyphosate.eu\/es\/wp-json\/wp\/v2\/pages\/18643\/revisions"}],"predecessor-version":[{"id":35270,"href":"https:\/\/www.glyphosate.eu\/es\/wp-json\/wp\/v2\/pages\/18643\/revisions\/35270"}],"up":[{"embeddable":true,"href":"https:\/\/www.glyphosate.eu\/es\/wp-json\/wp\/v2\/pages\/18633"}],"wp:attachment":[{"href":"https:\/\/www.glyphosate.eu\/es\/wp-json\/wp\/v2\/media?parent=18643"}],"curies":[{"name":"wp","href":"https:\/\/api.w.org\/{rel}","templated":true}]}}