{"id":18642,"date":"2021-08-05T18:15:22","date_gmt":"2021-08-05T17:15:22","guid":{"rendered":"https:\/\/www.glyphosate.eu\/transparency\/comunicacion-con-la-autoridad\/"},"modified":"2021-08-10T10:28:42","modified_gmt":"2021-08-10T09:28:42","slug":"comunicacion-con-la-autoridad","status":"publish","type":"page","link":"https:\/\/www.glyphosate.eu\/es\/transparency\/comunicacion-con-la-autoridad\/","title":{"rendered":"Comunicaci\u00f3n con la autoridad"},"content":{"rendered":"<p>En esta p\u00e1gina encontrar\u00e1s copias de las comunicaciones entre el Grupo para la Renovaci\u00f3n del Glifosato y las autoridades reguladoras que participan en el proceso de renovaci\u00f3n de la autorizaci\u00f3n del glifosato en la UE.<\/p>\n<p>La comunicaci\u00f3n peri\u00f3dica entre las partes implicadas es una pr\u00e1ctica habitual de los procesos de regulaci\u00f3n. En ocasiones, las comunicaciones escritas son necesarias para proporcionar aclaraciones sin tener que esperar a las reuniones formales. En consonancia con su compromiso de transparencia, el Grupo para la Renovaci\u00f3n del Glifosato publica sus comunicaciones con el Grupo de Evaluaci\u00f3n del Glifosato (AGG) y otras autoridades reguladoras.<\/p>\n","protected":false},"excerpt":{"rendered":"<p>En esta p\u00e1gina encontrar\u00e1s copias de las comunicaciones entre el Grupo para la Renovaci\u00f3n del Glifosato y las autoridades reguladoras que participan en el proceso de renovaci\u00f3n de la autorizaci\u00f3n del glifosato en la UE. La comunicaci\u00f3n peri\u00f3dica entre las partes implicadas es una pr\u00e1ctica habitual de los procesos de regulaci\u00f3n. En ocasiones, las comunicaciones&hellip;<\/p>\n","protected":false},"author":1,"featured_media":0,"parent":18633,"menu_order":409,"comment_status":"closed","ping_status":"closed","template":"views\/template-authority-communications.blade.php","meta":{"_acf_changed":false,"inline_featured_image":false,"footnotes":""},"class_list":["post-18642","page","type-page","status-publish","hentry"],"acf":[],"yoast_head":"<!-- This site is optimized with the Yoast SEO plugin v27.3 - https:\/\/yoast.com\/product\/yoast-seo-wordpress\/ -->\n<title>Comunicaci\u00f3n con la autoridad - Glyphosate Renewal Group<\/title>\n<meta name=\"robots\" content=\"index, follow, max-snippet:-1, max-image-preview:large, max-video-preview:-1\" \/>\n<link rel=\"canonical\" href=\"https:\/\/www.glyphosate.eu\/es\/transparency\/comunicacion-con-la-autoridad\/\" \/>\n<meta property=\"og:locale\" content=\"es_ES\" \/>\n<meta property=\"og:type\" content=\"article\" \/>\n<meta property=\"og:title\" content=\"Comunicaci\u00f3n con la autoridad - Glyphosate Renewal Group\" \/>\n<meta property=\"og:description\" content=\"En esta p\u00e1gina encontrar\u00e1s copias de las comunicaciones entre el Grupo para la Renovaci\u00f3n del Glifosato y las autoridades reguladoras que participan en el proceso de renovaci\u00f3n de la autorizaci\u00f3n del glifosato en la UE. La comunicaci\u00f3n peri\u00f3dica entre las partes implicadas es una pr\u00e1ctica habitual de los procesos de regulaci\u00f3n. En ocasiones, las comunicaciones&hellip;\" \/>\n<meta property=\"og:url\" content=\"https:\/\/www.glyphosate.eu\/es\/transparency\/comunicacion-con-la-autoridad\/\" \/>\n<meta property=\"og:site_name\" content=\"Glyphosate Renewal Group\" \/>\n<meta property=\"article:modified_time\" content=\"2021-08-10T09:28:42+00:00\" \/>\n<meta name=\"twitter:card\" content=\"summary_large_image\" \/>\n<meta name=\"twitter:label1\" content=\"Est. reading time\" \/>\n\t<meta name=\"twitter:data1\" content=\"1 minute\" \/>\n<script type=\"application\/ld+json\" class=\"yoast-schema-graph\">{\"@context\":\"https:\\\/\\\/schema.org\",\"@graph\":[{\"@type\":\"WebPage\",\"@id\":\"https:\\\/\\\/www.glyphosate.eu\\\/es\\\/transparency\\\/comunicacion-con-la-autoridad\\\/\",\"url\":\"https:\\\/\\\/www.glyphosate.eu\\\/es\\\/transparency\\\/comunicacion-con-la-autoridad\\\/\",\"name\":\"Comunicaci\u00f3n con la autoridad - Glyphosate Renewal Group\",\"isPartOf\":{\"@id\":\"https:\\\/\\\/www.glyphosate.eu\\\/#website\"},\"datePublished\":\"2021-08-05T17:15:22+00:00\",\"dateModified\":\"2021-08-10T09:28:42+00:00\",\"breadcrumb\":{\"@id\":\"https:\\\/\\\/www.glyphosate.eu\\\/es\\\/transparency\\\/comunicacion-con-la-autoridad\\\/#breadcrumb\"},\"inLanguage\":\"es-ES\",\"potentialAction\":[{\"@type\":\"ReadAction\",\"target\":[\"https:\\\/\\\/www.glyphosate.eu\\\/es\\\/transparency\\\/comunicacion-con-la-autoridad\\\/\"]}]},{\"@type\":\"BreadcrumbList\",\"@id\":\"https:\\\/\\\/www.glyphosate.eu\\\/es\\\/transparency\\\/comunicacion-con-la-autoridad\\\/#breadcrumb\",\"itemListElement\":[{\"@type\":\"ListItem\",\"position\":1,\"name\":\"Transparencia\",\"item\":\"https:\\\/\\\/www.glyphosate.eu\\\/es\\\/transparency\\\/\"},{\"@type\":\"ListItem\",\"position\":2,\"name\":\"Comunicaci\u00f3n con la autoridad\"}]},{\"@type\":\"WebSite\",\"@id\":\"https:\\\/\\\/www.glyphosate.eu\\\/#website\",\"url\":\"https:\\\/\\\/www.glyphosate.eu\\\/\",\"name\":\"Glyphosate Renewal Group\",\"description\":\"Just another WordPress site\",\"potentialAction\":[{\"@type\":\"SearchAction\",\"target\":{\"@type\":\"EntryPoint\",\"urlTemplate\":\"https:\\\/\\\/www.glyphosate.eu\\\/?s={search_term_string}\"},\"query-input\":{\"@type\":\"PropertyValueSpecification\",\"valueRequired\":true,\"valueName\":\"search_term_string\"}}],\"inLanguage\":\"es-ES\"}]}<\/script>\n<!-- \/ Yoast SEO plugin. -->","yoast_head_json":{"title":"Comunicaci\u00f3n con la autoridad - Glyphosate Renewal Group","robots":{"index":"index","follow":"follow","max-snippet":"max-snippet:-1","max-image-preview":"max-image-preview:large","max-video-preview":"max-video-preview:-1"},"canonical":"https:\/\/www.glyphosate.eu\/es\/transparency\/comunicacion-con-la-autoridad\/","og_locale":"es_ES","og_type":"article","og_title":"Comunicaci\u00f3n con la autoridad - Glyphosate Renewal Group","og_description":"En esta p\u00e1gina encontrar\u00e1s copias de las comunicaciones entre el Grupo para la Renovaci\u00f3n del Glifosato y las autoridades reguladoras que participan en el proceso de renovaci\u00f3n de la autorizaci\u00f3n del glifosato en la UE. La comunicaci\u00f3n peri\u00f3dica entre las partes implicadas es una pr\u00e1ctica habitual de los procesos de regulaci\u00f3n. En ocasiones, las comunicaciones&hellip;","og_url":"https:\/\/www.glyphosate.eu\/es\/transparency\/comunicacion-con-la-autoridad\/","og_site_name":"Glyphosate Renewal Group","article_modified_time":"2021-08-10T09:28:42+00:00","twitter_card":"summary_large_image","twitter_misc":{"Est. reading time":"1 minute"},"schema":{"@context":"https:\/\/schema.org","@graph":[{"@type":"WebPage","@id":"https:\/\/www.glyphosate.eu\/es\/transparency\/comunicacion-con-la-autoridad\/","url":"https:\/\/www.glyphosate.eu\/es\/transparency\/comunicacion-con-la-autoridad\/","name":"Comunicaci\u00f3n con la autoridad - Glyphosate Renewal Group","isPartOf":{"@id":"https:\/\/www.glyphosate.eu\/#website"},"datePublished":"2021-08-05T17:15:22+00:00","dateModified":"2021-08-10T09:28:42+00:00","breadcrumb":{"@id":"https:\/\/www.glyphosate.eu\/es\/transparency\/comunicacion-con-la-autoridad\/#breadcrumb"},"inLanguage":"es-ES","potentialAction":[{"@type":"ReadAction","target":["https:\/\/www.glyphosate.eu\/es\/transparency\/comunicacion-con-la-autoridad\/"]}]},{"@type":"BreadcrumbList","@id":"https:\/\/www.glyphosate.eu\/es\/transparency\/comunicacion-con-la-autoridad\/#breadcrumb","itemListElement":[{"@type":"ListItem","position":1,"name":"Transparencia","item":"https:\/\/www.glyphosate.eu\/es\/transparency\/"},{"@type":"ListItem","position":2,"name":"Comunicaci\u00f3n con la autoridad"}]},{"@type":"WebSite","@id":"https:\/\/www.glyphosate.eu\/#website","url":"https:\/\/www.glyphosate.eu\/","name":"Glyphosate Renewal Group","description":"Just another WordPress site","potentialAction":[{"@type":"SearchAction","target":{"@type":"EntryPoint","urlTemplate":"https:\/\/www.glyphosate.eu\/?s={search_term_string}"},"query-input":{"@type":"PropertyValueSpecification","valueRequired":true,"valueName":"search_term_string"}}],"inLanguage":"es-ES"}]}},"_links":{"self":[{"href":"https:\/\/www.glyphosate.eu\/es\/wp-json\/wp\/v2\/pages\/18642","targetHints":{"allow":["GET"]}}],"collection":[{"href":"https:\/\/www.glyphosate.eu\/es\/wp-json\/wp\/v2\/pages"}],"about":[{"href":"https:\/\/www.glyphosate.eu\/es\/wp-json\/wp\/v2\/types\/page"}],"author":[{"embeddable":true,"href":"https:\/\/www.glyphosate.eu\/es\/wp-json\/wp\/v2\/users\/1"}],"replies":[{"embeddable":true,"href":"https:\/\/www.glyphosate.eu\/es\/wp-json\/wp\/v2\/comments?post=18642"}],"version-history":[{"count":1,"href":"https:\/\/www.glyphosate.eu\/es\/wp-json\/wp\/v2\/pages\/18642\/revisions"}],"predecessor-version":[{"id":19789,"href":"https:\/\/www.glyphosate.eu\/es\/wp-json\/wp\/v2\/pages\/18642\/revisions\/19789"}],"up":[{"embeddable":true,"href":"https:\/\/www.glyphosate.eu\/es\/wp-json\/wp\/v2\/pages\/18633"}],"wp:attachment":[{"href":"https:\/\/www.glyphosate.eu\/es\/wp-json\/wp\/v2\/media?parent=18642"}],"curies":[{"name":"wp","href":"https:\/\/api.w.org\/{rel}","templated":true}]}}