{"id":18640,"date":"2021-08-05T18:14:56","date_gmt":"2021-08-05T17:14:56","guid":{"rendered":"https:\/\/www.glyphosate.eu\/transparency\/meeting-minutes\/"},"modified":"2021-12-21T09:49:21","modified_gmt":"2021-12-21T09:49:21","slug":"actas-de-las-reuniones","status":"publish","type":"page","link":"https:\/\/www.glyphosate.eu\/es\/transparency\/actas-de-las-reuniones\/","title":{"rendered":"Actas de las reuniones"},"content":{"rendered":"<p class=\"subtitle\">Antes de presentar la solicitud de aprobaci\u00f3n de una sustancia activa, el solicitante tiene la posibilidad de reunirse con los Estados miembros ponentes (AGG) y la EFSA para debatir cuestiones procedimentales y cienOficas y recibir asesoramiento.<\/p>\n<p>Se trata de las denominadas \u00abreuniones previas a la presentaci\u00f3n\u00bb, que tuvieron lugar tanto por teleconferencia como mediante reuniones presenciales. La Autoridad Europea de Seguridad Alimentaria (EFSA) participa como observador en estas reuniones, brindando su apoyo al Grupo de Evaluaci\u00f3n sobre el Glifosato cuando es necesario. Hasta ahora, el Grupo para la Renovaci\u00f3n del Glifosato ha mantenido cuatro conferencias telef\u00f3nicas y dos reuniones presenciales con el Grupo de Evaluaci\u00f3n. Las presentaciones objeto de debate durante las reuniones, as\u00ed como las actas, se publican en este sitio web, as\u00ed como en el sitio web del Grupo de Evaluaci\u00f3n sobre el Glifosato, al que se puede acceder a trav\u00e9s de este <strong><a href=\"https:\/\/ec.europa.eu\/food\/plant\/pesticides\/glyphosate\/assessment-group_en\">enlace<\/a>.<\/strong><\/p>\n<p>El solicitante puede pedir una reuni\u00f3n previa a la presentaci\u00f3n el dossier para tratar los aspectos t\u00e9cnicos del proceso de renovaci\u00f3n y obtener cierta orientaci\u00f3n con vistas a mejorar la calidad del expediente.<\/p>\n","protected":false},"excerpt":{"rendered":"<p>Antes de presentar la solicitud de aprobaci\u00f3n de una sustancia activa, el solicitante tiene la posibilidad de reunirse con los Estados miembros ponentes (AGG) y la EFSA para debatir cuestiones procedimentales y cienOficas y recibir asesoramiento. Se trata de las denominadas \u00abreuniones previas a la presentaci\u00f3n\u00bb, que tuvieron lugar tanto por teleconferencia como mediante reuniones&hellip;<\/p>\n","protected":false},"author":1,"featured_media":0,"parent":18633,"menu_order":415,"comment_status":"closed","ping_status":"closed","template":"views\/template-minutes.blade.php","meta":{"_acf_changed":false,"inline_featured_image":false,"footnotes":""},"class_list":["post-18640","page","type-page","status-publish","hentry"],"acf":[],"yoast_head":"<!-- This site is optimized with the Yoast SEO plugin v27.3 - https:\/\/yoast.com\/product\/yoast-seo-wordpress\/ -->\n<title>Actas de las reuniones - Glyphosate Renewal Group<\/title>\n<meta name=\"robots\" content=\"index, follow, max-snippet:-1, max-image-preview:large, max-video-preview:-1\" \/>\n<link rel=\"canonical\" href=\"https:\/\/www.glyphosate.eu\/es\/transparency\/actas-de-las-reuniones\/\" \/>\n<meta property=\"og:locale\" content=\"es_ES\" \/>\n<meta property=\"og:type\" content=\"article\" \/>\n<meta property=\"og:title\" content=\"Actas de las reuniones - Glyphosate Renewal Group\" \/>\n<meta property=\"og:description\" content=\"Antes de presentar la solicitud de aprobaci\u00f3n de una sustancia activa, el solicitante tiene la posibilidad de reunirse con los Estados miembros ponentes (AGG) y la EFSA para debatir cuestiones procedimentales y cienOficas y recibir asesoramiento. Se trata de las denominadas \u00abreuniones previas a la presentaci\u00f3n\u00bb, que tuvieron lugar tanto por teleconferencia como mediante reuniones&hellip;\" \/>\n<meta property=\"og:url\" content=\"https:\/\/www.glyphosate.eu\/es\/transparency\/actas-de-las-reuniones\/\" \/>\n<meta property=\"og:site_name\" content=\"Glyphosate Renewal Group\" \/>\n<meta property=\"article:modified_time\" content=\"2021-12-21T09:49:21+00:00\" \/>\n<meta name=\"twitter:card\" content=\"summary_large_image\" \/>\n<meta name=\"twitter:label1\" content=\"Est. reading time\" \/>\n\t<meta name=\"twitter:data1\" content=\"1 minute\" \/>\n<script type=\"application\/ld+json\" class=\"yoast-schema-graph\">{\"@context\":\"https:\\\/\\\/schema.org\",\"@graph\":[{\"@type\":\"WebPage\",\"@id\":\"https:\\\/\\\/www.glyphosate.eu\\\/es\\\/transparency\\\/actas-de-las-reuniones\\\/\",\"url\":\"https:\\\/\\\/www.glyphosate.eu\\\/es\\\/transparency\\\/actas-de-las-reuniones\\\/\",\"name\":\"Actas de las reuniones - Glyphosate Renewal Group\",\"isPartOf\":{\"@id\":\"https:\\\/\\\/www.glyphosate.eu\\\/#website\"},\"datePublished\":\"2021-08-05T17:14:56+00:00\",\"dateModified\":\"2021-12-21T09:49:21+00:00\",\"breadcrumb\":{\"@id\":\"https:\\\/\\\/www.glyphosate.eu\\\/es\\\/transparency\\\/actas-de-las-reuniones\\\/#breadcrumb\"},\"inLanguage\":\"es-ES\",\"potentialAction\":[{\"@type\":\"ReadAction\",\"target\":[\"https:\\\/\\\/www.glyphosate.eu\\\/es\\\/transparency\\\/actas-de-las-reuniones\\\/\"]}]},{\"@type\":\"BreadcrumbList\",\"@id\":\"https:\\\/\\\/www.glyphosate.eu\\\/es\\\/transparency\\\/actas-de-las-reuniones\\\/#breadcrumb\",\"itemListElement\":[{\"@type\":\"ListItem\",\"position\":1,\"name\":\"Transparencia\",\"item\":\"https:\\\/\\\/www.glyphosate.eu\\\/es\\\/transparency\\\/\"},{\"@type\":\"ListItem\",\"position\":2,\"name\":\"Actas de las reuniones\"}]},{\"@type\":\"WebSite\",\"@id\":\"https:\\\/\\\/www.glyphosate.eu\\\/#website\",\"url\":\"https:\\\/\\\/www.glyphosate.eu\\\/\",\"name\":\"Glyphosate Renewal Group\",\"description\":\"Just another WordPress site\",\"potentialAction\":[{\"@type\":\"SearchAction\",\"target\":{\"@type\":\"EntryPoint\",\"urlTemplate\":\"https:\\\/\\\/www.glyphosate.eu\\\/?s={search_term_string}\"},\"query-input\":{\"@type\":\"PropertyValueSpecification\",\"valueRequired\":true,\"valueName\":\"search_term_string\"}}],\"inLanguage\":\"es-ES\"}]}<\/script>\n<!-- \/ Yoast SEO plugin. -->","yoast_head_json":{"title":"Actas de las reuniones - Glyphosate Renewal Group","robots":{"index":"index","follow":"follow","max-snippet":"max-snippet:-1","max-image-preview":"max-image-preview:large","max-video-preview":"max-video-preview:-1"},"canonical":"https:\/\/www.glyphosate.eu\/es\/transparency\/actas-de-las-reuniones\/","og_locale":"es_ES","og_type":"article","og_title":"Actas de las reuniones - Glyphosate Renewal Group","og_description":"Antes de presentar la solicitud de aprobaci\u00f3n de una sustancia activa, el solicitante tiene la posibilidad de reunirse con los Estados miembros ponentes (AGG) y la EFSA para debatir cuestiones procedimentales y cienOficas y recibir asesoramiento. Se trata de las denominadas \u00abreuniones previas a la presentaci\u00f3n\u00bb, que tuvieron lugar tanto por teleconferencia como mediante reuniones&hellip;","og_url":"https:\/\/www.glyphosate.eu\/es\/transparency\/actas-de-las-reuniones\/","og_site_name":"Glyphosate Renewal Group","article_modified_time":"2021-12-21T09:49:21+00:00","twitter_card":"summary_large_image","twitter_misc":{"Est. reading time":"1 minute"},"schema":{"@context":"https:\/\/schema.org","@graph":[{"@type":"WebPage","@id":"https:\/\/www.glyphosate.eu\/es\/transparency\/actas-de-las-reuniones\/","url":"https:\/\/www.glyphosate.eu\/es\/transparency\/actas-de-las-reuniones\/","name":"Actas de las reuniones - Glyphosate Renewal Group","isPartOf":{"@id":"https:\/\/www.glyphosate.eu\/#website"},"datePublished":"2021-08-05T17:14:56+00:00","dateModified":"2021-12-21T09:49:21+00:00","breadcrumb":{"@id":"https:\/\/www.glyphosate.eu\/es\/transparency\/actas-de-las-reuniones\/#breadcrumb"},"inLanguage":"es-ES","potentialAction":[{"@type":"ReadAction","target":["https:\/\/www.glyphosate.eu\/es\/transparency\/actas-de-las-reuniones\/"]}]},{"@type":"BreadcrumbList","@id":"https:\/\/www.glyphosate.eu\/es\/transparency\/actas-de-las-reuniones\/#breadcrumb","itemListElement":[{"@type":"ListItem","position":1,"name":"Transparencia","item":"https:\/\/www.glyphosate.eu\/es\/transparency\/"},{"@type":"ListItem","position":2,"name":"Actas de las reuniones"}]},{"@type":"WebSite","@id":"https:\/\/www.glyphosate.eu\/#website","url":"https:\/\/www.glyphosate.eu\/","name":"Glyphosate Renewal Group","description":"Just another WordPress site","potentialAction":[{"@type":"SearchAction","target":{"@type":"EntryPoint","urlTemplate":"https:\/\/www.glyphosate.eu\/?s={search_term_string}"},"query-input":{"@type":"PropertyValueSpecification","valueRequired":true,"valueName":"search_term_string"}}],"inLanguage":"es-ES"}]}},"_links":{"self":[{"href":"https:\/\/www.glyphosate.eu\/es\/wp-json\/wp\/v2\/pages\/18640","targetHints":{"allow":["GET"]}}],"collection":[{"href":"https:\/\/www.glyphosate.eu\/es\/wp-json\/wp\/v2\/pages"}],"about":[{"href":"https:\/\/www.glyphosate.eu\/es\/wp-json\/wp\/v2\/types\/page"}],"author":[{"embeddable":true,"href":"https:\/\/www.glyphosate.eu\/es\/wp-json\/wp\/v2\/users\/1"}],"replies":[{"embeddable":true,"href":"https:\/\/www.glyphosate.eu\/es\/wp-json\/wp\/v2\/comments?post=18640"}],"version-history":[{"count":5,"href":"https:\/\/www.glyphosate.eu\/es\/wp-json\/wp\/v2\/pages\/18640\/revisions"}],"predecessor-version":[{"id":26794,"href":"https:\/\/www.glyphosate.eu\/es\/wp-json\/wp\/v2\/pages\/18640\/revisions\/26794"}],"up":[{"embeddable":true,"href":"https:\/\/www.glyphosate.eu\/es\/wp-json\/wp\/v2\/pages\/18633"}],"wp:attachment":[{"href":"https:\/\/www.glyphosate.eu\/es\/wp-json\/wp\/v2\/media?parent=18640"}],"curies":[{"name":"wp","href":"https:\/\/api.w.org\/{rel}","templated":true}]}}