{"id":18633,"date":"2021-08-05T18:11:57","date_gmt":"2021-08-05T17:11:57","guid":{"rendered":"https:\/\/www.glyphosate.eu\/transparency\/"},"modified":"2022-01-04T09:05:19","modified_gmt":"2022-01-04T09:05:19","slug":"transparency","status":"publish","type":"page","link":"https:\/\/www.glyphosate.eu\/es\/transparency\/","title":{"rendered":"Transparencia"},"content":{"rendered":"<p class=\"p1\">Con vistas a responder a la demanda de mayor transparencia e informar sobre el proceso y todos sus elementos constitutivos, el Grupo para la Renovaci\u00f3n del Glifosato proporciona acceso al dossier cient\u00edfico presentado en 2012 y a los nuevos estudios que se sumaron a las pruebas cient\u00edficas presentadas en 2012, que forman parte del nuevo expediente propuesto en junio de 2020. El Grupo para la Renovaci\u00f3n del Glifosato cumple proactivamente con las nuevas disposiciones de la Ley General de Alimentos de la UE incluso antes de que la normativa entrase en vigor el 27 de marzo de 2021.<\/p>\n<p class=\"p1\">De este modo, el Grupo para la Renovaci\u00f3n del Glifosato pone a disposici\u00f3n del p\u00fablico la lista de los nuevos estudios que se est\u00e1n llevando a cabo, las actas de las reuniones con los organismos reguladores que participan en la reevaluaci\u00f3n del glifosato, a saber, la Autoridad Europea de Seguridad Alimentaria (en ingl\u00e9s, EFSA), y el Grupo de Evaluaci\u00f3n del Glifosato (en ingl\u00e9s, AGG). El Grupo de Evaluaci\u00f3n est\u00e1 formado por las siguientes autoridades reguladoras de cuatro Estados miembros europeos: ANSES (Francia), Nebih (Hungr\u00eda), Ctgb (Pa\u00edses Bajos) y KEMI (Suecia).<\/p>\n<p class=\"p1\">La solicitud de renovaci\u00f3n del glifosato, incluida la lista de nuevos estudios para cumplir con los requisitos reglamentarios actuales, se pone a disposici\u00f3n del p\u00fablico en este sitio web, as\u00ed como el <i>feedback<\/i> correspondiente sobre la solicitud del Grupo de Evaluaci\u00f3n del Glifosato (AGG).<\/p>\n<p class=\"p1\">Adem\u00e1s, en este sitio web se puede acceder f\u00e1cilmente a la parte p\u00fablica (es decir, a todo aquello que no es informaci\u00f3n comercial confidencial) del expediente de reaprobaci\u00f3n presentado en 2012. Los informes completos de los estudios, presentados en su momento y sobre los que el Grupo para la Renovaci\u00f3n del Glifosato tiene derechos de acceso y divulgaci\u00f3n, son accesibles a las personas interesadas mediante un sencillo procedimiento de solicitud en l\u00ednea (con la salvedad de los documentos que contienen informaci\u00f3n confidencial, relacionada con la producci\u00f3n y la fuente, y los documentos que no son relevantes para la seguridad).<\/p>\n<p class=\"p1\">Tras la presentaci\u00f3n, podr\u00e1 accederse a toda la parte p\u00fablica del expediente sobre el glifosato de 2020, incluidos los informes de los nuevos estudios, a trav\u00e9s de este sitio web (con la excepci\u00f3n de los documentos que contienen cierta informaci\u00f3n sobre la producci\u00f3n, no relevante para la seguridad).<\/p>\n<p class=\"p1\">Aviso de responsabilidad: para proteger la privacidad de los datos y de acuerdo con la legislaci\u00f3n vigente, toda la informaci\u00f3n personal y las instalaciones de ensayo de los estudios con vertebrados, se han redactado a partir de los documentos hechos p\u00fablicos por el Grupo para la Renovaci\u00f3n del Glifosato.<\/p>\n<p class=\"p1\">El Grupo para la Renovaci\u00f3n del Glifosato se ha inscrito en el Registro de Transparencia de la UE, cuyos detalles pueden consultarse<a href=\"https:\/\/ec.europa.eu\/transparencyregister\/public\/consultation\/displaylobbyist.do?id=720197936300-30&amp;locale=en#en\"><span class=\"s1\"><strong>\u00a0aqu\u00ed. <\/strong>\u00a0<\/span><\/a><\/p>\n","protected":false},"excerpt":{"rendered":"<p>Con vistas a responder a la demanda de mayor transparencia e informar sobre el proceso y todos sus elementos constitutivos, el Grupo para la Renovaci\u00f3n del Glifosato proporciona acceso al dossier cient\u00edfico presentado en 2012 y a los nuevos estudios que se sumaron a las pruebas cient\u00edficas presentadas en 2012, que forman parte del nuevo&hellip;<\/p>\n","protected":false},"author":1,"featured_media":0,"parent":0,"menu_order":379,"comment_status":"closed","ping_status":"closed","template":"views\/template-transparency.blade.php","meta":{"_acf_changed":false,"inline_featured_image":false,"footnotes":""},"class_list":["post-18633","page","type-page","status-publish","hentry"],"acf":[],"yoast_head":"<!-- This site is optimized with the Yoast SEO plugin v27.3 - https:\/\/yoast.com\/product\/yoast-seo-wordpress\/ -->\n<title>Transparency | Glyphosate Renewal Group<\/title>\n<meta name=\"description\" content=\"The GRG is committed to the EU procedure to re-assess and re-approve glyphosate in the EU. The GRG will do so in a factual, scientific and transparent way.\" \/>\n<meta name=\"robots\" content=\"index, follow, max-snippet:-1, max-image-preview:large, max-video-preview:-1\" \/>\n<link rel=\"canonical\" href=\"https:\/\/www.glyphosate.eu\/es\/transparency\/\" \/>\n<meta property=\"og:locale\" content=\"es_ES\" \/>\n<meta property=\"og:type\" content=\"article\" \/>\n<meta property=\"og:title\" content=\"Transparency | Glyphosate Renewal Group\" \/>\n<meta property=\"og:description\" content=\"The GRG is committed to the EU procedure to re-assess and re-approve glyphosate in the EU. The GRG will do so in a factual, scientific and transparent way.\" \/>\n<meta property=\"og:url\" content=\"https:\/\/www.glyphosate.eu\/es\/transparency\/\" \/>\n<meta property=\"og:site_name\" content=\"Glyphosate Renewal Group\" \/>\n<meta property=\"article:modified_time\" content=\"2022-01-04T09:05:19+00:00\" \/>\n<meta name=\"twitter:card\" content=\"summary_large_image\" \/>\n<meta name=\"twitter:label1\" content=\"Est. reading time\" \/>\n\t<meta name=\"twitter:data1\" content=\"2 minutes\" \/>\n<script type=\"application\/ld+json\" class=\"yoast-schema-graph\">{\"@context\":\"https:\\\/\\\/schema.org\",\"@graph\":[{\"@type\":\"WebPage\",\"@id\":\"https:\\\/\\\/www.glyphosate.eu\\\/es\\\/transparency\\\/\",\"url\":\"https:\\\/\\\/www.glyphosate.eu\\\/es\\\/transparency\\\/\",\"name\":\"Transparency | Glyphosate Renewal Group\",\"isPartOf\":{\"@id\":\"https:\\\/\\\/www.glyphosate.eu\\\/#website\"},\"datePublished\":\"2021-08-05T17:11:57+00:00\",\"dateModified\":\"2022-01-04T09:05:19+00:00\",\"description\":\"The GRG is committed to the EU procedure to re-assess and re-approve glyphosate in the EU. The GRG will do so in a factual, scientific and transparent way.\",\"inLanguage\":\"es-ES\",\"potentialAction\":[{\"@type\":\"ReadAction\",\"target\":[\"https:\\\/\\\/www.glyphosate.eu\\\/es\\\/transparency\\\/\"]}]},{\"@type\":\"WebSite\",\"@id\":\"https:\\\/\\\/www.glyphosate.eu\\\/#website\",\"url\":\"https:\\\/\\\/www.glyphosate.eu\\\/\",\"name\":\"Glyphosate Renewal Group\",\"description\":\"Just another WordPress site\",\"potentialAction\":[{\"@type\":\"SearchAction\",\"target\":{\"@type\":\"EntryPoint\",\"urlTemplate\":\"https:\\\/\\\/www.glyphosate.eu\\\/?s={search_term_string}\"},\"query-input\":{\"@type\":\"PropertyValueSpecification\",\"valueRequired\":true,\"valueName\":\"search_term_string\"}}],\"inLanguage\":\"es-ES\"}]}<\/script>\n<!-- \/ Yoast SEO plugin. -->","yoast_head_json":{"title":"Transparency | Glyphosate Renewal Group","description":"The GRG is committed to the EU procedure to re-assess and re-approve glyphosate in the EU. The GRG will do so in a factual, scientific and transparent way.","robots":{"index":"index","follow":"follow","max-snippet":"max-snippet:-1","max-image-preview":"max-image-preview:large","max-video-preview":"max-video-preview:-1"},"canonical":"https:\/\/www.glyphosate.eu\/es\/transparency\/","og_locale":"es_ES","og_type":"article","og_title":"Transparency | Glyphosate Renewal Group","og_description":"The GRG is committed to the EU procedure to re-assess and re-approve glyphosate in the EU. The GRG will do so in a factual, scientific and transparent way.","og_url":"https:\/\/www.glyphosate.eu\/es\/transparency\/","og_site_name":"Glyphosate Renewal Group","article_modified_time":"2022-01-04T09:05:19+00:00","twitter_card":"summary_large_image","twitter_misc":{"Est. reading time":"2 minutes"},"schema":{"@context":"https:\/\/schema.org","@graph":[{"@type":"WebPage","@id":"https:\/\/www.glyphosate.eu\/es\/transparency\/","url":"https:\/\/www.glyphosate.eu\/es\/transparency\/","name":"Transparency | Glyphosate Renewal Group","isPartOf":{"@id":"https:\/\/www.glyphosate.eu\/#website"},"datePublished":"2021-08-05T17:11:57+00:00","dateModified":"2022-01-04T09:05:19+00:00","description":"The GRG is committed to the EU procedure to re-assess and re-approve glyphosate in the EU. The GRG will do so in a factual, scientific and transparent way.","inLanguage":"es-ES","potentialAction":[{"@type":"ReadAction","target":["https:\/\/www.glyphosate.eu\/es\/transparency\/"]}]},{"@type":"WebSite","@id":"https:\/\/www.glyphosate.eu\/#website","url":"https:\/\/www.glyphosate.eu\/","name":"Glyphosate Renewal Group","description":"Just another WordPress site","potentialAction":[{"@type":"SearchAction","target":{"@type":"EntryPoint","urlTemplate":"https:\/\/www.glyphosate.eu\/?s={search_term_string}"},"query-input":{"@type":"PropertyValueSpecification","valueRequired":true,"valueName":"search_term_string"}}],"inLanguage":"es-ES"}]}},"_links":{"self":[{"href":"https:\/\/www.glyphosate.eu\/es\/wp-json\/wp\/v2\/pages\/18633","targetHints":{"allow":["GET"]}}],"collection":[{"href":"https:\/\/www.glyphosate.eu\/es\/wp-json\/wp\/v2\/pages"}],"about":[{"href":"https:\/\/www.glyphosate.eu\/es\/wp-json\/wp\/v2\/types\/page"}],"author":[{"embeddable":true,"href":"https:\/\/www.glyphosate.eu\/es\/wp-json\/wp\/v2\/users\/1"}],"replies":[{"embeddable":true,"href":"https:\/\/www.glyphosate.eu\/es\/wp-json\/wp\/v2\/comments?post=18633"}],"version-history":[{"count":10,"href":"https:\/\/www.glyphosate.eu\/es\/wp-json\/wp\/v2\/pages\/18633\/revisions"}],"predecessor-version":[{"id":27570,"href":"https:\/\/www.glyphosate.eu\/es\/wp-json\/wp\/v2\/pages\/18633\/revisions\/27570"}],"wp:attachment":[{"href":"https:\/\/www.glyphosate.eu\/es\/wp-json\/wp\/v2\/media?parent=18633"}],"curies":[{"name":"wp","href":"https:\/\/api.w.org\/{rel}","templated":true}]}}