{"id":7571,"date":"2020-08-07T10:22:15","date_gmt":"2020-08-07T09:22:15","guid":{"rendered":"https:\/\/www.glyphosate.eu\/der-transparenz-verpflichtet\/mitteilung-der-behoerde\/"},"modified":"2020-10-28T11:27:41","modified_gmt":"2020-10-28T11:27:41","slug":"mitteilung-der-behoerde","status":"publish","type":"page","link":"https:\/\/www.glyphosate.eu\/de\/transparency\/mitteilung-der-behoerde\/","title":{"rendered":"Mitteilung der Beh\u00f6rde"},"content":{"rendered":"<p>Auf dieser Seite finden Sie Kopien der Korrespondenz zwischen der Glyphosate Renewal Group und den Regulierungsbeh\u00f6rden, die an dem Prozess zur Erneuerung der EU-Zulassung von Glyphosat beteiligt sind.<\/p>\n<p>Regelm\u00e4\u00dfige Kommunikation zwischen den beteiligten Parteien ist eine normale Praxis von Regulierungsprozessen. Manchmal ist ein schriftlicher Austausch erforderlich, um Klarstellungen zu erm\u00f6glichen, ohne auf formelle Treffen warten zu m\u00fcssen. Entsprechend ihrer Verpflichtung zur Transparenz wird die Glyphosate Renewal Group die Korrespondenz mit der Assessment Group on Glyphosate (AGG) und anderen Regulierungsbeh\u00f6rden offenlegen.<\/p>\n","protected":false},"excerpt":{"rendered":"<p>Auf dieser Seite finden Sie Kopien der Korrespondenz zwischen der Glyphosate Renewal Group und den Regulierungsbeh\u00f6rden, die an dem Prozess zur Erneuerung der EU-Zulassung von Glyphosat beteiligt sind. Regelm\u00e4\u00dfige Kommunikation zwischen den beteiligten Parteien ist eine normale Praxis von Regulierungsprozessen. Manchmal ist ein schriftlicher Austausch erforderlich, um Klarstellungen zu erm\u00f6glichen, ohne auf formelle Treffen warten &hellip; <a href=\"https:\/\/www.glyphosate.eu\/de\/transparency\/mitteilung-der-behoerde\/\">Fortsetzen<\/a><\/p>\n","protected":false},"author":1,"featured_media":0,"parent":7293,"menu_order":413,"comment_status":"closed","ping_status":"closed","template":"views\/template-authority-communications.blade.php","meta":{"_acf_changed":false,"inline_featured_image":false,"footnotes":""},"class_list":["post-7571","page","type-page","status-publish","hentry"],"acf":[],"yoast_head":"<!-- This site is optimized with the Yoast SEO plugin v27.3 - https:\/\/yoast.com\/product\/yoast-seo-wordpress\/ -->\n<title>Mitteilung der Beh\u00f6rde - Glyphosate Renewal Group<\/title>\n<meta name=\"robots\" content=\"index, follow, max-snippet:-1, max-image-preview:large, max-video-preview:-1\" \/>\n<link rel=\"canonical\" href=\"https:\/\/www.glyphosate.eu\/de\/transparency\/mitteilung-der-behoerde\/\" \/>\n<meta property=\"og:locale\" content=\"de_DE\" \/>\n<meta property=\"og:type\" content=\"article\" \/>\n<meta property=\"og:title\" content=\"Mitteilung der Beh\u00f6rde - Glyphosate Renewal Group\" \/>\n<meta property=\"og:description\" content=\"Auf dieser Seite finden Sie Kopien der Korrespondenz zwischen der Glyphosate Renewal Group und den Regulierungsbeh\u00f6rden, die an dem Prozess zur Erneuerung der EU-Zulassung von Glyphosat beteiligt sind. Regelm\u00e4\u00dfige Kommunikation zwischen den beteiligten Parteien ist eine normale Praxis von Regulierungsprozessen. Manchmal ist ein schriftlicher Austausch erforderlich, um Klarstellungen zu erm\u00f6glichen, ohne auf formelle Treffen warten &hellip; Fortsetzen\" \/>\n<meta property=\"og:url\" content=\"https:\/\/www.glyphosate.eu\/de\/transparency\/mitteilung-der-behoerde\/\" \/>\n<meta property=\"og:site_name\" content=\"Glyphosate Renewal Group\" \/>\n<meta property=\"article:modified_time\" content=\"2020-10-28T11:27:41+00:00\" \/>\n<meta name=\"twitter:card\" content=\"summary_large_image\" \/>\n<script type=\"application\/ld+json\" class=\"yoast-schema-graph\">{\"@context\":\"https:\\\/\\\/schema.org\",\"@graph\":[{\"@type\":\"WebPage\",\"@id\":\"https:\\\/\\\/www.glyphosate.eu\\\/de\\\/transparency\\\/mitteilung-der-behoerde\\\/\",\"url\":\"https:\\\/\\\/www.glyphosate.eu\\\/de\\\/transparency\\\/mitteilung-der-behoerde\\\/\",\"name\":\"Mitteilung der Beh\u00f6rde - Glyphosate Renewal Group\",\"isPartOf\":{\"@id\":\"https:\\\/\\\/www.glyphosate.eu\\\/#website\"},\"datePublished\":\"2020-08-07T09:22:15+00:00\",\"dateModified\":\"2020-10-28T11:27:41+00:00\",\"breadcrumb\":{\"@id\":\"https:\\\/\\\/www.glyphosate.eu\\\/de\\\/transparency\\\/mitteilung-der-behoerde\\\/#breadcrumb\"},\"inLanguage\":\"de-DE\",\"potentialAction\":[{\"@type\":\"ReadAction\",\"target\":[\"https:\\\/\\\/www.glyphosate.eu\\\/de\\\/transparency\\\/mitteilung-der-behoerde\\\/\"]}]},{\"@type\":\"BreadcrumbList\",\"@id\":\"https:\\\/\\\/www.glyphosate.eu\\\/de\\\/transparency\\\/mitteilung-der-behoerde\\\/#breadcrumb\",\"itemListElement\":[{\"@type\":\"ListItem\",\"position\":1,\"name\":\"Transparenz\",\"item\":\"https:\\\/\\\/www.glyphosate.eu\\\/de\\\/transparency\\\/\"},{\"@type\":\"ListItem\",\"position\":2,\"name\":\"Mitteilung der Beh\u00f6rde\"}]},{\"@type\":\"WebSite\",\"@id\":\"https:\\\/\\\/www.glyphosate.eu\\\/#website\",\"url\":\"https:\\\/\\\/www.glyphosate.eu\\\/\",\"name\":\"Glyphosate Renewal Group\",\"description\":\"Just another WordPress site\",\"potentialAction\":[{\"@type\":\"SearchAction\",\"target\":{\"@type\":\"EntryPoint\",\"urlTemplate\":\"https:\\\/\\\/www.glyphosate.eu\\\/?s={search_term_string}\"},\"query-input\":{\"@type\":\"PropertyValueSpecification\",\"valueRequired\":true,\"valueName\":\"search_term_string\"}}],\"inLanguage\":\"de-DE\"}]}<\/script>\n<!-- \/ Yoast SEO plugin. -->","yoast_head_json":{"title":"Mitteilung der Beh\u00f6rde - Glyphosate Renewal Group","robots":{"index":"index","follow":"follow","max-snippet":"max-snippet:-1","max-image-preview":"max-image-preview:large","max-video-preview":"max-video-preview:-1"},"canonical":"https:\/\/www.glyphosate.eu\/de\/transparency\/mitteilung-der-behoerde\/","og_locale":"de_DE","og_type":"article","og_title":"Mitteilung der Beh\u00f6rde - Glyphosate Renewal Group","og_description":"Auf dieser Seite finden Sie Kopien der Korrespondenz zwischen der Glyphosate Renewal Group und den Regulierungsbeh\u00f6rden, die an dem Prozess zur Erneuerung der EU-Zulassung von Glyphosat beteiligt sind. Regelm\u00e4\u00dfige Kommunikation zwischen den beteiligten Parteien ist eine normale Praxis von Regulierungsprozessen. Manchmal ist ein schriftlicher Austausch erforderlich, um Klarstellungen zu erm\u00f6glichen, ohne auf formelle Treffen warten &hellip; Fortsetzen","og_url":"https:\/\/www.glyphosate.eu\/de\/transparency\/mitteilung-der-behoerde\/","og_site_name":"Glyphosate Renewal Group","article_modified_time":"2020-10-28T11:27:41+00:00","twitter_card":"summary_large_image","schema":{"@context":"https:\/\/schema.org","@graph":[{"@type":"WebPage","@id":"https:\/\/www.glyphosate.eu\/de\/transparency\/mitteilung-der-behoerde\/","url":"https:\/\/www.glyphosate.eu\/de\/transparency\/mitteilung-der-behoerde\/","name":"Mitteilung der Beh\u00f6rde - Glyphosate Renewal Group","isPartOf":{"@id":"https:\/\/www.glyphosate.eu\/#website"},"datePublished":"2020-08-07T09:22:15+00:00","dateModified":"2020-10-28T11:27:41+00:00","breadcrumb":{"@id":"https:\/\/www.glyphosate.eu\/de\/transparency\/mitteilung-der-behoerde\/#breadcrumb"},"inLanguage":"de-DE","potentialAction":[{"@type":"ReadAction","target":["https:\/\/www.glyphosate.eu\/de\/transparency\/mitteilung-der-behoerde\/"]}]},{"@type":"BreadcrumbList","@id":"https:\/\/www.glyphosate.eu\/de\/transparency\/mitteilung-der-behoerde\/#breadcrumb","itemListElement":[{"@type":"ListItem","position":1,"name":"Transparenz","item":"https:\/\/www.glyphosate.eu\/de\/transparency\/"},{"@type":"ListItem","position":2,"name":"Mitteilung der Beh\u00f6rde"}]},{"@type":"WebSite","@id":"https:\/\/www.glyphosate.eu\/#website","url":"https:\/\/www.glyphosate.eu\/","name":"Glyphosate Renewal Group","description":"Just another WordPress site","potentialAction":[{"@type":"SearchAction","target":{"@type":"EntryPoint","urlTemplate":"https:\/\/www.glyphosate.eu\/?s={search_term_string}"},"query-input":{"@type":"PropertyValueSpecification","valueRequired":true,"valueName":"search_term_string"}}],"inLanguage":"de-DE"}]}},"_links":{"self":[{"href":"https:\/\/www.glyphosate.eu\/de\/wp-json\/wp\/v2\/pages\/7571","targetHints":{"allow":["GET"]}}],"collection":[{"href":"https:\/\/www.glyphosate.eu\/de\/wp-json\/wp\/v2\/pages"}],"about":[{"href":"https:\/\/www.glyphosate.eu\/de\/wp-json\/wp\/v2\/types\/page"}],"author":[{"embeddable":true,"href":"https:\/\/www.glyphosate.eu\/de\/wp-json\/wp\/v2\/users\/1"}],"replies":[{"embeddable":true,"href":"https:\/\/www.glyphosate.eu\/de\/wp-json\/wp\/v2\/comments?post=7571"}],"version-history":[{"count":3,"href":"https:\/\/www.glyphosate.eu\/de\/wp-json\/wp\/v2\/pages\/7571\/revisions"}],"predecessor-version":[{"id":14520,"href":"https:\/\/www.glyphosate.eu\/de\/wp-json\/wp\/v2\/pages\/7571\/revisions\/14520"}],"up":[{"embeddable":true,"href":"https:\/\/www.glyphosate.eu\/de\/wp-json\/wp\/v2\/pages\/7293"}],"wp:attachment":[{"href":"https:\/\/www.glyphosate.eu\/de\/wp-json\/wp\/v2\/media?parent=7571"}],"curies":[{"name":"wp","href":"https:\/\/api.w.org\/{rel}","templated":true}]}}