{"id":7487,"date":"2020-03-24T11:34:25","date_gmt":"2020-03-24T11:34:25","guid":{"rendered":"https:\/\/www.glyphosate.eu\/privacy-policy-2\/"},"modified":"2021-12-21T11:43:06","modified_gmt":"2021-12-21T11:43:06","slug":"datenschutzerklaerung","status":"publish","type":"page","link":"https:\/\/www.glyphosate.eu\/de\/datenschutzerklaerung\/","title":{"rendered":"Datenschutz- und Cookie-Erkl\u00e4rung"},"content":{"rendered":"<p><span data-preserver-spaces=\"true\">\u00a0\u00a0Diese Webseite (\u201e<\/span><strong><span data-preserver-spaces=\"true\">Webseite<\/span><\/strong><span data-preserver-spaces=\"true\">\u201c) wird bereitgestellt von The Glyphosate Renewal Group (\u201e<\/span><strong><span data-preserver-spaces=\"true\">uns<\/span><\/strong><span data-preserver-spaces=\"true\">\u201c oder \u201e<\/span><strong><span data-preserver-spaces=\"true\">wir<\/span><\/strong><span data-preserver-spaces=\"true\">\u201c). Weitere Informationen hinsichtlich des Providers der Webseite finden Sie sich in unserem\u00a0<\/span><a class=\"editor-rtfLink\" href=\"https:\/\/glyphosate.eu\/imprint\/\" target=\"_blank\" rel=\"noopener\"><span data-preserver-spaces=\"true\">Impressum<\/span><\/a><span data-preserver-spaces=\"true\">.<\/span><\/p>\n<p><span data-preserver-spaces=\"true\">\u00a0\u00a0<\/span><strong><span data-preserver-spaces=\"true\">A. Umgang mit personenbezogenen Daten<\/span><\/strong><\/p>\n<p><span data-preserver-spaces=\"true\">Im Folgenden m\u00f6chten wir Sie dar\u00fcber informieren, wie wir mit Ihren personenbezogenen Daten umgehen, wenn Sie unsere Webseite nutzen.<\/span><\/p>\n<p><span data-preserver-spaces=\"true\">\u00a0\u00a0<\/span><strong><em><span data-preserver-spaces=\"true\">A.1 Nutzung unserer Webseite<\/span><\/em><\/strong><\/p>\n<p><span data-preserver-spaces=\"true\">(i) Zugriff auf unsere Webseite<\/span><\/p>\n<p><span data-preserver-spaces=\"true\">Wenn Sie unsere Webseite aufrufen, \u00fcbertr\u00e4gt Ihr Browser bestimmte Informationen an unseren Webserver. Dies erfolgt aus technischen Gr\u00fcnden und ist erforderlich, um Ihnen die angeforderten Informationen verf\u00fcgbar zu machen.<\/span><\/p>\n<p><span data-preserver-spaces=\"true\">\u00a0\u00a0Die folgenden Informationen werden gesammelt, kurz gespeichert und verwendet:<\/span><\/p>\n<ul>\n<li><span data-preserver-spaces=\"true\">Datum und Zeitpunkt des Zugriffs<\/span><\/li>\n<li><span data-preserver-spaces=\"true\">Zeitzonenunterschied zur Weltzeit (Greenwich Mean Time, GMT)<\/span><\/li>\n<li><span data-preserver-spaces=\"true\">Inhalt der Anfrage (spezifische Seite)<\/span><\/li>\n<li><span data-preserver-spaces=\"true\">Zugriffsstatus\/HTTP-Statuscode<\/span><\/li>\n<li><span data-preserver-spaces=\"true\">Webseite, die Zugriff anfordert<\/span><\/li>\n<li><span data-preserver-spaces=\"true\">Browser, Spracheinstellungen, Version des\/der Browsersoftware-Betriebssystems und -oberfl\u00e4che<\/span><\/li>\n<\/ul>\n<p><span data-preserver-spaces=\"true\"><br \/>\nDie gesetzliche Basis f\u00fcr den Umgang mit diesen Informationen resultiert aus der Tatsache, dass dieser Umgang erforderlich ist, um die Funktionalit\u00e4ten der von Ihnen angeforderten Webseite verf\u00fcgbar zu machen (Art. 6(1)(b) Datenschutz-Grundverordnung). Desweiteren werden wir zur Wahrung unserer berechtigten Interessen diese Informationen f\u00fcr einen begrenzten Zeitraum speichern, um im Fall eines tats\u00e4chlichen oder versuchten unbefugten Zugriffs auf unsere Server in der Lage zu sein, eine Nachverfolgung personenbezogener Daten einzuleiten (Art. 6(1)(f) Datenschutz-Grundverordnung).<\/span><\/p>\n<p><span data-preserver-spaces=\"true\">\u00a0\u00a0(ii) Einstellung von Cookies<\/span><\/p>\n<p><span data-preserver-spaces=\"true\">Diese Webseite verwendet sogenannte \u201eCookies\u201c. Cookies sind kleine Textdateien, die \u00fcber Ihren Browser im Speicher Ihres Endger\u00e4ts gespeichert werden. Sie speichern bestimmte Informationen (z. B. Ihre bevorzugte Sprache oder Seiteneinstellungen), die Ihr Browser (abh\u00e4ngig von der Lebensdauer des Cookies) bei Ihrem n\u00e4chsten Besuch auf unserer Webseite erneut \u00fcbertr\u00e4gt.<\/span><\/p>\n<p><span data-preserver-spaces=\"true\">\u00a0\u00a0<\/span><u><span data-preserver-spaces=\"true\">Liste von Cookies<\/span><\/u><\/p>\n<p><img loading=\"lazy\" decoding=\"async\" class=\"alignnone  wp-image-26849\" src=\"https:\/\/www.glyphosate.eu\/app\/uploads\/2021\/12\/cookies-300x88.png\" alt=\"\" width=\"586\" height=\"172\" srcset=\"https:\/\/www.glyphosate.eu\/app\/uploads\/2021\/12\/cookies-300x88.png 300w, https:\/\/www.glyphosate.eu\/app\/uploads\/2021\/12\/cookies.png 602w\" sizes=\"auto, (max-width: 586px) 100vw, 586px\" \/><\/p>\n<p><span data-preserver-spaces=\"true\">\u00a0\u00a0Wir kategorisieren Cookies f\u00fcr diese Webseite in (1) notwendige Cookies, die f\u00fcr die grundlegenden Funktionalit\u00e4ten der Webseite essentiell sind, und (2) nicht notwendige Cookies, die optional sind und uns dabei helfen, zu analysieren und zu verstehen, wie Sie diese Webseite nutzen.<\/span><\/p>\n<p><span data-preserver-spaces=\"true\">Nicht notwendige Cookies sind standardm\u00e4\u00dfig deaktiviert. Sie k\u00f6nnen Ihr Einverst\u00e4ndnis dazu gew\u00e4hren (Art. 6(1)(a) Datenschutz-Grundverordnung), indem Sie den Dialog der Cookie-Einstellungen dieser Webseite nutzen. Sie k\u00f6nnen den gleichen Dialog nutzen, um Ihr Einverst\u00e4ndnis zur\u00fcckzuziehen und die nicht notwendigen Cookies zu deaktivieren.<\/span><\/p>\n<p><span data-preserver-spaces=\"true\">Sie k\u00f6nnen unsere Webseite auch benutzen, ohne dass Cookies gesetzt werden. Sie k\u00f6nnen in Ihrem Browser jederzeit die Nutzung von Cookies konfigurieren oder komplett deaktivieren. Dies kann jedoch zu einer Einschr\u00e4nkung der Funktionen f\u00fchren oder nachteilige Wirkungen auf die Benutzerfreundlichkeit unserer Webseite haben.<\/span><\/p>\n<p><span data-preserver-spaces=\"true\">\u00a0\u00a0(iii) Webseiten-Analyse mit Google<\/span><\/p>\n<p><span data-preserver-spaces=\"true\">Vorbehaltlich Ihres Einverst\u00e4ndnisses (Art. 6(1)(a) Datenschutz-Grundverordnung) nutzt unsere Webseite einen Netzanalysedienst von Google Inc., 1600 Amphitheatre Parkway, Mountain View, CA 94043, United States (\u201e<\/span><strong><span data-preserver-spaces=\"true\">Google<\/span><\/strong><span data-preserver-spaces=\"true\">\u201c).<\/span><\/p>\n<p><span data-preserver-spaces=\"true\">Google wird in unserem Namen Ihre Nutzung unserer Webseite analysieren. Zu diesem Zweck verwenden wir die Cookies, die in obenstehender Tabelle ausf\u00fchrlicher beschrieben sind. Die von Google gesammelten Informationen in Verbindung mit Ihrer Nutzung unserer Webseite (z. B. die verweisende URL, unsere von Ihnen besuchten Webseiten, Ihr Browsertyp, Ihre Spracheinstellungen, Ihr Betriebssystem, Ihre Bildschirmaufl\u00f6sung) werden zu einem Server von Google in den USA \u00fcbertragen, wo sie gespeichert und analysiert werden. Die jeweiligen Ergebnisse werden uns anschlie\u00dfend in anonymisierter Form verf\u00fcgbar gemacht. Ihre Nutzungsdaten werden w\u00e4hrend dieses Prozesses nicht mit Ihrer vollst\u00e4ndigen IP-Adresse in Verbindung gebracht. Wir haben auf unserer Webseite die von Google angebotene IP-Anonymisierungsfunktion aktiviert, die die letzten 8 Bits (Typ IPv4) oder die letzten 80 Bits (Typ IPv6) Ihrer IP-Adresse nach jedem Datentransfer zu Google l\u00f6scht.<\/span><\/p>\n<p><span data-preserver-spaces=\"true\">Sie k\u00f6nnen jederzeit Ihr Einverst\u00e4ndnis zur Nutzung der Webanalyse widerrufen, entweder durch Herunterladen und Installieren des bereitgestellten Google Browser-Plugins oder durch Nutzung des Dialogs der Cookie-Einstellungen dieser Webseite.<\/span><\/p>\n<p><span data-preserver-spaces=\"true\">\u00a0\u00a0(iv) Nutzung von Kontaktformularen<\/span><\/p>\n<p><span data-preserver-spaces=\"true\">Sie k\u00f6nnen uns direkt \u00fcber die auf unserer Webseite verf\u00fcgbaren Kontaktformulare kontaktieren. Sie k\u00f6nnen uns die folgenden Informationen zur Verf\u00fcgung stellen:<\/span><\/p>\n<ul>\n<li><span data-preserver-spaces=\"true\">Name<\/span><\/li>\n<li><span data-preserver-spaces=\"true\">E-Mail-Adresse<\/span><\/li>\n<li><span data-preserver-spaces=\"true\">Nachricht<\/span><\/li>\n<\/ul>\n<p><span data-preserver-spaces=\"true\">Wir verarbeiten von Ihnen \u00fcber Kontaktformulare zur Verf\u00fcgung gestellte Daten ausschlie\u00dflich zur Verarbeitung Ihrer speziellen Anfrage (Art. 6(1)(b) Datenschutz-Grundverordnung). Wir l\u00f6schen diese Daten, sobald sie zur Bearbeitung oder Weiterverfolgung Ihrer Anfrage nicht mehr erforderlich sind.<\/span><\/p>\n<p><span data-preserver-spaces=\"true\">\u00a0\u00a0<\/span><strong><em><span data-preserver-spaces=\"true\">A.2 \u00dcbermittlung personenbezogener Daten zur Auftragsverarbeitung<\/span><\/em><\/strong><\/p>\n<p><span data-preserver-spaces=\"true\">(i) \u00dcbermittlung von Daten an Dritte<\/span><\/p>\n<p><span data-preserver-spaces=\"true\">F\u00fcr das Verarbeiten Ihrer personenbezogenen Daten nutzen wir in gewissem Umfang spezialisierte Dienstleister. Solche Dienstleister werden sorgf\u00e4ltig ausgew\u00e4hlt und regelm\u00e4\u00dfig von uns \u00fcberwacht. Basierend auf den jeweiligen Datenverarbeitervereinbarungen werden sie personenbezogene Daten ausschlie\u00dflich nach unseren Anweisungen und streng in \u00dcbereinstimmung mit unseren Richtlinien verarbeiten.<\/span><\/p>\n<p><span data-preserver-spaces=\"true\">\u00a0\u00a0Wir teilen Ihre personenbezogenen Daten mit folgenden Dritten:<\/span><\/p>\n<p><img loading=\"lazy\" decoding=\"async\" class=\"alignnone  wp-image-26841\" src=\"https:\/\/www.glyphosate.eu\/app\/uploads\/2021\/12\/cookies-2-300x70.png\" alt=\"\" width=\"630\" height=\"147\" srcset=\"https:\/\/www.glyphosate.eu\/app\/uploads\/2021\/12\/cookies-2-300x70.png 300w, https:\/\/www.glyphosate.eu\/app\/uploads\/2021\/12\/cookies-2.png 602w\" sizes=\"auto, (max-width: 630px) 100vw, 630px\" \/><\/p>\n<p><span data-preserver-spaces=\"true\">\u00a0\u00a0(ii) Verarbeitung personenbezogener Daten au\u00dferhalb der EU \/ des EWR<\/span><\/p>\n<p><span data-preserver-spaces=\"true\">Ihre personenbezogenen Daten k\u00f6nnen zum Teil auch in L\u00e4ndern au\u00dferhalb der Europ\u00e4ischen Union (\u201eEU\u201c) oder des Europ\u00e4ischen Wirtschaftsraums (\u201eEWR\u201c) verarbeitet werden, die ein niedrigeres Datenschutzniveau als europ\u00e4ische L\u00e4nder haben. In solchen F\u00e4llen stellen wir sicher, dass ein ausreichendes Schutzniveau f\u00fcr Ihre personenbezogenen Daten besteht, z. B. durch Abschluss spezieller \u00dcbereinkommen mit unseren Vertragspartnern (Kopie auf Anfrage verf\u00fcgbar) oder wir bitten Sie um Ihr explizites Einverst\u00e4ndnis zu dieser Verarbeitung.<\/span><\/p>\n<p><span data-preserver-spaces=\"true\">\u00a0\u00a0<\/span><strong><span data-preserver-spaces=\"true\">B. Informationen \u00fcber Ihre Rechte<\/span><\/strong><\/p>\n<p><span data-preserver-spaces=\"true\">Die folgenden Rechte stehen Ihnen gem\u00e4\u00df geltenden Datenschutzgesetzen im Allgemeinen zur Verf\u00fcgung:<\/span><\/p>\n<ul>\n<li><span data-preserver-spaces=\"true\">Recht auf Informationen \u00fcber Ihre von uns gespeicherten personenbezogenen Daten,<\/span><\/li>\n<li><span data-preserver-spaces=\"true\">Recht auf Anfrage zur Korrektur, L\u00f6schung oder eingeschr\u00e4nkte Verarbeitung Ihrer personenbezogenen Daten,<\/span><\/li>\n<li><span data-preserver-spaces=\"true\">Recht auf Widerspruch gegen eine Verarbeitung aus Gr\u00fcnden unseres eigenen berechtigten Interesses, des \u00f6ffentlichen Interesses oder der Erstellung eines Pers\u00f6nlichkeitsprofils, es sei denn, wir k\u00f6nnen zwingende, schutzw\u00fcrdige Gr\u00fcnde f\u00fcr die Verarbeitung nachweisen, die Ihre Interessen, Rechte und Freiheit aufheben, oder die Verarbeitung erfolgt zu Zwecken der Durchsetzung, Aus\u00fcbung oder Verteidigung von Rechtsanspr\u00fcchen,<\/span><\/li>\n<li><span data-preserver-spaces=\"true\">Recht auf Daten\u00fcbertragbarkeit,<\/span><\/li>\n<li><span data-preserver-spaces=\"true\">Recht, eine Beschwerde bei einer Datenschutzbeh\u00f6rde einzulegen,<\/span><\/li>\n<\/ul>\n<p><span data-preserver-spaces=\"true\">Sie k\u00f6nnen zu jeder Zeit mit zuk\u00fcnftiger Wirkung Ihr Einverst\u00e4ndnis zur Verarbeitung Ihrer personenbezogenen Daten widerrufen. Weitere Informationen finden Sie in den vorstehenden Kapiteln, in denen die Verarbeitung von personenbezogenen Daten auf Grundlage Ihres Einverst\u00e4ndnisses beschrieben wird.<\/span><\/p>\n<p><span data-preserver-spaces=\"true\">\u00a0\u00a0Falls Sie von Ihren Rechten Gebrauch machen m\u00f6chten, richten Sie Ihre Anfrage an nachstehend angegebenen Kontakt.<\/span><\/p>\n<p><strong><span data-preserver-spaces=\"true\">C. Kontakt<\/span><\/strong><\/p>\n<p><span data-preserver-spaces=\"true\">Bei Fragen, die Sie m\u00f6glicherweise zum Datenschutz haben, schreiben Sie bitte eine E-Mail an\u00a0<\/span><a class=\"editor-rtfLink\" href=\"mailto:privacy@glyphosate.eu\" target=\"_blank\" rel=\"noopener\"><span data-preserver-spaces=\"true\">privacy@glyphosate.eu<\/span><\/a><\/p>\n<p><span data-preserver-spaces=\"true\">Falls Sie einzelne Mitglieder der Glyphosate Renewal Group kontaktieren m\u00f6chten, finden Sie die Kontaktdaten in unserem\u00a0<\/span><a class=\"editor-rtfLink\" href=\"https:\/\/glyphosate.eu\/imprint\/\" target=\"_blank\" rel=\"noopener\"><span data-preserver-spaces=\"true\">Impressum<\/span><\/a><span data-preserver-spaces=\"true\">.<\/span><\/p>\n<p><span data-preserver-spaces=\"true\">\u00a0\u00a0<\/span><strong><span data-preserver-spaces=\"true\">D. \u00c4nderung der Datenschutzerkl\u00e4rung<\/span><\/strong><\/p>\n<p><span data-preserver-spaces=\"true\">Wir k\u00f6nnen unsere Datenschutzerkl\u00e4rung von Zeit zu Zeit aktualisieren. Aktualisierungen zu unserer Datenschutzerkl\u00e4rung werden auf unserer Webseite ver\u00f6ffentlicht. Die \u00c4nderungen werden mit ihrer Ver\u00f6ffentlichung auf unserer Webseite wirksam. Wir empfehlen daher, dass Sie die Seite regelm\u00e4\u00dfig besuchen, um \u00fcber m\u00f6gliche Aktualisierungen informiert zu bleiben.<\/span><\/p>\n<p><span data-preserver-spaces=\"true\">Zuletzt aktualisiert: 25.06.2020.<\/span><\/p>\n","protected":false},"excerpt":{"rendered":"<p>\u00a0\u00a0Diese Webseite (\u201eWebseite\u201c) wird bereitgestellt von The Glyphosate Renewal Group (\u201euns\u201c oder \u201ewir\u201c). Weitere Informationen hinsichtlich des Providers der Webseite finden Sie sich in unserem\u00a0Impressum. \u00a0\u00a0A. Umgang mit personenbezogenen Daten Im Folgenden m\u00f6chten wir Sie dar\u00fcber informieren, wie wir mit Ihren personenbezogenen Daten umgehen, wenn Sie unsere Webseite nutzen. \u00a0\u00a0A.1 Nutzung unserer Webseite (i) Zugriff &hellip; <a href=\"https:\/\/www.glyphosate.eu\/de\/datenschutzerklaerung\/\">Fortsetzen<\/a><\/p>\n","protected":false},"author":1,"featured_media":0,"parent":0,"menu_order":715,"comment_status":"closed","ping_status":"closed","template":"","meta":{"_acf_changed":false,"inline_featured_image":false,"footnotes":""},"class_list":["post-7487","page","type-page","status-publish","hentry"],"acf":[],"yoast_head":"<!-- This site is optimized with the Yoast SEO plugin v27.3 - https:\/\/yoast.com\/product\/yoast-seo-wordpress\/ -->\n<title>Datenschutz- und Cookie-Erkl\u00e4rung - Glyphosate Renewal Group<\/title>\n<meta name=\"robots\" content=\"index, follow, max-snippet:-1, max-image-preview:large, max-video-preview:-1\" \/>\n<link rel=\"canonical\" href=\"https:\/\/www.glyphosate.eu\/de\/datenschutzerklaerung\/\" \/>\n<meta property=\"og:locale\" content=\"de_DE\" \/>\n<meta property=\"og:type\" content=\"article\" \/>\n<meta property=\"og:title\" content=\"Datenschutz- und Cookie-Erkl\u00e4rung - Glyphosate Renewal Group\" \/>\n<meta property=\"og:description\" content=\"\u00a0\u00a0Diese Webseite (\u201eWebseite\u201c) wird bereitgestellt von The Glyphosate Renewal Group (\u201euns\u201c oder \u201ewir\u201c). Weitere Informationen hinsichtlich des Providers der Webseite finden Sie sich in unserem\u00a0Impressum. \u00a0\u00a0A. Umgang mit personenbezogenen Daten Im Folgenden m\u00f6chten wir Sie dar\u00fcber informieren, wie wir mit Ihren personenbezogenen Daten umgehen, wenn Sie unsere Webseite nutzen. \u00a0\u00a0A.1 Nutzung unserer Webseite (i) Zugriff &hellip; Fortsetzen\" \/>\n<meta property=\"og:url\" content=\"https:\/\/www.glyphosate.eu\/de\/datenschutzerklaerung\/\" \/>\n<meta property=\"og:site_name\" content=\"Glyphosate Renewal Group\" \/>\n<meta property=\"article:modified_time\" content=\"2021-12-21T11:43:06+00:00\" \/>\n<meta property=\"og:image\" content=\"https:\/\/www.glyphosate.eu\/app\/uploads\/2021\/12\/cookies-300x88.png\" \/>\n<meta name=\"twitter:card\" content=\"summary_large_image\" \/>\n<meta name=\"twitter:label1\" content=\"Est. reading time\" \/>\n\t<meta name=\"twitter:data1\" content=\"5 minutes\" \/>\n<script type=\"application\/ld+json\" class=\"yoast-schema-graph\">{\"@context\":\"https:\\\/\\\/schema.org\",\"@graph\":[{\"@type\":\"WebPage\",\"@id\":\"https:\\\/\\\/www.glyphosate.eu\\\/de\\\/datenschutzerklaerung\\\/\",\"url\":\"https:\\\/\\\/www.glyphosate.eu\\\/de\\\/datenschutzerklaerung\\\/\",\"name\":\"Datenschutz- und Cookie-Erkl\u00e4rung - Glyphosate Renewal Group\",\"isPartOf\":{\"@id\":\"https:\\\/\\\/www.glyphosate.eu\\\/#website\"},\"primaryImageOfPage\":{\"@id\":\"https:\\\/\\\/www.glyphosate.eu\\\/de\\\/datenschutzerklaerung\\\/#primaryimage\"},\"image\":{\"@id\":\"https:\\\/\\\/www.glyphosate.eu\\\/de\\\/datenschutzerklaerung\\\/#primaryimage\"},\"thumbnailUrl\":\"https:\\\/\\\/www.glyphosate.eu\\\/app\\\/uploads\\\/2021\\\/12\\\/cookies-300x88.png\",\"datePublished\":\"2020-03-24T11:34:25+00:00\",\"dateModified\":\"2021-12-21T11:43:06+00:00\",\"inLanguage\":\"de-DE\",\"potentialAction\":[{\"@type\":\"ReadAction\",\"target\":[\"https:\\\/\\\/www.glyphosate.eu\\\/de\\\/datenschutzerklaerung\\\/\"]}]},{\"@type\":\"ImageObject\",\"inLanguage\":\"de-DE\",\"@id\":\"https:\\\/\\\/www.glyphosate.eu\\\/de\\\/datenschutzerklaerung\\\/#primaryimage\",\"url\":\"https:\\\/\\\/www.glyphosate.eu\\\/app\\\/uploads\\\/2021\\\/12\\\/cookies-300x88.png\",\"contentUrl\":\"https:\\\/\\\/www.glyphosate.eu\\\/app\\\/uploads\\\/2021\\\/12\\\/cookies-300x88.png\"},{\"@type\":\"WebSite\",\"@id\":\"https:\\\/\\\/www.glyphosate.eu\\\/#website\",\"url\":\"https:\\\/\\\/www.glyphosate.eu\\\/\",\"name\":\"Glyphosate Renewal Group\",\"description\":\"Just another WordPress site\",\"potentialAction\":[{\"@type\":\"SearchAction\",\"target\":{\"@type\":\"EntryPoint\",\"urlTemplate\":\"https:\\\/\\\/www.glyphosate.eu\\\/?s={search_term_string}\"},\"query-input\":{\"@type\":\"PropertyValueSpecification\",\"valueRequired\":true,\"valueName\":\"search_term_string\"}}],\"inLanguage\":\"de-DE\"}]}<\/script>\n<!-- \/ Yoast SEO plugin. -->","yoast_head_json":{"title":"Datenschutz- und Cookie-Erkl\u00e4rung - Glyphosate Renewal Group","robots":{"index":"index","follow":"follow","max-snippet":"max-snippet:-1","max-image-preview":"max-image-preview:large","max-video-preview":"max-video-preview:-1"},"canonical":"https:\/\/www.glyphosate.eu\/de\/datenschutzerklaerung\/","og_locale":"de_DE","og_type":"article","og_title":"Datenschutz- und Cookie-Erkl\u00e4rung - Glyphosate Renewal Group","og_description":"\u00a0\u00a0Diese Webseite (\u201eWebseite\u201c) wird bereitgestellt von The Glyphosate Renewal Group (\u201euns\u201c oder \u201ewir\u201c). Weitere Informationen hinsichtlich des Providers der Webseite finden Sie sich in unserem\u00a0Impressum. \u00a0\u00a0A. Umgang mit personenbezogenen Daten Im Folgenden m\u00f6chten wir Sie dar\u00fcber informieren, wie wir mit Ihren personenbezogenen Daten umgehen, wenn Sie unsere Webseite nutzen. \u00a0\u00a0A.1 Nutzung unserer Webseite (i) Zugriff &hellip; Fortsetzen","og_url":"https:\/\/www.glyphosate.eu\/de\/datenschutzerklaerung\/","og_site_name":"Glyphosate Renewal Group","article_modified_time":"2021-12-21T11:43:06+00:00","og_image":[{"url":"https:\/\/www.glyphosate.eu\/app\/uploads\/2021\/12\/cookies-300x88.png","type":"","width":"","height":""}],"twitter_card":"summary_large_image","twitter_misc":{"Est. reading time":"5 minutes"},"schema":{"@context":"https:\/\/schema.org","@graph":[{"@type":"WebPage","@id":"https:\/\/www.glyphosate.eu\/de\/datenschutzerklaerung\/","url":"https:\/\/www.glyphosate.eu\/de\/datenschutzerklaerung\/","name":"Datenschutz- und Cookie-Erkl\u00e4rung - Glyphosate Renewal Group","isPartOf":{"@id":"https:\/\/www.glyphosate.eu\/#website"},"primaryImageOfPage":{"@id":"https:\/\/www.glyphosate.eu\/de\/datenschutzerklaerung\/#primaryimage"},"image":{"@id":"https:\/\/www.glyphosate.eu\/de\/datenschutzerklaerung\/#primaryimage"},"thumbnailUrl":"https:\/\/www.glyphosate.eu\/app\/uploads\/2021\/12\/cookies-300x88.png","datePublished":"2020-03-24T11:34:25+00:00","dateModified":"2021-12-21T11:43:06+00:00","inLanguage":"de-DE","potentialAction":[{"@type":"ReadAction","target":["https:\/\/www.glyphosate.eu\/de\/datenschutzerklaerung\/"]}]},{"@type":"ImageObject","inLanguage":"de-DE","@id":"https:\/\/www.glyphosate.eu\/de\/datenschutzerklaerung\/#primaryimage","url":"https:\/\/www.glyphosate.eu\/app\/uploads\/2021\/12\/cookies-300x88.png","contentUrl":"https:\/\/www.glyphosate.eu\/app\/uploads\/2021\/12\/cookies-300x88.png"},{"@type":"WebSite","@id":"https:\/\/www.glyphosate.eu\/#website","url":"https:\/\/www.glyphosate.eu\/","name":"Glyphosate Renewal Group","description":"Just another WordPress site","potentialAction":[{"@type":"SearchAction","target":{"@type":"EntryPoint","urlTemplate":"https:\/\/www.glyphosate.eu\/?s={search_term_string}"},"query-input":{"@type":"PropertyValueSpecification","valueRequired":true,"valueName":"search_term_string"}}],"inLanguage":"de-DE"}]}},"_links":{"self":[{"href":"https:\/\/www.glyphosate.eu\/de\/wp-json\/wp\/v2\/pages\/7487","targetHints":{"allow":["GET"]}}],"collection":[{"href":"https:\/\/www.glyphosate.eu\/de\/wp-json\/wp\/v2\/pages"}],"about":[{"href":"https:\/\/www.glyphosate.eu\/de\/wp-json\/wp\/v2\/types\/page"}],"author":[{"embeddable":true,"href":"https:\/\/www.glyphosate.eu\/de\/wp-json\/wp\/v2\/users\/1"}],"replies":[{"embeddable":true,"href":"https:\/\/www.glyphosate.eu\/de\/wp-json\/wp\/v2\/comments?post=7487"}],"version-history":[{"count":6,"href":"https:\/\/www.glyphosate.eu\/de\/wp-json\/wp\/v2\/pages\/7487\/revisions"}],"predecessor-version":[{"id":26858,"href":"https:\/\/www.glyphosate.eu\/de\/wp-json\/wp\/v2\/pages\/7487\/revisions\/26858"}],"wp:attachment":[{"href":"https:\/\/www.glyphosate.eu\/de\/wp-json\/wp\/v2\/media?parent=7487"}],"curies":[{"name":"wp","href":"https:\/\/api.w.org\/{rel}","templated":true}]}}