{"id":7468,"date":"2020-01-03T09:53:34","date_gmt":"2020-01-03T09:53:34","guid":{"rendered":"https:\/\/www.glyphosate.eu\/der-transparenz-verpflichtet\/scientific-dossier\/"},"modified":"2024-07-01T13:21:19","modified_gmt":"2024-07-01T12:21:19","slug":"scientific-dossier","status":"publish","type":"page","link":"https:\/\/www.glyphosate.eu\/de\/transparency\/scientific-dossier\/","title":{"rendered":"Wissenschaftsdossier"},"content":{"rendered":"<p>Ein wichtiger Teil des regulatorischen Vorgangs zur Genehmigung von Einsatz und Vermarktung von Glyphosat in der EU ist die Vorlage wissenschaftlicher Nachweise seiner Sicherheit bei den zust\u00e4ndigen L\u00e4nder- und EU-Beh\u00f6rden.<\/p>\n<p>Die Glyphosate Renewal Group legte der AGG \u2013 bestehend aus den Regulierungsbeh\u00f6rden von Frankreich, den Niederlanden Schweden und Ungarn \u2013 das Wissenschaftsdossier zur Pr\u00fcfung und Risikobewertung vor. Dieses Dossier umfasst mehr als 100 neue Studien und Zusammenfassungen von Studien, die die Sicherheit von Glyphosat belegen. Zudem enth\u00e4lt es die wichtigsten Informationen aus der Pr\u00fcfung von 12.000 \u00f6ffentlich zug\u00e4nglichen Fachartikeln.<\/p>\n<p>Sie untermauern die Nachweise aus dem vorherigen Wiederzulassungsverfahren (2012\u20132017), das zur EU-weiten Wiederzulassung von Glyphosat f\u00fcr f\u00fcnf Jahre gef\u00fchrt hatte.<\/p>\n<div class=\"group\/conversation-turn relative flex w-full min-w-0 flex-col agent-turn\">\n<div class=\"flex-col gap-1 md:gap-3\">\n<div class=\"flex flex-grow flex-col max-w-full\">\n<div class=\"min-h-[20px] text-message flex flex-col items-start whitespace-pre-wrap break-words [.text-message+&amp;]:mt-5 juice:w-full juice:items-end overflow-x-auto gap-2\" dir=\"auto\" data-message-author-role=\"assistant\" data-message-id=\"b1f1deb7-c2df-4f8c-b236-79f11d2a11ea\">\n<div class=\"flex w-full flex-col gap-1 juice:empty:hidden juice:first:pt-[3px]\">\n<div class=\"markdown prose w-full break-words dark:prose-invert light\">\n<p>Die Glyphosate Renewal Group setzt sich f\u00fcr Transparenz ein und hat die Listen der 2012 und 2020 eingereichten Studienberichte \u00f6ffentlich zug\u00e4nglich gemacht.<br \/>\nUm auf diese Berichte zuzugreifen, besuchen Sie bitte die Website der <span style=\"color: #0000ff;\"><a style=\"color: #0000ff;\" href=\"https:\/\/open.efsa.europa.eu\/questions\" target=\"_new\" rel=\"noreferrer noopener\">Europ\u00e4ischen Beh\u00f6rde f\u00fcr Lebensmittelsicherheit (EFSA)<\/a><\/span>, wo Sie die erforderlichen Dokumente anfordern k\u00f6nnen. Dies stellt sicher, dass alle Interessengruppen die notwendigen Daten und Erkenntnisse erhalten k\u00f6nnen.<\/p>\n<\/div>\n<\/div>\n<\/div>\n<\/div>\n<\/div>\n<\/div>\n<p><a href=\"https:\/\/eur-lex.europa.eu\/legal-content\/EN\/TXT\/?uri=celex%3A32009R1107\">* Verordnung (EG) Nr. 1107\/2009 des europ\u00e4ischen Parlaments und des Rates vom 21. Oktober 2009 \u00fcber das Inverkehrbringen von Pflanzenschutzmitteln<\/a><\/p>\n","protected":false},"excerpt":{"rendered":"<p>Ein wichtiger Teil des regulatorischen Vorgangs zur Genehmigung von Einsatz und Vermarktung von Glyphosat in der EU ist die Vorlage wissenschaftlicher Nachweise seiner Sicherheit bei den zust\u00e4ndigen L\u00e4nder- und EU-Beh\u00f6rden. Die Glyphosate Renewal Group legte der AGG \u2013 bestehend aus den Regulierungsbeh\u00f6rden von Frankreich, den Niederlanden Schweden und Ungarn \u2013 das Wissenschaftsdossier zur Pr\u00fcfung und &hellip; <a href=\"https:\/\/www.glyphosate.eu\/de\/transparency\/scientific-dossier\/\">Fortsetzen<\/a><\/p>\n","protected":false},"author":1,"featured_media":0,"parent":7293,"menu_order":424,"comment_status":"closed","ping_status":"closed","template":"views\/template-transparency.blade.php","meta":{"_acf_changed":false,"inline_featured_image":false,"footnotes":""},"class_list":["post-7468","page","type-page","status-publish","hentry"],"acf":[],"yoast_head":"<!-- This site is optimized with the Yoast SEO plugin v27.3 - https:\/\/yoast.com\/product\/yoast-seo-wordpress\/ -->\n<title>Wissenschaftsdossier - Glyphosate Renewal Group<\/title>\n<meta name=\"robots\" content=\"index, follow, max-snippet:-1, max-image-preview:large, max-video-preview:-1\" \/>\n<link rel=\"canonical\" href=\"https:\/\/www.glyphosate.eu\/de\/transparency\/scientific-dossier\/\" \/>\n<meta property=\"og:locale\" content=\"de_DE\" \/>\n<meta property=\"og:type\" content=\"article\" \/>\n<meta property=\"og:title\" content=\"Wissenschaftsdossier - Glyphosate Renewal Group\" \/>\n<meta property=\"og:description\" content=\"Ein wichtiger Teil des regulatorischen Vorgangs zur Genehmigung von Einsatz und Vermarktung von Glyphosat in der EU ist die Vorlage wissenschaftlicher Nachweise seiner Sicherheit bei den zust\u00e4ndigen L\u00e4nder- und EU-Beh\u00f6rden. Die Glyphosate Renewal Group legte der AGG \u2013 bestehend aus den Regulierungsbeh\u00f6rden von Frankreich, den Niederlanden Schweden und Ungarn \u2013 das Wissenschaftsdossier zur Pr\u00fcfung und &hellip; Fortsetzen\" \/>\n<meta property=\"og:url\" content=\"https:\/\/www.glyphosate.eu\/de\/transparency\/scientific-dossier\/\" \/>\n<meta property=\"og:site_name\" content=\"Glyphosate Renewal Group\" \/>\n<meta property=\"article:modified_time\" content=\"2024-07-01T12:21:19+00:00\" \/>\n<meta name=\"twitter:card\" content=\"summary_large_image\" \/>\n<meta name=\"twitter:label1\" content=\"Est. reading time\" \/>\n\t<meta name=\"twitter:data1\" content=\"1 minute\" \/>\n<script type=\"application\/ld+json\" class=\"yoast-schema-graph\">{\"@context\":\"https:\\\/\\\/schema.org\",\"@graph\":[{\"@type\":\"WebPage\",\"@id\":\"https:\\\/\\\/www.glyphosate.eu\\\/de\\\/transparency\\\/scientific-dossier\\\/\",\"url\":\"https:\\\/\\\/www.glyphosate.eu\\\/de\\\/transparency\\\/scientific-dossier\\\/\",\"name\":\"Wissenschaftsdossier - Glyphosate Renewal Group\",\"isPartOf\":{\"@id\":\"https:\\\/\\\/www.glyphosate.eu\\\/#website\"},\"datePublished\":\"2020-01-03T09:53:34+00:00\",\"dateModified\":\"2024-07-01T12:21:19+00:00\",\"breadcrumb\":{\"@id\":\"https:\\\/\\\/www.glyphosate.eu\\\/de\\\/transparency\\\/scientific-dossier\\\/#breadcrumb\"},\"inLanguage\":\"de-DE\",\"potentialAction\":[{\"@type\":\"ReadAction\",\"target\":[\"https:\\\/\\\/www.glyphosate.eu\\\/de\\\/transparency\\\/scientific-dossier\\\/\"]}]},{\"@type\":\"BreadcrumbList\",\"@id\":\"https:\\\/\\\/www.glyphosate.eu\\\/de\\\/transparency\\\/scientific-dossier\\\/#breadcrumb\",\"itemListElement\":[{\"@type\":\"ListItem\",\"position\":1,\"name\":\"Transparenz\",\"item\":\"https:\\\/\\\/www.glyphosate.eu\\\/de\\\/transparency\\\/\"},{\"@type\":\"ListItem\",\"position\":2,\"name\":\"Wissenschaftsdossier\"}]},{\"@type\":\"WebSite\",\"@id\":\"https:\\\/\\\/www.glyphosate.eu\\\/#website\",\"url\":\"https:\\\/\\\/www.glyphosate.eu\\\/\",\"name\":\"Glyphosate Renewal Group\",\"description\":\"Just another WordPress site\",\"potentialAction\":[{\"@type\":\"SearchAction\",\"target\":{\"@type\":\"EntryPoint\",\"urlTemplate\":\"https:\\\/\\\/www.glyphosate.eu\\\/?s={search_term_string}\"},\"query-input\":{\"@type\":\"PropertyValueSpecification\",\"valueRequired\":true,\"valueName\":\"search_term_string\"}}],\"inLanguage\":\"de-DE\"}]}<\/script>\n<!-- \/ Yoast SEO plugin. -->","yoast_head_json":{"title":"Wissenschaftsdossier - Glyphosate Renewal Group","robots":{"index":"index","follow":"follow","max-snippet":"max-snippet:-1","max-image-preview":"max-image-preview:large","max-video-preview":"max-video-preview:-1"},"canonical":"https:\/\/www.glyphosate.eu\/de\/transparency\/scientific-dossier\/","og_locale":"de_DE","og_type":"article","og_title":"Wissenschaftsdossier - Glyphosate Renewal Group","og_description":"Ein wichtiger Teil des regulatorischen Vorgangs zur Genehmigung von Einsatz und Vermarktung von Glyphosat in der EU ist die Vorlage wissenschaftlicher Nachweise seiner Sicherheit bei den zust\u00e4ndigen L\u00e4nder- und EU-Beh\u00f6rden. Die Glyphosate Renewal Group legte der AGG \u2013 bestehend aus den Regulierungsbeh\u00f6rden von Frankreich, den Niederlanden Schweden und Ungarn \u2013 das Wissenschaftsdossier zur Pr\u00fcfung und &hellip; Fortsetzen","og_url":"https:\/\/www.glyphosate.eu\/de\/transparency\/scientific-dossier\/","og_site_name":"Glyphosate Renewal Group","article_modified_time":"2024-07-01T12:21:19+00:00","twitter_card":"summary_large_image","twitter_misc":{"Est. reading time":"1 minute"},"schema":{"@context":"https:\/\/schema.org","@graph":[{"@type":"WebPage","@id":"https:\/\/www.glyphosate.eu\/de\/transparency\/scientific-dossier\/","url":"https:\/\/www.glyphosate.eu\/de\/transparency\/scientific-dossier\/","name":"Wissenschaftsdossier - Glyphosate Renewal Group","isPartOf":{"@id":"https:\/\/www.glyphosate.eu\/#website"},"datePublished":"2020-01-03T09:53:34+00:00","dateModified":"2024-07-01T12:21:19+00:00","breadcrumb":{"@id":"https:\/\/www.glyphosate.eu\/de\/transparency\/scientific-dossier\/#breadcrumb"},"inLanguage":"de-DE","potentialAction":[{"@type":"ReadAction","target":["https:\/\/www.glyphosate.eu\/de\/transparency\/scientific-dossier\/"]}]},{"@type":"BreadcrumbList","@id":"https:\/\/www.glyphosate.eu\/de\/transparency\/scientific-dossier\/#breadcrumb","itemListElement":[{"@type":"ListItem","position":1,"name":"Transparenz","item":"https:\/\/www.glyphosate.eu\/de\/transparency\/"},{"@type":"ListItem","position":2,"name":"Wissenschaftsdossier"}]},{"@type":"WebSite","@id":"https:\/\/www.glyphosate.eu\/#website","url":"https:\/\/www.glyphosate.eu\/","name":"Glyphosate Renewal Group","description":"Just another WordPress site","potentialAction":[{"@type":"SearchAction","target":{"@type":"EntryPoint","urlTemplate":"https:\/\/www.glyphosate.eu\/?s={search_term_string}"},"query-input":{"@type":"PropertyValueSpecification","valueRequired":true,"valueName":"search_term_string"}}],"inLanguage":"de-DE"}]}},"_links":{"self":[{"href":"https:\/\/www.glyphosate.eu\/de\/wp-json\/wp\/v2\/pages\/7468","targetHints":{"allow":["GET"]}}],"collection":[{"href":"https:\/\/www.glyphosate.eu\/de\/wp-json\/wp\/v2\/pages"}],"about":[{"href":"https:\/\/www.glyphosate.eu\/de\/wp-json\/wp\/v2\/types\/page"}],"author":[{"embeddable":true,"href":"https:\/\/www.glyphosate.eu\/de\/wp-json\/wp\/v2\/users\/1"}],"replies":[{"embeddable":true,"href":"https:\/\/www.glyphosate.eu\/de\/wp-json\/wp\/v2\/comments?post=7468"}],"version-history":[{"count":18,"href":"https:\/\/www.glyphosate.eu\/de\/wp-json\/wp\/v2\/pages\/7468\/revisions"}],"predecessor-version":[{"id":35268,"href":"https:\/\/www.glyphosate.eu\/de\/wp-json\/wp\/v2\/pages\/7468\/revisions\/35268"}],"up":[{"embeddable":true,"href":"https:\/\/www.glyphosate.eu\/de\/wp-json\/wp\/v2\/pages\/7293"}],"wp:attachment":[{"href":"https:\/\/www.glyphosate.eu\/de\/wp-json\/wp\/v2\/media?parent=7468"}],"curies":[{"name":"wp","href":"https:\/\/api.w.org\/{rel}","templated":true}]}}