{"id":7463,"date":"2019-10-15T14:30:07","date_gmt":"2019-10-15T13:30:07","guid":{"rendered":"https:\/\/www.glyphosate.eu\/privacy-policy-fr\/"},"modified":"2020-07-27T16:07:22","modified_gmt":"2020-07-27T15:07:22","slug":"nutzungsvereinbarung-fuer-glyphosatstudie-datenschutzerklaerung","status":"publish","type":"page","link":"https:\/\/www.glyphosate.eu\/de\/nutzungsvereinbarung-fuer-glyphosatstudie-datenschutzerklaerung\/","title":{"rendered":"Nutzungsvereinbarung f\u00fcr Glyphosatstudie \u2013 Datenschutzerkl\u00e4rung"},"content":{"rendered":"<p>Informationen zur Verarbeitung Ihrer personenbezogenen Daten und Ihren Datenschutzrechten<\/p>\n<p>m\u00f6chte Sie \u00fcber die Verarbeitung Ihrer personenbezogenen Daten im Rahmen der Nutzungsvereinbarung f\u00fcr Glyphosatstudien (im Folgenden \u201eNutzungsvereinbarung\u201c) zwischen Ihnen und uns informieren. Ihre personenbezogenen Daten unterliegen dem Schutz der Datenschutzgrundverordnung (DSGVO). Bei der Verarbeitung Ihrer personenbezogenen Daten sind wir f\u00fcr die Erf\u00fcllung aller Anforderungen der DSGVO verantwortlich.<\/p>\n<p>Wir erheben und verarbeiten Ihre personenbezogenen Daten zur Erf\u00fcllung der Nutzungsvereinbarung, in deren Rahmen wir Ihnen Informationen zu wissenschaftlichen Studien \u00fcber Glyphosat bereitstellen. Zudem nutzen wir Ihre personenbezogenen Daten zur Erleichterung des wissenschaftlichen Austauschs mit Ihnen. Die Datenverarbeitung erfolgt auf der Grundlage von Art. 6(1) b) und f).<\/p>\n<p>Bei den von uns erhobenen und verarbeiteten personenbezogenen Daten handelt es sich um Ihre Kontaktdaten (z. B. Name, Organisation, Adresse, E-Mail-Adresse) sowie Ihr Interesse an Glyphosat (z. B. Name der Glyphosatstudie).<\/p>\n<p>Auf Ihre personenbezogenen Daten k\u00f6nnen die Abteilungen zugreifen, die bei uns an der Bereitstellung der entsprechenden Informationen f\u00fcr Sie beteiligt sind und m\u00f6gliche anschlie\u00dfende Aktivit\u00e4ten betreuen. Zudem k\u00f6nnen Ihre personenbezogenen Daten an unsere Tochtergesellschaften und Dienstleister weitergegeben werden, die an der Erf\u00fcllung der Nutzungsvereinbarung beteiligt sind. Besagte Dienstleister werden von uns sorgsam ausgew\u00e4hlt und regelm\u00e4\u00dfig \u00fcberpr\u00fcft. Personenbezogene Daten verarbeiten sie ausschlie\u00dflich gem\u00e4\u00df unseren Anweisungen und auf der Grundlage entsprechender Datenverarbeitungsvereinbarungen.<\/p>\n<p>Ihre personenbezogenen Daten k\u00f6nnen gegebenenfalls in ein Land au\u00dferhalb des Europ\u00e4ischen Wirtschaftsraums \u00fcbertragen und dort verarbeitet werden, das laut der Europ\u00e4ischen Kommission keinen angemessenen Datenschutz gew\u00e4hrleistet. In solchen F\u00e4llen werden wir der DSGVO entsprechende, angemessene Datenschutzma\u00dfnahmen ergreifen. So gelten bei uns grunds\u00e4tzlich die von der Europ\u00e4ischen Kommission verabschiedeten sogenannten Standarddatenschutzklauseln. Auf Anfrage lassen wir Ihnen ein Exemplar zukommen. Auch alternative Datenschutzma\u00dfnahmen sind denkbar.<\/p>\n<p>Wir speichern Ihre personenbezogenen Daten mindestens 15 Jahre lang. Anschlie\u00dfend werden sie gel\u00f6scht, sofern die weitere Verarbeitung nicht gesetzlich begr\u00fcndet ist. <\/p>\n<p>Sie k\u00f6nnen bei uns Informationen \u00fcber Ihre personenbezogenen Daten einholen, auf diese zugreifen, ihre Berichtigung, L\u00f6schung oder eingeschr\u00e4nkte Verarbeitung verlangen oder der Verarbeitung widersprechen. Ferner haben Sie ein Recht auf Daten\u00fcbertragbarkeit. Sie k\u00f6nnen zudem Beschwerde bei Ihrer zust\u00e4ndigen Datenschutzbeh\u00f6rde einreichen.<\/p>\n<p>Fragen zum Datenschutz senden Sie bitte per E-Mail an <a href=\"mailto:privacy@glyphosate.eu\">privacy@glyphosate.eu<\/a><\/p>\n","protected":false},"excerpt":{"rendered":"<p>Informationen zur Verarbeitung Ihrer personenbezogenen Daten und Ihren Datenschutzrechten m\u00f6chte Sie \u00fcber die Verarbeitung Ihrer personenbezogenen Daten im Rahmen der Nutzungsvereinbarung f\u00fcr Glyphosatstudien (im Folgenden \u201eNutzungsvereinbarung\u201c) zwischen Ihnen und uns informieren. Ihre personenbezogenen Daten unterliegen dem Schutz der Datenschutzgrundverordnung (DSGVO). Bei der Verarbeitung Ihrer personenbezogenen Daten sind wir f\u00fcr die Erf\u00fcllung aller Anforderungen der DSGVO &hellip; <a href=\"https:\/\/www.glyphosate.eu\/de\/nutzungsvereinbarung-fuer-glyphosatstudie-datenschutzerklaerung\/\">Fortsetzen<\/a><\/p>\n","protected":false},"author":1,"featured_media":0,"parent":0,"menu_order":590,"comment_status":"closed","ping_status":"open","template":"views\/template-basic-content.blade.php","meta":{"_acf_changed":false,"inline_featured_image":false,"footnotes":""},"class_list":["post-7463","page","type-page","status-publish","hentry"],"acf":[],"yoast_head":"<!-- This site is optimized with the Yoast SEO plugin v27.3 - https:\/\/yoast.com\/product\/yoast-seo-wordpress\/ -->\n<title>Nutzungsvereinbarung f\u00fcr Glyphosatstudie \u2013 Datenschutzerkl\u00e4rung - Glyphosate Renewal Group<\/title>\n<meta name=\"robots\" content=\"index, follow, max-snippet:-1, max-image-preview:large, max-video-preview:-1\" \/>\n<link rel=\"canonical\" href=\"https:\/\/www.glyphosate.eu\/de\/nutzungsvereinbarung-fuer-glyphosatstudie-datenschutzerklaerung\/\" \/>\n<meta property=\"og:locale\" content=\"de_DE\" \/>\n<meta property=\"og:type\" content=\"article\" \/>\n<meta property=\"og:title\" content=\"Nutzungsvereinbarung f\u00fcr Glyphosatstudie \u2013 Datenschutzerkl\u00e4rung - Glyphosate Renewal Group\" \/>\n<meta property=\"og:description\" content=\"Informationen zur Verarbeitung Ihrer personenbezogenen Daten und Ihren Datenschutzrechten m\u00f6chte Sie \u00fcber die Verarbeitung Ihrer personenbezogenen Daten im Rahmen der Nutzungsvereinbarung f\u00fcr Glyphosatstudien (im Folgenden \u201eNutzungsvereinbarung\u201c) zwischen Ihnen und uns informieren. Ihre personenbezogenen Daten unterliegen dem Schutz der Datenschutzgrundverordnung (DSGVO). Bei der Verarbeitung Ihrer personenbezogenen Daten sind wir f\u00fcr die Erf\u00fcllung aller Anforderungen der DSGVO &hellip; Fortsetzen\" \/>\n<meta property=\"og:url\" content=\"https:\/\/www.glyphosate.eu\/de\/nutzungsvereinbarung-fuer-glyphosatstudie-datenschutzerklaerung\/\" \/>\n<meta property=\"og:site_name\" content=\"Glyphosate Renewal Group\" \/>\n<meta property=\"article:modified_time\" content=\"2020-07-27T15:07:22+00:00\" \/>\n<meta name=\"twitter:card\" content=\"summary_large_image\" \/>\n<meta name=\"twitter:label1\" content=\"Est. reading time\" \/>\n\t<meta name=\"twitter:data1\" content=\"2 minutes\" \/>\n<script type=\"application\/ld+json\" class=\"yoast-schema-graph\">{\"@context\":\"https:\\\/\\\/schema.org\",\"@graph\":[{\"@type\":\"WebPage\",\"@id\":\"https:\\\/\\\/www.glyphosate.eu\\\/de\\\/nutzungsvereinbarung-fuer-glyphosatstudie-datenschutzerklaerung\\\/\",\"url\":\"https:\\\/\\\/www.glyphosate.eu\\\/de\\\/nutzungsvereinbarung-fuer-glyphosatstudie-datenschutzerklaerung\\\/\",\"name\":\"Nutzungsvereinbarung f\u00fcr Glyphosatstudie \u2013 Datenschutzerkl\u00e4rung - Glyphosate Renewal Group\",\"isPartOf\":{\"@id\":\"https:\\\/\\\/www.glyphosate.eu\\\/#website\"},\"datePublished\":\"2019-10-15T13:30:07+00:00\",\"dateModified\":\"2020-07-27T15:07:22+00:00\",\"inLanguage\":\"de-DE\",\"potentialAction\":[{\"@type\":\"ReadAction\",\"target\":[\"https:\\\/\\\/www.glyphosate.eu\\\/de\\\/nutzungsvereinbarung-fuer-glyphosatstudie-datenschutzerklaerung\\\/\"]}]},{\"@type\":\"WebSite\",\"@id\":\"https:\\\/\\\/www.glyphosate.eu\\\/#website\",\"url\":\"https:\\\/\\\/www.glyphosate.eu\\\/\",\"name\":\"Glyphosate Renewal Group\",\"description\":\"Just another WordPress site\",\"potentialAction\":[{\"@type\":\"SearchAction\",\"target\":{\"@type\":\"EntryPoint\",\"urlTemplate\":\"https:\\\/\\\/www.glyphosate.eu\\\/?s={search_term_string}\"},\"query-input\":{\"@type\":\"PropertyValueSpecification\",\"valueRequired\":true,\"valueName\":\"search_term_string\"}}],\"inLanguage\":\"de-DE\"}]}<\/script>\n<!-- \/ Yoast SEO plugin. -->","yoast_head_json":{"title":"Nutzungsvereinbarung f\u00fcr Glyphosatstudie \u2013 Datenschutzerkl\u00e4rung - Glyphosate Renewal Group","robots":{"index":"index","follow":"follow","max-snippet":"max-snippet:-1","max-image-preview":"max-image-preview:large","max-video-preview":"max-video-preview:-1"},"canonical":"https:\/\/www.glyphosate.eu\/de\/nutzungsvereinbarung-fuer-glyphosatstudie-datenschutzerklaerung\/","og_locale":"de_DE","og_type":"article","og_title":"Nutzungsvereinbarung f\u00fcr Glyphosatstudie \u2013 Datenschutzerkl\u00e4rung - Glyphosate Renewal Group","og_description":"Informationen zur Verarbeitung Ihrer personenbezogenen Daten und Ihren Datenschutzrechten m\u00f6chte Sie \u00fcber die Verarbeitung Ihrer personenbezogenen Daten im Rahmen der Nutzungsvereinbarung f\u00fcr Glyphosatstudien (im Folgenden \u201eNutzungsvereinbarung\u201c) zwischen Ihnen und uns informieren. Ihre personenbezogenen Daten unterliegen dem Schutz der Datenschutzgrundverordnung (DSGVO). Bei der Verarbeitung Ihrer personenbezogenen Daten sind wir f\u00fcr die Erf\u00fcllung aller Anforderungen der DSGVO &hellip; Fortsetzen","og_url":"https:\/\/www.glyphosate.eu\/de\/nutzungsvereinbarung-fuer-glyphosatstudie-datenschutzerklaerung\/","og_site_name":"Glyphosate Renewal Group","article_modified_time":"2020-07-27T15:07:22+00:00","twitter_card":"summary_large_image","twitter_misc":{"Est. reading time":"2 minutes"},"schema":{"@context":"https:\/\/schema.org","@graph":[{"@type":"WebPage","@id":"https:\/\/www.glyphosate.eu\/de\/nutzungsvereinbarung-fuer-glyphosatstudie-datenschutzerklaerung\/","url":"https:\/\/www.glyphosate.eu\/de\/nutzungsvereinbarung-fuer-glyphosatstudie-datenschutzerklaerung\/","name":"Nutzungsvereinbarung f\u00fcr Glyphosatstudie \u2013 Datenschutzerkl\u00e4rung - Glyphosate Renewal Group","isPartOf":{"@id":"https:\/\/www.glyphosate.eu\/#website"},"datePublished":"2019-10-15T13:30:07+00:00","dateModified":"2020-07-27T15:07:22+00:00","inLanguage":"de-DE","potentialAction":[{"@type":"ReadAction","target":["https:\/\/www.glyphosate.eu\/de\/nutzungsvereinbarung-fuer-glyphosatstudie-datenschutzerklaerung\/"]}]},{"@type":"WebSite","@id":"https:\/\/www.glyphosate.eu\/#website","url":"https:\/\/www.glyphosate.eu\/","name":"Glyphosate Renewal Group","description":"Just another WordPress site","potentialAction":[{"@type":"SearchAction","target":{"@type":"EntryPoint","urlTemplate":"https:\/\/www.glyphosate.eu\/?s={search_term_string}"},"query-input":{"@type":"PropertyValueSpecification","valueRequired":true,"valueName":"search_term_string"}}],"inLanguage":"de-DE"}]}},"_links":{"self":[{"href":"https:\/\/www.glyphosate.eu\/de\/wp-json\/wp\/v2\/pages\/7463","targetHints":{"allow":["GET"]}}],"collection":[{"href":"https:\/\/www.glyphosate.eu\/de\/wp-json\/wp\/v2\/pages"}],"about":[{"href":"https:\/\/www.glyphosate.eu\/de\/wp-json\/wp\/v2\/types\/page"}],"author":[{"embeddable":true,"href":"https:\/\/www.glyphosate.eu\/de\/wp-json\/wp\/v2\/users\/1"}],"replies":[{"embeddable":true,"href":"https:\/\/www.glyphosate.eu\/de\/wp-json\/wp\/v2\/comments?post=7463"}],"version-history":[{"count":3,"href":"https:\/\/www.glyphosate.eu\/de\/wp-json\/wp\/v2\/pages\/7463\/revisions"}],"predecessor-version":[{"id":7467,"href":"https:\/\/www.glyphosate.eu\/de\/wp-json\/wp\/v2\/pages\/7463\/revisions\/7467"}],"wp:attachment":[{"href":"https:\/\/www.glyphosate.eu\/de\/wp-json\/wp\/v2\/media?parent=7463"}],"curies":[{"name":"wp","href":"https:\/\/api.w.org\/{rel}","templated":true}]}}