{"id":7385,"date":"2020-07-27T14:12:21","date_gmt":"2020-07-27T13:12:21","guid":{"rendered":"https:\/\/www.glyphosate.eu\/?page_id=7385"},"modified":"2020-10-28T11:26:08","modified_gmt":"2020-10-28T11:26:08","slug":"antrag-auf-wiederzulassung","status":"publish","type":"page","link":"https:\/\/www.glyphosate.eu\/de\/transparency\/antrag-auf-wiederzulassung\/","title":{"rendered":"Antrag auf Wiederzulassung"},"content":{"rendered":"<p>Am 12. Dezember 2019 reichte die Glyphosate Renewal Group (GRG) bei jedem Mitgliedstaat der Bewertungsgruppe f\u00fcr Glyphosat (AAG) \u2013 Frankreich, Ungarn, die Niederlande und Schweden \u2013, der Europ\u00e4ischen Beh\u00f6rde f\u00fcr Lebensmittelsicherheit (EFSA), der Europ\u00e4ischen Kommission und allen anderen EU-Mitgliedstaaten einen Antrag auf Wiederzulassung von Glyphosat ein.<\/p>\n<p>Der Antrag auf die Wiederzulassung des Wirkstoffs Glyphosat wurde am 12. Dezember von der Glyphosate Renewal Group bei den AGG-Mitgliedstaaten, der EFSA sowie der Europ\u00e4ischen Kommission eingereicht. Die Antragsfrist endete am 15. Dezember 2019, d. h. drei Jahre vor Ablauf der aktuellen Glyphosat-Zulassung am 15. Dezember 2022. Der erste Antrag enthielt Informationen zu neuen und laufenden Studien und steht auf dieser Website zum Download bereit. Dar\u00fcber hinaus stellte die Glyphosate Renewal Group Datenschutzanspr\u00fcche gem\u00e4\u00df Artikel 59 der EU-Verordnung Nr. 1107\/2009; die Antragsform ist im Anhang der EU-Verordnung Nr. 844\/2012 festgelegt.<\/p>\n<p>Nach ihrer Pr\u00fcfung forderten die AGG-Mitgliedstaaten verschiedene \u00c4nderungen am Antragsdokument. Am 23. Januar 2020 legte die Glyphosate Renewal Group jedem der vier AGG-Mitgliedstaaten einen neuen und gem\u00e4\u00df AGG-Vorgaben \u00fcberarbeiteten Antrag vor, der ebenso auf dieser Webseite zum Download verf\u00fcgbar ist. Nach einer weiteren Pr\u00fcfung best\u00e4tigten die AGG-Mitgliedstaaten schlie\u00dflich die Vollst\u00e4ndigkeit und Zul\u00e4ssigkeit des Antrags.<\/p>\n<p>Glyphosat darf als Wirkstoff in Pflanzenschutzmitteln bis 15. Dezember 2022 in der EU verwendet werden. Ein Antrag auf Wiederzulassung muss drei Jahre vor Ablauf der Zulassung (d. h. bis 15. Dezember 2019) eingereicht werden; innerhalb der n\u00e4chsten sechs Monate (d. h. bis 15. Juni 2020) ist ein vollst\u00e4ndiges Dossier vorzulegen. Im Anschluss beginnen die AGG-Mitgliedstaaten als gemeinsame Berichterstatter mit einer umfassenden wissenschaftlichen Bewertung.<\/p>\n<p>Die anstehende Zulassungspr\u00fcfung ist ein regulatorischer Vorgang, bei dem neue wissenschaftliche und technische Fortschritte und Erfahrungen seit der letzten Pr\u00fcfung des Wirkstoffs ber\u00fccksichtigt werden. Bewertet wird die Sicherheit von Glyphosat f\u00fcr Menschen, Tiere und die Umwelt.<\/p>\n","protected":false},"excerpt":{"rendered":"<p>Am 12. Dezember 2019 reichte die Glyphosate Renewal Group (GRG) bei jedem Mitgliedstaat der Bewertungsgruppe f\u00fcr Glyphosat (AAG) \u2013 Frankreich, Ungarn, die Niederlande und Schweden \u2013, der Europ\u00e4ischen Beh\u00f6rde f\u00fcr Lebensmittelsicherheit (EFSA), der Europ\u00e4ischen Kommission und allen anderen EU-Mitgliedstaaten einen Antrag auf Wiederzulassung von Glyphosat ein. Der Antrag auf die Wiederzulassung des Wirkstoffs Glyphosat wurde &hellip; <a href=\"https:\/\/www.glyphosate.eu\/de\/transparency\/antrag-auf-wiederzulassung\/\">Fortsetzen<\/a><\/p>\n","protected":false},"author":1,"featured_media":0,"parent":7293,"menu_order":393,"comment_status":"closed","ping_status":"closed","template":"views\/template-application.blade.php","meta":{"_acf_changed":false,"inline_featured_image":false,"footnotes":""},"class_list":["post-7385","page","type-page","status-publish","hentry"],"acf":[],"yoast_head":"<!-- This site is optimized with the Yoast SEO plugin v27.3 - https:\/\/yoast.com\/product\/yoast-seo-wordpress\/ -->\n<title>Antrag auf Wiederzulassung - Glyphosate Renewal Group<\/title>\n<meta name=\"robots\" content=\"index, follow, max-snippet:-1, max-image-preview:large, max-video-preview:-1\" \/>\n<link rel=\"canonical\" href=\"https:\/\/www.glyphosate.eu\/de\/transparency\/antrag-auf-wiederzulassung\/\" \/>\n<meta property=\"og:locale\" content=\"de_DE\" \/>\n<meta property=\"og:type\" content=\"article\" \/>\n<meta property=\"og:title\" content=\"Antrag auf Wiederzulassung - Glyphosate Renewal Group\" \/>\n<meta property=\"og:description\" content=\"Am 12. Dezember 2019 reichte die Glyphosate Renewal Group (GRG) bei jedem Mitgliedstaat der Bewertungsgruppe f\u00fcr Glyphosat (AAG) \u2013 Frankreich, Ungarn, die Niederlande und Schweden \u2013, der Europ\u00e4ischen Beh\u00f6rde f\u00fcr Lebensmittelsicherheit (EFSA), der Europ\u00e4ischen Kommission und allen anderen EU-Mitgliedstaaten einen Antrag auf Wiederzulassung von Glyphosat ein. Der Antrag auf die Wiederzulassung des Wirkstoffs Glyphosat wurde &hellip; Fortsetzen\" \/>\n<meta property=\"og:url\" content=\"https:\/\/www.glyphosate.eu\/de\/transparency\/antrag-auf-wiederzulassung\/\" \/>\n<meta property=\"og:site_name\" content=\"Glyphosate Renewal Group\" \/>\n<meta property=\"article:modified_time\" content=\"2020-10-28T11:26:08+00:00\" \/>\n<meta name=\"twitter:card\" content=\"summary_large_image\" \/>\n<meta name=\"twitter:label1\" content=\"Est. reading time\" \/>\n\t<meta name=\"twitter:data1\" content=\"1 minute\" \/>\n<script type=\"application\/ld+json\" class=\"yoast-schema-graph\">{\"@context\":\"https:\\\/\\\/schema.org\",\"@graph\":[{\"@type\":\"WebPage\",\"@id\":\"https:\\\/\\\/www.glyphosate.eu\\\/de\\\/transparency\\\/antrag-auf-wiederzulassung\\\/\",\"url\":\"https:\\\/\\\/www.glyphosate.eu\\\/de\\\/transparency\\\/antrag-auf-wiederzulassung\\\/\",\"name\":\"Antrag auf Wiederzulassung - Glyphosate Renewal Group\",\"isPartOf\":{\"@id\":\"https:\\\/\\\/www.glyphosate.eu\\\/#website\"},\"datePublished\":\"2020-07-27T13:12:21+00:00\",\"dateModified\":\"2020-10-28T11:26:08+00:00\",\"breadcrumb\":{\"@id\":\"https:\\\/\\\/www.glyphosate.eu\\\/de\\\/transparency\\\/antrag-auf-wiederzulassung\\\/#breadcrumb\"},\"inLanguage\":\"de-DE\",\"potentialAction\":[{\"@type\":\"ReadAction\",\"target\":[\"https:\\\/\\\/www.glyphosate.eu\\\/de\\\/transparency\\\/antrag-auf-wiederzulassung\\\/\"]}]},{\"@type\":\"BreadcrumbList\",\"@id\":\"https:\\\/\\\/www.glyphosate.eu\\\/de\\\/transparency\\\/antrag-auf-wiederzulassung\\\/#breadcrumb\",\"itemListElement\":[{\"@type\":\"ListItem\",\"position\":1,\"name\":\"Transparenz\",\"item\":\"https:\\\/\\\/www.glyphosate.eu\\\/de\\\/transparency\\\/\"},{\"@type\":\"ListItem\",\"position\":2,\"name\":\"Antrag auf Wiederzulassung\"}]},{\"@type\":\"WebSite\",\"@id\":\"https:\\\/\\\/www.glyphosate.eu\\\/#website\",\"url\":\"https:\\\/\\\/www.glyphosate.eu\\\/\",\"name\":\"Glyphosate Renewal Group\",\"description\":\"Just another WordPress site\",\"potentialAction\":[{\"@type\":\"SearchAction\",\"target\":{\"@type\":\"EntryPoint\",\"urlTemplate\":\"https:\\\/\\\/www.glyphosate.eu\\\/?s={search_term_string}\"},\"query-input\":{\"@type\":\"PropertyValueSpecification\",\"valueRequired\":true,\"valueName\":\"search_term_string\"}}],\"inLanguage\":\"de-DE\"}]}<\/script>\n<!-- \/ Yoast SEO plugin. -->","yoast_head_json":{"title":"Antrag auf Wiederzulassung - Glyphosate Renewal Group","robots":{"index":"index","follow":"follow","max-snippet":"max-snippet:-1","max-image-preview":"max-image-preview:large","max-video-preview":"max-video-preview:-1"},"canonical":"https:\/\/www.glyphosate.eu\/de\/transparency\/antrag-auf-wiederzulassung\/","og_locale":"de_DE","og_type":"article","og_title":"Antrag auf Wiederzulassung - Glyphosate Renewal Group","og_description":"Am 12. Dezember 2019 reichte die Glyphosate Renewal Group (GRG) bei jedem Mitgliedstaat der Bewertungsgruppe f\u00fcr Glyphosat (AAG) \u2013 Frankreich, Ungarn, die Niederlande und Schweden \u2013, der Europ\u00e4ischen Beh\u00f6rde f\u00fcr Lebensmittelsicherheit (EFSA), der Europ\u00e4ischen Kommission und allen anderen EU-Mitgliedstaaten einen Antrag auf Wiederzulassung von Glyphosat ein. Der Antrag auf die Wiederzulassung des Wirkstoffs Glyphosat wurde &hellip; Fortsetzen","og_url":"https:\/\/www.glyphosate.eu\/de\/transparency\/antrag-auf-wiederzulassung\/","og_site_name":"Glyphosate Renewal Group","article_modified_time":"2020-10-28T11:26:08+00:00","twitter_card":"summary_large_image","twitter_misc":{"Est. reading time":"1 minute"},"schema":{"@context":"https:\/\/schema.org","@graph":[{"@type":"WebPage","@id":"https:\/\/www.glyphosate.eu\/de\/transparency\/antrag-auf-wiederzulassung\/","url":"https:\/\/www.glyphosate.eu\/de\/transparency\/antrag-auf-wiederzulassung\/","name":"Antrag auf Wiederzulassung - Glyphosate Renewal Group","isPartOf":{"@id":"https:\/\/www.glyphosate.eu\/#website"},"datePublished":"2020-07-27T13:12:21+00:00","dateModified":"2020-10-28T11:26:08+00:00","breadcrumb":{"@id":"https:\/\/www.glyphosate.eu\/de\/transparency\/antrag-auf-wiederzulassung\/#breadcrumb"},"inLanguage":"de-DE","potentialAction":[{"@type":"ReadAction","target":["https:\/\/www.glyphosate.eu\/de\/transparency\/antrag-auf-wiederzulassung\/"]}]},{"@type":"BreadcrumbList","@id":"https:\/\/www.glyphosate.eu\/de\/transparency\/antrag-auf-wiederzulassung\/#breadcrumb","itemListElement":[{"@type":"ListItem","position":1,"name":"Transparenz","item":"https:\/\/www.glyphosate.eu\/de\/transparency\/"},{"@type":"ListItem","position":2,"name":"Antrag auf Wiederzulassung"}]},{"@type":"WebSite","@id":"https:\/\/www.glyphosate.eu\/#website","url":"https:\/\/www.glyphosate.eu\/","name":"Glyphosate Renewal Group","description":"Just another WordPress site","potentialAction":[{"@type":"SearchAction","target":{"@type":"EntryPoint","urlTemplate":"https:\/\/www.glyphosate.eu\/?s={search_term_string}"},"query-input":{"@type":"PropertyValueSpecification","valueRequired":true,"valueName":"search_term_string"}}],"inLanguage":"de-DE"}]}},"_links":{"self":[{"href":"https:\/\/www.glyphosate.eu\/de\/wp-json\/wp\/v2\/pages\/7385","targetHints":{"allow":["GET"]}}],"collection":[{"href":"https:\/\/www.glyphosate.eu\/de\/wp-json\/wp\/v2\/pages"}],"about":[{"href":"https:\/\/www.glyphosate.eu\/de\/wp-json\/wp\/v2\/types\/page"}],"author":[{"embeddable":true,"href":"https:\/\/www.glyphosate.eu\/de\/wp-json\/wp\/v2\/users\/1"}],"replies":[{"embeddable":true,"href":"https:\/\/www.glyphosate.eu\/de\/wp-json\/wp\/v2\/comments?post=7385"}],"version-history":[{"count":8,"href":"https:\/\/www.glyphosate.eu\/de\/wp-json\/wp\/v2\/pages\/7385\/revisions"}],"predecessor-version":[{"id":14518,"href":"https:\/\/www.glyphosate.eu\/de\/wp-json\/wp\/v2\/pages\/7385\/revisions\/14518"}],"up":[{"embeddable":true,"href":"https:\/\/www.glyphosate.eu\/de\/wp-json\/wp\/v2\/pages\/7293"}],"wp:attachment":[{"href":"https:\/\/www.glyphosate.eu\/de\/wp-json\/wp\/v2\/media?parent=7385"}],"curies":[{"name":"wp","href":"https:\/\/api.w.org\/{rel}","templated":true}]}}