{"id":7382,"date":"2020-07-27T14:03:51","date_gmt":"2020-07-27T13:03:51","guid":{"rendered":"https:\/\/www.glyphosate.eu\/?page_id=7382"},"modified":"2021-12-21T10:53:48","modified_gmt":"2021-12-21T10:53:48","slug":"beratungsprotokolle","status":"publish","type":"page","link":"https:\/\/www.glyphosate.eu\/de\/transparency\/beratungsprotokolle\/","title":{"rendered":"Beratungsprotokolle"},"content":{"rendered":"<p>Vor Einreichung des Antrags auf Zulassung eines Wirkstoffs kann der Antragsteller mit der Bewertungsgruppe f\u00fcr Glyphosat (AGG) und der Europ\u00e4ischen Beh\u00f6rde f\u00fcr Lebensmittelsicherheit (EFSA) verfahrenstechnische und wissenschaftliche Aspekte diskutieren und sich beraten lassen.<\/p>\n<p>Diese sogenannten Beratungen vor der Antragsstellung finden pers\u00f6nlich oder als Telefonkonferenz statt. Die EFSA nimmt an diesen Konferenzen als Beobachterin teil und unterst\u00fctzt die AGG bei Bedarf. Bislang hat die Glyphosate Renewal Group mit der AAG jeweils vier telefonische und vier pers\u00f6nliche Konferenzen abgehalten. Pr\u00e4sentationen aus diesen Konferenzen und Protokolle sind auf dieser Webseite sowie der <a href=\"https:\/\/ec.europa.eu\/food\/plant\/pesticides\/glyphosate\/assessment-group_en\">Webseite der AGG<\/a> ver\u00f6ffentlicht.\u00a0<\/p>\n<p>Eine Beratung vor der Antragsstellung kann vom Antragsteller beantragt werden, um technische Aspekte des Wiederzulassungsverfahrens zu diskutieren und Empfehlungen zur Verbesserung des Dossiers einzuholen.<\/p>\n","protected":false},"excerpt":{"rendered":"<p>Vor Einreichung des Antrags auf Zulassung eines Wirkstoffs kann der Antragsteller mit der Bewertungsgruppe f\u00fcr Glyphosat (AGG) und der Europ\u00e4ischen Beh\u00f6rde f\u00fcr Lebensmittelsicherheit (EFSA) verfahrenstechnische und wissenschaftliche Aspekte diskutieren und sich beraten lassen. Diese sogenannten Beratungen vor der Antragsstellung finden pers\u00f6nlich oder als Telefonkonferenz statt. Die EFSA nimmt an diesen Konferenzen als Beobachterin teil und &hellip; <a href=\"https:\/\/www.glyphosate.eu\/de\/transparency\/beratungsprotokolle\/\">Fortsetzen<\/a><\/p>\n","protected":false},"author":1,"featured_media":0,"parent":7293,"menu_order":420,"comment_status":"closed","ping_status":"closed","template":"views\/template-minutes.blade.php","meta":{"_acf_changed":false,"inline_featured_image":false,"footnotes":""},"class_list":["post-7382","page","type-page","status-publish","hentry"],"acf":[],"yoast_head":"<!-- This site is optimized with the Yoast SEO plugin v27.4 - https:\/\/yoast.com\/product\/yoast-seo-wordpress\/ -->\n<title>Beratungsprotokolle - Glyphosate Renewal Group<\/title>\n<meta name=\"robots\" content=\"index, follow, max-snippet:-1, max-image-preview:large, max-video-preview:-1\" \/>\n<link rel=\"canonical\" href=\"https:\/\/www.glyphosate.eu\/de\/transparency\/beratungsprotokolle\/\" \/>\n<meta property=\"og:locale\" content=\"de_DE\" \/>\n<meta property=\"og:type\" content=\"article\" \/>\n<meta property=\"og:title\" content=\"Beratungsprotokolle - Glyphosate Renewal Group\" \/>\n<meta property=\"og:description\" content=\"Vor Einreichung des Antrags auf Zulassung eines Wirkstoffs kann der Antragsteller mit der Bewertungsgruppe f\u00fcr Glyphosat (AGG) und der Europ\u00e4ischen Beh\u00f6rde f\u00fcr Lebensmittelsicherheit (EFSA) verfahrenstechnische und wissenschaftliche Aspekte diskutieren und sich beraten lassen. Diese sogenannten Beratungen vor der Antragsstellung finden pers\u00f6nlich oder als Telefonkonferenz statt. Die EFSA nimmt an diesen Konferenzen als Beobachterin teil und &hellip; Fortsetzen\" \/>\n<meta property=\"og:url\" content=\"https:\/\/www.glyphosate.eu\/de\/transparency\/beratungsprotokolle\/\" \/>\n<meta property=\"og:site_name\" content=\"Glyphosate Renewal Group\" \/>\n<meta property=\"article:modified_time\" content=\"2021-12-21T10:53:48+00:00\" \/>\n<meta name=\"twitter:card\" content=\"summary_large_image\" \/>\n<meta name=\"twitter:label1\" content=\"Est. reading time\" \/>\n\t<meta name=\"twitter:data1\" content=\"1 minute\" \/>\n<script type=\"application\/ld+json\" class=\"yoast-schema-graph\">{\"@context\":\"https:\\\/\\\/schema.org\",\"@graph\":[{\"@type\":\"WebPage\",\"@id\":\"https:\\\/\\\/www.glyphosate.eu\\\/de\\\/transparency\\\/beratungsprotokolle\\\/\",\"url\":\"https:\\\/\\\/www.glyphosate.eu\\\/de\\\/transparency\\\/beratungsprotokolle\\\/\",\"name\":\"Beratungsprotokolle - Glyphosate Renewal Group\",\"isPartOf\":{\"@id\":\"https:\\\/\\\/www.glyphosate.eu\\\/#website\"},\"datePublished\":\"2020-07-27T13:03:51+00:00\",\"dateModified\":\"2021-12-21T10:53:48+00:00\",\"breadcrumb\":{\"@id\":\"https:\\\/\\\/www.glyphosate.eu\\\/de\\\/transparency\\\/beratungsprotokolle\\\/#breadcrumb\"},\"inLanguage\":\"de-DE\",\"potentialAction\":[{\"@type\":\"ReadAction\",\"target\":[\"https:\\\/\\\/www.glyphosate.eu\\\/de\\\/transparency\\\/beratungsprotokolle\\\/\"]}]},{\"@type\":\"BreadcrumbList\",\"@id\":\"https:\\\/\\\/www.glyphosate.eu\\\/de\\\/transparency\\\/beratungsprotokolle\\\/#breadcrumb\",\"itemListElement\":[{\"@type\":\"ListItem\",\"position\":1,\"name\":\"Transparenz\",\"item\":\"https:\\\/\\\/www.glyphosate.eu\\\/de\\\/transparency\\\/\"},{\"@type\":\"ListItem\",\"position\":2,\"name\":\"Beratungsprotokolle\"}]},{\"@type\":\"WebSite\",\"@id\":\"https:\\\/\\\/www.glyphosate.eu\\\/#website\",\"url\":\"https:\\\/\\\/www.glyphosate.eu\\\/\",\"name\":\"Glyphosate Renewal Group\",\"description\":\"Just another WordPress site\",\"potentialAction\":[{\"@type\":\"SearchAction\",\"target\":{\"@type\":\"EntryPoint\",\"urlTemplate\":\"https:\\\/\\\/www.glyphosate.eu\\\/?s={search_term_string}\"},\"query-input\":{\"@type\":\"PropertyValueSpecification\",\"valueRequired\":true,\"valueName\":\"search_term_string\"}}],\"inLanguage\":\"de-DE\"}]}<\/script>\n<!-- \/ Yoast SEO plugin. -->","yoast_head_json":{"title":"Beratungsprotokolle - Glyphosate Renewal Group","robots":{"index":"index","follow":"follow","max-snippet":"max-snippet:-1","max-image-preview":"max-image-preview:large","max-video-preview":"max-video-preview:-1"},"canonical":"https:\/\/www.glyphosate.eu\/de\/transparency\/beratungsprotokolle\/","og_locale":"de_DE","og_type":"article","og_title":"Beratungsprotokolle - Glyphosate Renewal Group","og_description":"Vor Einreichung des Antrags auf Zulassung eines Wirkstoffs kann der Antragsteller mit der Bewertungsgruppe f\u00fcr Glyphosat (AGG) und der Europ\u00e4ischen Beh\u00f6rde f\u00fcr Lebensmittelsicherheit (EFSA) verfahrenstechnische und wissenschaftliche Aspekte diskutieren und sich beraten lassen. Diese sogenannten Beratungen vor der Antragsstellung finden pers\u00f6nlich oder als Telefonkonferenz statt. Die EFSA nimmt an diesen Konferenzen als Beobachterin teil und &hellip; Fortsetzen","og_url":"https:\/\/www.glyphosate.eu\/de\/transparency\/beratungsprotokolle\/","og_site_name":"Glyphosate Renewal Group","article_modified_time":"2021-12-21T10:53:48+00:00","twitter_card":"summary_large_image","twitter_misc":{"Est. reading time":"1 minute"},"schema":{"@context":"https:\/\/schema.org","@graph":[{"@type":"WebPage","@id":"https:\/\/www.glyphosate.eu\/de\/transparency\/beratungsprotokolle\/","url":"https:\/\/www.glyphosate.eu\/de\/transparency\/beratungsprotokolle\/","name":"Beratungsprotokolle - Glyphosate Renewal Group","isPartOf":{"@id":"https:\/\/www.glyphosate.eu\/#website"},"datePublished":"2020-07-27T13:03:51+00:00","dateModified":"2021-12-21T10:53:48+00:00","breadcrumb":{"@id":"https:\/\/www.glyphosate.eu\/de\/transparency\/beratungsprotokolle\/#breadcrumb"},"inLanguage":"de-DE","potentialAction":[{"@type":"ReadAction","target":["https:\/\/www.glyphosate.eu\/de\/transparency\/beratungsprotokolle\/"]}]},{"@type":"BreadcrumbList","@id":"https:\/\/www.glyphosate.eu\/de\/transparency\/beratungsprotokolle\/#breadcrumb","itemListElement":[{"@type":"ListItem","position":1,"name":"Transparenz","item":"https:\/\/www.glyphosate.eu\/de\/transparency\/"},{"@type":"ListItem","position":2,"name":"Beratungsprotokolle"}]},{"@type":"WebSite","@id":"https:\/\/www.glyphosate.eu\/#website","url":"https:\/\/www.glyphosate.eu\/","name":"Glyphosate Renewal Group","description":"Just another WordPress site","potentialAction":[{"@type":"SearchAction","target":{"@type":"EntryPoint","urlTemplate":"https:\/\/www.glyphosate.eu\/?s={search_term_string}"},"query-input":{"@type":"PropertyValueSpecification","valueRequired":true,"valueName":"search_term_string"}}],"inLanguage":"de-DE"}]}},"_links":{"self":[{"href":"https:\/\/www.glyphosate.eu\/de\/wp-json\/wp\/v2\/pages\/7382","targetHints":{"allow":["GET"]}}],"collection":[{"href":"https:\/\/www.glyphosate.eu\/de\/wp-json\/wp\/v2\/pages"}],"about":[{"href":"https:\/\/www.glyphosate.eu\/de\/wp-json\/wp\/v2\/types\/page"}],"author":[{"embeddable":true,"href":"https:\/\/www.glyphosate.eu\/de\/wp-json\/wp\/v2\/users\/1"}],"replies":[{"embeddable":true,"href":"https:\/\/www.glyphosate.eu\/de\/wp-json\/wp\/v2\/comments?post=7382"}],"version-history":[{"count":12,"href":"https:\/\/www.glyphosate.eu\/de\/wp-json\/wp\/v2\/pages\/7382\/revisions"}],"predecessor-version":[{"id":26829,"href":"https:\/\/www.glyphosate.eu\/de\/wp-json\/wp\/v2\/pages\/7382\/revisions\/26829"}],"up":[{"embeddable":true,"href":"https:\/\/www.glyphosate.eu\/de\/wp-json\/wp\/v2\/pages\/7293"}],"wp:attachment":[{"href":"https:\/\/www.glyphosate.eu\/de\/wp-json\/wp\/v2\/media?parent=7382"}],"curies":[{"name":"wp","href":"https:\/\/api.w.org\/{rel}","templated":true}]}}