{"id":7299,"date":"2020-07-27T11:11:00","date_gmt":"2020-07-27T10:11:00","guid":{"rendered":"https:\/\/www.glyphosate.eu\/useful-information\/"},"modified":"2021-04-02T11:16:06","modified_gmt":"2021-04-02T10:16:06","slug":"nuetzliche-informationen","status":"publish","type":"page","link":"https:\/\/www.glyphosate.eu\/de\/nuetzliche-informationen\/","title":{"rendered":"N\u00fctzliche Informationen"},"content":{"rendered":"<p>Produkte auf Glyphosatbasis sind f\u00fcr die Verwendung in der Landwirtschaft, im Vegetationsmanagement, in Rasen und Garten, bei Eisenbahnen und mehr, zugelassen. Heute sind sie in mehr als 150 L\u00e4ndern registriert und vermarktet.<\/p>\n<p>Herbizide auf Glyphosatbasis sind, bei Verwendung gem\u00e4\u00df den Anweisungen auf dem Etikett, ein sicheres und wirksames Instrument zur Bek\u00e4mpfung von Unkr\u00e4utern, die die landwirtschaftliche Produktion gef\u00e4hrden w\u00fcrden, insbesondere die Produktivit\u00e4t und Qualit\u00e4t der Pflanzen, aber auch von Pflanzen, die die Sicherheit, Stabilit\u00e4t und Verwendbarkeit beeintr\u00e4chtigen w\u00fcrden von Eisenbahnschienen, Autobahnen, D\u00e4mmen, \u00dcberf\u00fchrungen und mehr. Wenn Unkr\u00e4uter nicht wirksam bek\u00e4mpft werden, kann dies zu h\u00f6heren Produktionskosten oder Ernteverlusten f\u00fchren, was sich negativ auf das Einkommen der Landwirte auswirkt.<\/p>\n<p>Herbizide auf Glyphosatbasis, die erstmals 1974 eingef\u00fchrt wurden, werden seitdem sicher eingesetzt. In der Landwirtschaft werden sie auf einer Vielzahl von Kulturen und Gr\u00fcnland angewendet.<\/p>\n<p>Glyphosat tr\u00e4gt seit langem zur Verbesserung der Bodengesundheit und der biologischen Vielfalt des Bodens bei und erm\u00f6glicht Direktsaat oder reduzierte Bodenbearbeitungspraktiken. Die Verwendung von Produkten auf Glyphosatbasis tr\u00e4gt auch dazu bei, Bodenerosion zu verhindern, Treibhausgasemissionen zu reduzieren und mehr Land f\u00fcr einheimische Lebensr\u00e4ume zu erhalten.<\/p>\n","protected":false},"excerpt":{"rendered":"<p>Produkte auf Glyphosatbasis sind f\u00fcr die Verwendung in der Landwirtschaft, im Vegetationsmanagement, in Rasen und Garten, bei Eisenbahnen und mehr, zugelassen. Heute sind sie in mehr als 150 L\u00e4ndern registriert und vermarktet. Herbizide auf Glyphosatbasis sind, bei Verwendung gem\u00e4\u00df den Anweisungen auf dem Etikett, ein sicheres und wirksames Instrument zur Bek\u00e4mpfung von Unkr\u00e4utern, die die &hellip; <a href=\"https:\/\/www.glyphosate.eu\/de\/nuetzliche-informationen\/\">Fortsetzen<\/a><\/p>\n","protected":false},"author":1,"featured_media":0,"parent":0,"menu_order":522,"comment_status":"closed","ping_status":"closed","template":"views\/template-transparency.blade.php","meta":{"_acf_changed":false,"inline_featured_image":false,"footnotes":""},"class_list":["post-7299","page","type-page","status-publish","hentry"],"acf":[],"yoast_head":"<!-- This site is optimized with the Yoast SEO plugin v27.4 - https:\/\/yoast.com\/product\/yoast-seo-wordpress\/ -->\n<title>Information | Glyphosate Renewal Group<\/title>\n<meta name=\"description\" content=\"Glyphosate is a chemical substance, when used as indicated by the label, is a safe and effective tool to control weeds. Learn more information with GRG.\" \/>\n<meta name=\"robots\" content=\"index, follow, max-snippet:-1, max-image-preview:large, max-video-preview:-1\" \/>\n<link rel=\"canonical\" href=\"https:\/\/www.glyphosate.eu\/de\/nuetzliche-informationen\/\" \/>\n<meta property=\"og:locale\" content=\"de_DE\" \/>\n<meta property=\"og:type\" content=\"article\" \/>\n<meta property=\"og:title\" content=\"Information | Glyphosate Renewal Group\" \/>\n<meta property=\"og:description\" content=\"Glyphosate is a chemical substance, when used as indicated by the label, is a safe and effective tool to control weeds. Learn more information with GRG.\" \/>\n<meta property=\"og:url\" content=\"https:\/\/www.glyphosate.eu\/de\/nuetzliche-informationen\/\" \/>\n<meta property=\"og:site_name\" content=\"Glyphosate Renewal Group\" \/>\n<meta property=\"article:modified_time\" content=\"2021-04-02T10:16:06+00:00\" \/>\n<meta name=\"twitter:card\" content=\"summary_large_image\" \/>\n<meta name=\"twitter:label1\" content=\"Est. reading time\" \/>\n\t<meta name=\"twitter:data1\" content=\"1 minute\" \/>\n<script type=\"application\/ld+json\" class=\"yoast-schema-graph\">{\"@context\":\"https:\\\/\\\/schema.org\",\"@graph\":[{\"@type\":\"WebPage\",\"@id\":\"https:\\\/\\\/www.glyphosate.eu\\\/de\\\/nuetzliche-informationen\\\/\",\"url\":\"https:\\\/\\\/www.glyphosate.eu\\\/de\\\/nuetzliche-informationen\\\/\",\"name\":\"Information | Glyphosate Renewal Group\",\"isPartOf\":{\"@id\":\"https:\\\/\\\/www.glyphosate.eu\\\/#website\"},\"datePublished\":\"2020-07-27T10:11:00+00:00\",\"dateModified\":\"2021-04-02T10:16:06+00:00\",\"description\":\"Glyphosate is a chemical substance, when used as indicated by the label, is a safe and effective tool to control weeds. Learn more information with GRG.\",\"inLanguage\":\"de-DE\",\"potentialAction\":[{\"@type\":\"ReadAction\",\"target\":[\"https:\\\/\\\/www.glyphosate.eu\\\/de\\\/nuetzliche-informationen\\\/\"]}]},{\"@type\":\"WebSite\",\"@id\":\"https:\\\/\\\/www.glyphosate.eu\\\/#website\",\"url\":\"https:\\\/\\\/www.glyphosate.eu\\\/\",\"name\":\"Glyphosate Renewal Group\",\"description\":\"Just another WordPress site\",\"potentialAction\":[{\"@type\":\"SearchAction\",\"target\":{\"@type\":\"EntryPoint\",\"urlTemplate\":\"https:\\\/\\\/www.glyphosate.eu\\\/?s={search_term_string}\"},\"query-input\":{\"@type\":\"PropertyValueSpecification\",\"valueRequired\":true,\"valueName\":\"search_term_string\"}}],\"inLanguage\":\"de-DE\"}]}<\/script>\n<!-- \/ Yoast SEO plugin. -->","yoast_head_json":{"title":"Information | Glyphosate Renewal Group","description":"Glyphosate is a chemical substance, when used as indicated by the label, is a safe and effective tool to control weeds. Learn more information with GRG.","robots":{"index":"index","follow":"follow","max-snippet":"max-snippet:-1","max-image-preview":"max-image-preview:large","max-video-preview":"max-video-preview:-1"},"canonical":"https:\/\/www.glyphosate.eu\/de\/nuetzliche-informationen\/","og_locale":"de_DE","og_type":"article","og_title":"Information | Glyphosate Renewal Group","og_description":"Glyphosate is a chemical substance, when used as indicated by the label, is a safe and effective tool to control weeds. Learn more information with GRG.","og_url":"https:\/\/www.glyphosate.eu\/de\/nuetzliche-informationen\/","og_site_name":"Glyphosate Renewal Group","article_modified_time":"2021-04-02T10:16:06+00:00","twitter_card":"summary_large_image","twitter_misc":{"Est. reading time":"1 minute"},"schema":{"@context":"https:\/\/schema.org","@graph":[{"@type":"WebPage","@id":"https:\/\/www.glyphosate.eu\/de\/nuetzliche-informationen\/","url":"https:\/\/www.glyphosate.eu\/de\/nuetzliche-informationen\/","name":"Information | Glyphosate Renewal Group","isPartOf":{"@id":"https:\/\/www.glyphosate.eu\/#website"},"datePublished":"2020-07-27T10:11:00+00:00","dateModified":"2021-04-02T10:16:06+00:00","description":"Glyphosate is a chemical substance, when used as indicated by the label, is a safe and effective tool to control weeds. Learn more information with GRG.","inLanguage":"de-DE","potentialAction":[{"@type":"ReadAction","target":["https:\/\/www.glyphosate.eu\/de\/nuetzliche-informationen\/"]}]},{"@type":"WebSite","@id":"https:\/\/www.glyphosate.eu\/#website","url":"https:\/\/www.glyphosate.eu\/","name":"Glyphosate Renewal Group","description":"Just another WordPress site","potentialAction":[{"@type":"SearchAction","target":{"@type":"EntryPoint","urlTemplate":"https:\/\/www.glyphosate.eu\/?s={search_term_string}"},"query-input":{"@type":"PropertyValueSpecification","valueRequired":true,"valueName":"search_term_string"}}],"inLanguage":"de-DE"}]}},"_links":{"self":[{"href":"https:\/\/www.glyphosate.eu\/de\/wp-json\/wp\/v2\/pages\/7299","targetHints":{"allow":["GET"]}}],"collection":[{"href":"https:\/\/www.glyphosate.eu\/de\/wp-json\/wp\/v2\/pages"}],"about":[{"href":"https:\/\/www.glyphosate.eu\/de\/wp-json\/wp\/v2\/types\/page"}],"author":[{"embeddable":true,"href":"https:\/\/www.glyphosate.eu\/de\/wp-json\/wp\/v2\/users\/1"}],"replies":[{"embeddable":true,"href":"https:\/\/www.glyphosate.eu\/de\/wp-json\/wp\/v2\/comments?post=7299"}],"version-history":[{"count":10,"href":"https:\/\/www.glyphosate.eu\/de\/wp-json\/wp\/v2\/pages\/7299\/revisions"}],"predecessor-version":[{"id":17696,"href":"https:\/\/www.glyphosate.eu\/de\/wp-json\/wp\/v2\/pages\/7299\/revisions\/17696"}],"wp:attachment":[{"href":"https:\/\/www.glyphosate.eu\/de\/wp-json\/wp\/v2\/media?parent=7299"}],"curies":[{"name":"wp","href":"https:\/\/api.w.org\/{rel}","templated":true}]}}