{"id":7293,"date":"2019-12-09T12:33:45","date_gmt":"2019-12-09T12:33:45","guid":{"rendered":"https:\/\/www.glyphosate.eu\/transparency\/"},"modified":"2022-03-23T10:31:55","modified_gmt":"2022-03-23T10:31:55","slug":"transparency","status":"publish","type":"page","link":"https:\/\/www.glyphosate.eu\/de\/transparency\/","title":{"rendered":"Transparenz"},"content":{"rendered":"<p>Dies wird anhand sachlicher und wissenschaftlicher Erkenntnisse mit maximaler Transparenz geschehen.<\/p>\n<p>Um der Forderung nach mehr Transparenz nachzukommen und \u00fcber den Prozess und alle seine konstituierenden Elemente zu informieren, gew\u00e4hrt die Glyphosate Renewal Group Zugang zu den 2012 eingereichten wissenschaftlichen Dossiers und zu den neuen Studien, die zu den 2012 vorgelegten wissenschaftlichen Erkenntnissen hinzugef\u00fcgt wurden, und nimmt teil des im Juni 2020 eingereichten neuen Dossiers. Die Glyphosate Renewal Group erf\u00fcllt die neuen Bestimmungen der EU-Verordnung \u00fcber das Allgemeine Lebensmittelrecht proaktiv, bevor diese am 27. M\u00e4rz 2021 in Kraft tritt.<\/p>\n<p>In diesem Zuge ver\u00f6ffentlicht die Glyphosate Renewal Group die Protokolle von Sitzungen mit Regulierungsbeh\u00f6rden, die an der Neubewertung von Glyphosat beteiligt sind. Hierzu z\u00e4hlen die Europ\u00e4ische Beh\u00f6rde f\u00fcr Lebensmittelsicherheit (EFSA) sowie die Bewertungsgruppe f\u00fcr Glyphosat (AGG). Letztere besteht aus den Regulierungsbeh\u00f6rden f\u00fcr Lebensmittelsicherheit vierer europ\u00e4ischer Mitgliedstaaten: ANSES (Frankreich), Nebih (Ungarn), ctgb (Niederlande) und KEMI (Schweden).<\/p>\n<p>Diese Webseite gibt \u00f6ffentlichen Zugriff auf den Antrag auf Wiederzulassung von Glyphosat inklusive der Liste neuer Studien um aktuelle, gesetzliche Datenanforderungen zu erf\u00fcllen sowie entsprechende R\u00fcckmeldungen dazu seitens der AGG.<\/p>\n<p>Auch das Wissenschaftsdossier aus 2012 ist hier \u2013 mit Ausnahme vertraulicher Unternehmensinformationen \u2013 \u00fcbersichtlich bereitgestellt. Interessierte k\u00f6nnen die damals eingereichten Studien in voller L\u00e4nge per E-Mail anfordern, sofern sie der Glyphosate Renewal Group mitsamt entsprechenden Ver\u00f6ffentlichungsberechtigungen vorliegen. Ausgenommen sind lediglich Unterlagen mit vertraulichen produktions- und quellenbezogenen Informationen sowie Dokumente ohne Sicherheitsbezug.<\/p>\n<p>Nach Einreichung des Antrags, ist der gesamte \u00f6ffentliche Teil des Dossiers mitsamt den neuen Studien auf dieser Webseite publiziert. Ausgenommen sind ebenfalls lediglich Unterlagen mit vertraulichen produktionsbezogenen Informationen sowie Dokumente ohne Sicherheitsbezug.<\/p>\n<p>Hinweis: Gem\u00e4\u00df geltendem Recht und im Sinne des Datenschutzes werden s\u00e4mtliche personenbezogene Informationen und solche zu Versuchseinrichtungen von Wirbeltierstudien aus den ver\u00f6ffentlichten Unterlagen entfernt.<\/p>\n<p>Die Glyphosate Renewal Group ist im EU-Transparenz-Register gef\u00fchrt. Mehr dazu unter <strong><span style=\"color: #339966;\"><a style=\"color: #339966;\" href=\"https:\/\/ec.europa.eu\/transparencyregister\/public\/consultation\/displaylobbyist.do?id=720197936300-30&amp;locale=de#de\">dieser Link.\u00a0<\/a><\/span><\/strong><\/p>\n","protected":false},"excerpt":{"rendered":"<p>Dies wird anhand sachlicher und wissenschaftlicher Erkenntnisse mit maximaler Transparenz geschehen. Um der Forderung nach mehr Transparenz nachzukommen und \u00fcber den Prozess und alle seine konstituierenden Elemente zu informieren, gew\u00e4hrt die Glyphosate Renewal Group Zugang zu den 2012 eingereichten wissenschaftlichen Dossiers und zu den neuen Studien, die zu den 2012 vorgelegten wissenschaftlichen Erkenntnissen hinzugef\u00fcgt wurden, &hellip; <a href=\"https:\/\/www.glyphosate.eu\/de\/transparency\/\">Fortsetzen<\/a><\/p>\n","protected":false},"author":1,"featured_media":0,"parent":0,"menu_order":382,"comment_status":"closed","ping_status":"closed","template":"views\/template-transparency.blade.php","meta":{"_acf_changed":false,"inline_featured_image":false,"footnotes":""},"class_list":["post-7293","page","type-page","status-publish","hentry"],"acf":[],"yoast_head":"<!-- This site is optimized with the Yoast SEO plugin v27.3 - https:\/\/yoast.com\/product\/yoast-seo-wordpress\/ -->\n<title>Transparency | Glyphosate Renewal Group<\/title>\n<meta name=\"description\" content=\"The GRG is committed to the EU procedure to re-assess and re-approve glyphosate in the EU. The GRG will do so in a factual, scientific and transparent way.\" \/>\n<meta name=\"robots\" content=\"index, follow, max-snippet:-1, max-image-preview:large, max-video-preview:-1\" \/>\n<link rel=\"canonical\" href=\"https:\/\/www.glyphosate.eu\/de\/transparency\/\" \/>\n<meta property=\"og:locale\" content=\"de_DE\" \/>\n<meta property=\"og:type\" content=\"article\" \/>\n<meta property=\"og:title\" content=\"Transparency | Glyphosate Renewal Group\" \/>\n<meta property=\"og:description\" content=\"The GRG is committed to the EU procedure to re-assess and re-approve glyphosate in the EU. The GRG will do so in a factual, scientific and transparent way.\" \/>\n<meta property=\"og:url\" content=\"https:\/\/www.glyphosate.eu\/de\/transparency\/\" \/>\n<meta property=\"og:site_name\" content=\"Glyphosate Renewal Group\" \/>\n<meta property=\"article:modified_time\" content=\"2022-03-23T10:31:55+00:00\" \/>\n<meta name=\"twitter:card\" content=\"summary_large_image\" \/>\n<meta name=\"twitter:label1\" content=\"Est. reading time\" \/>\n\t<meta name=\"twitter:data1\" content=\"2 minutes\" \/>\n<script type=\"application\/ld+json\" class=\"yoast-schema-graph\">{\"@context\":\"https:\\\/\\\/schema.org\",\"@graph\":[{\"@type\":\"WebPage\",\"@id\":\"https:\\\/\\\/www.glyphosate.eu\\\/de\\\/transparency\\\/\",\"url\":\"https:\\\/\\\/www.glyphosate.eu\\\/de\\\/transparency\\\/\",\"name\":\"Transparency | Glyphosate Renewal Group\",\"isPartOf\":{\"@id\":\"https:\\\/\\\/www.glyphosate.eu\\\/#website\"},\"datePublished\":\"2019-12-09T12:33:45+00:00\",\"dateModified\":\"2022-03-23T10:31:55+00:00\",\"description\":\"The GRG is committed to the EU procedure to re-assess and re-approve glyphosate in the EU. The GRG will do so in a factual, scientific and transparent way.\",\"inLanguage\":\"de-DE\",\"potentialAction\":[{\"@type\":\"ReadAction\",\"target\":[\"https:\\\/\\\/www.glyphosate.eu\\\/de\\\/transparency\\\/\"]}]},{\"@type\":\"WebSite\",\"@id\":\"https:\\\/\\\/www.glyphosate.eu\\\/#website\",\"url\":\"https:\\\/\\\/www.glyphosate.eu\\\/\",\"name\":\"Glyphosate Renewal Group\",\"description\":\"Just another WordPress site\",\"potentialAction\":[{\"@type\":\"SearchAction\",\"target\":{\"@type\":\"EntryPoint\",\"urlTemplate\":\"https:\\\/\\\/www.glyphosate.eu\\\/?s={search_term_string}\"},\"query-input\":{\"@type\":\"PropertyValueSpecification\",\"valueRequired\":true,\"valueName\":\"search_term_string\"}}],\"inLanguage\":\"de-DE\"}]}<\/script>\n<!-- \/ Yoast SEO plugin. -->","yoast_head_json":{"title":"Transparency | Glyphosate Renewal Group","description":"The GRG is committed to the EU procedure to re-assess and re-approve glyphosate in the EU. The GRG will do so in a factual, scientific and transparent way.","robots":{"index":"index","follow":"follow","max-snippet":"max-snippet:-1","max-image-preview":"max-image-preview:large","max-video-preview":"max-video-preview:-1"},"canonical":"https:\/\/www.glyphosate.eu\/de\/transparency\/","og_locale":"de_DE","og_type":"article","og_title":"Transparency | Glyphosate Renewal Group","og_description":"The GRG is committed to the EU procedure to re-assess and re-approve glyphosate in the EU. The GRG will do so in a factual, scientific and transparent way.","og_url":"https:\/\/www.glyphosate.eu\/de\/transparency\/","og_site_name":"Glyphosate Renewal Group","article_modified_time":"2022-03-23T10:31:55+00:00","twitter_card":"summary_large_image","twitter_misc":{"Est. reading time":"2 minutes"},"schema":{"@context":"https:\/\/schema.org","@graph":[{"@type":"WebPage","@id":"https:\/\/www.glyphosate.eu\/de\/transparency\/","url":"https:\/\/www.glyphosate.eu\/de\/transparency\/","name":"Transparency | Glyphosate Renewal Group","isPartOf":{"@id":"https:\/\/www.glyphosate.eu\/#website"},"datePublished":"2019-12-09T12:33:45+00:00","dateModified":"2022-03-23T10:31:55+00:00","description":"The GRG is committed to the EU procedure to re-assess and re-approve glyphosate in the EU. The GRG will do so in a factual, scientific and transparent way.","inLanguage":"de-DE","potentialAction":[{"@type":"ReadAction","target":["https:\/\/www.glyphosate.eu\/de\/transparency\/"]}]},{"@type":"WebSite","@id":"https:\/\/www.glyphosate.eu\/#website","url":"https:\/\/www.glyphosate.eu\/","name":"Glyphosate Renewal Group","description":"Just another WordPress site","potentialAction":[{"@type":"SearchAction","target":{"@type":"EntryPoint","urlTemplate":"https:\/\/www.glyphosate.eu\/?s={search_term_string}"},"query-input":{"@type":"PropertyValueSpecification","valueRequired":true,"valueName":"search_term_string"}}],"inLanguage":"de-DE"}]}},"_links":{"self":[{"href":"https:\/\/www.glyphosate.eu\/de\/wp-json\/wp\/v2\/pages\/7293","targetHints":{"allow":["GET"]}}],"collection":[{"href":"https:\/\/www.glyphosate.eu\/de\/wp-json\/wp\/v2\/pages"}],"about":[{"href":"https:\/\/www.glyphosate.eu\/de\/wp-json\/wp\/v2\/types\/page"}],"author":[{"embeddable":true,"href":"https:\/\/www.glyphosate.eu\/de\/wp-json\/wp\/v2\/users\/1"}],"replies":[{"embeddable":true,"href":"https:\/\/www.glyphosate.eu\/de\/wp-json\/wp\/v2\/comments?post=7293"}],"version-history":[{"count":19,"href":"https:\/\/www.glyphosate.eu\/de\/wp-json\/wp\/v2\/pages\/7293\/revisions"}],"predecessor-version":[{"id":28481,"href":"https:\/\/www.glyphosate.eu\/de\/wp-json\/wp\/v2\/pages\/7293\/revisions\/28481"}],"wp:attachment":[{"href":"https:\/\/www.glyphosate.eu\/de\/wp-json\/wp\/v2\/media?parent=7293"}],"curies":[{"name":"wp","href":"https:\/\/api.w.org\/{rel}","templated":true}]}}