{"id":28482,"date":"2020-02-13T13:02:24","date_gmt":"2020-02-13T13:02:24","guid":{"rendered":"https:\/\/www.glyphosate.eu\/our-commitment-to-transparency\/"},"modified":"2022-03-23T10:38:12","modified_gmt":"2022-03-23T10:38:12","slug":"our-commitment-to-transparency","status":"publish","type":"page","link":"https:\/\/www.glyphosate.eu\/de\/our-commitment-to-transparency\/","title":{"rendered":"Der Transparenz verpflichtet"},"content":{"rendered":"<p>Dies wird anhand sachlicher und wissenschaftlicher Erkenntnisse mit maximaler Transparenz geschehen.<\/p>\n<p>Um der Forderung nach mehr Transparenz nachzukommen, erf\u00fcllt die Glyphosate Renewal Group die neuen Bestimmungen der EU-Verordnung \u00fcber das Allgemeine Lebensmittelrecht, bevor diese am 27.\u00a0M\u00e4rz 2021 in Kraft tritt.<\/p>\n<p>In diesem Zuge ver\u00f6ffentlicht die Glyphosate Renewal Group die Protokolle von Sitzungen mit Regulierungsbeh\u00f6rden, die an der Neubewertung von Glyphosat beteiligt sind. Hierzu z\u00e4hlen die Europ\u00e4ische Beh\u00f6rde f\u00fcr Lebensmittelsicherheit (EFSA) sowie die Bewertungsgruppe f\u00fcr Glyphosat (AGG). Letztere besteht aus den Regulierungsbeh\u00f6rden f\u00fcr Lebensmittelsicherheit vierer europ\u00e4ischer Mitgliedstaaten: ANSES (Frankreich), Nebih (Ungarn), ctgb (Niederlande) und KEMI (Schweden).<\/p>\n<p>Diese Webseite gibt \u00f6ffentlichen Zugriff auf den Antrag auf Wiederzulassung von Glyphosat inklusive der Liste neuer Studien um aktuelle, gesetzliche Datenanforderungen zu erf\u00fcllen sowie entsprechende R\u00fcckmeldungen dazu seitens der AGG.<\/p>\n<p>Auch das Wissenschaftsdossier aus 2012 wird hier \u2013 mit Ausnahme vertraulicher Unternehmensinformationen \u2013 \u00fcbersichtlich bereitgestellt. Interessierte k\u00f6nnen die damals eingereichten Studien in voller L\u00e4nge per E-Mail anfordern, sofern sie der Glyphosate Renewal Group mitsamt entsprechenden Ver\u00f6ffentlichungsberechtigungen vorliegen. Ausgenommen sind lediglich Unterlagen mit vertraulichen produktions- und quellenbezogenen Informationen sowie Dokumente ohne Sicherheitsbezug.<\/p>\n<p>Sobald der aktuelle Antrag 2020 eingereicht wurde, wird der gesamte \u00f6ffentliche Teil des Dossiers mitsamt den neuen Studien auf dieser Webseite publiziert. Ausgenommen sind ebenfalls lediglich Unterlagen mit vertraulichen produktionsbezogenen Informationen sowie Dokumente ohne Sicherheitsbezug.<\/p>\n<p>Hinweis: Gem\u00e4\u00df geltendem Recht und im Sinne des Datenschutzes werden s\u00e4mtliche personenbezogene Informationen und solche zu Versuchseinrichtungen von Wirbeltierstudien aus den ver\u00f6ffentlichten Unterlagen entfernt.<\/p>\n<p>Die Glyphosate Renewal Group ist im EU-Transparenz-Register gef\u00fchrt. Mehr dazu unter\u00a0<strong><a href=\"https:\/\/ec.europa.eu\/transparencyregister\/public\/consultation\/displaylobbyist.do?id=720197936300-30&amp;locale=de#de\">dieser Link.\u00a0<\/a><\/strong><\/p>\n","protected":false},"excerpt":{"rendered":"<p>Dies wird anhand sachlicher und wissenschaftlicher Erkenntnisse mit maximaler Transparenz geschehen. Um der Forderung nach mehr Transparenz nachzukommen, erf\u00fcllt die Glyphosate Renewal Group die neuen Bestimmungen der EU-Verordnung \u00fcber das Allgemeine Lebensmittelrecht, bevor diese am 27.\u00a0M\u00e4rz 2021 in Kraft tritt. In diesem Zuge ver\u00f6ffentlicht die Glyphosate Renewal Group die Protokolle von Sitzungen mit Regulierungsbeh\u00f6rden, die &hellip; <a href=\"https:\/\/www.glyphosate.eu\/de\/our-commitment-to-transparency\/\">Fortsetzen<\/a><\/p>\n","protected":false},"author":1,"featured_media":0,"parent":0,"menu_order":705,"comment_status":"closed","ping_status":"closed","template":"views\/template-auth-process.blade.php","meta":{"_acf_changed":false,"inline_featured_image":false,"footnotes":""},"class_list":["post-28482","page","type-page","status-publish","hentry"],"acf":[],"yoast_head":"<!-- This site is optimized with the Yoast SEO plugin v27.4 - https:\/\/yoast.com\/product\/yoast-seo-wordpress\/ -->\n<title>Der Transparenz verpflichtet - Glyphosate Renewal Group<\/title>\n<meta name=\"robots\" content=\"index, follow, max-snippet:-1, max-image-preview:large, max-video-preview:-1\" \/>\n<link rel=\"canonical\" href=\"https:\/\/www.glyphosate.eu\/de\/our-commitment-to-transparency\/\" \/>\n<meta property=\"og:locale\" content=\"de_DE\" \/>\n<meta property=\"og:type\" content=\"article\" \/>\n<meta property=\"og:title\" content=\"Der Transparenz verpflichtet - Glyphosate Renewal Group\" \/>\n<meta property=\"og:description\" content=\"Dies wird anhand sachlicher und wissenschaftlicher Erkenntnisse mit maximaler Transparenz geschehen. Um der Forderung nach mehr Transparenz nachzukommen, erf\u00fcllt die Glyphosate Renewal Group die neuen Bestimmungen der EU-Verordnung \u00fcber das Allgemeine Lebensmittelrecht, bevor diese am 27.\u00a0M\u00e4rz 2021 in Kraft tritt. In diesem Zuge ver\u00f6ffentlicht die Glyphosate Renewal Group die Protokolle von Sitzungen mit Regulierungsbeh\u00f6rden, die &hellip; Fortsetzen\" \/>\n<meta property=\"og:url\" content=\"https:\/\/www.glyphosate.eu\/de\/our-commitment-to-transparency\/\" \/>\n<meta property=\"og:site_name\" content=\"Glyphosate Renewal Group\" \/>\n<meta property=\"article:modified_time\" content=\"2022-03-23T10:38:12+00:00\" \/>\n<meta name=\"twitter:card\" content=\"summary_large_image\" \/>\n<meta name=\"twitter:label1\" content=\"Est. reading time\" \/>\n\t<meta name=\"twitter:data1\" content=\"2 minutes\" \/>\n<script type=\"application\/ld+json\" class=\"yoast-schema-graph\">{\"@context\":\"https:\\\/\\\/schema.org\",\"@graph\":[{\"@type\":\"WebPage\",\"@id\":\"https:\\\/\\\/www.glyphosate.eu\\\/de\\\/our-commitment-to-transparency\\\/\",\"url\":\"https:\\\/\\\/www.glyphosate.eu\\\/de\\\/our-commitment-to-transparency\\\/\",\"name\":\"Der Transparenz verpflichtet - Glyphosate Renewal Group\",\"isPartOf\":{\"@id\":\"https:\\\/\\\/www.glyphosate.eu\\\/#website\"},\"datePublished\":\"2020-02-13T13:02:24+00:00\",\"dateModified\":\"2022-03-23T10:38:12+00:00\",\"inLanguage\":\"de-DE\",\"potentialAction\":[{\"@type\":\"ReadAction\",\"target\":[\"https:\\\/\\\/www.glyphosate.eu\\\/de\\\/our-commitment-to-transparency\\\/\"]}]},{\"@type\":\"WebSite\",\"@id\":\"https:\\\/\\\/www.glyphosate.eu\\\/#website\",\"url\":\"https:\\\/\\\/www.glyphosate.eu\\\/\",\"name\":\"Glyphosate Renewal Group\",\"description\":\"Just another WordPress site\",\"potentialAction\":[{\"@type\":\"SearchAction\",\"target\":{\"@type\":\"EntryPoint\",\"urlTemplate\":\"https:\\\/\\\/www.glyphosate.eu\\\/?s={search_term_string}\"},\"query-input\":{\"@type\":\"PropertyValueSpecification\",\"valueRequired\":true,\"valueName\":\"search_term_string\"}}],\"inLanguage\":\"de-DE\"}]}<\/script>\n<!-- \/ Yoast SEO plugin. -->","yoast_head_json":{"title":"Der Transparenz verpflichtet - Glyphosate Renewal Group","robots":{"index":"index","follow":"follow","max-snippet":"max-snippet:-1","max-image-preview":"max-image-preview:large","max-video-preview":"max-video-preview:-1"},"canonical":"https:\/\/www.glyphosate.eu\/de\/our-commitment-to-transparency\/","og_locale":"de_DE","og_type":"article","og_title":"Der Transparenz verpflichtet - Glyphosate Renewal Group","og_description":"Dies wird anhand sachlicher und wissenschaftlicher Erkenntnisse mit maximaler Transparenz geschehen. Um der Forderung nach mehr Transparenz nachzukommen, erf\u00fcllt die Glyphosate Renewal Group die neuen Bestimmungen der EU-Verordnung \u00fcber das Allgemeine Lebensmittelrecht, bevor diese am 27.\u00a0M\u00e4rz 2021 in Kraft tritt. In diesem Zuge ver\u00f6ffentlicht die Glyphosate Renewal Group die Protokolle von Sitzungen mit Regulierungsbeh\u00f6rden, die &hellip; Fortsetzen","og_url":"https:\/\/www.glyphosate.eu\/de\/our-commitment-to-transparency\/","og_site_name":"Glyphosate Renewal Group","article_modified_time":"2022-03-23T10:38:12+00:00","twitter_card":"summary_large_image","twitter_misc":{"Est. reading time":"2 minutes"},"schema":{"@context":"https:\/\/schema.org","@graph":[{"@type":"WebPage","@id":"https:\/\/www.glyphosate.eu\/de\/our-commitment-to-transparency\/","url":"https:\/\/www.glyphosate.eu\/de\/our-commitment-to-transparency\/","name":"Der Transparenz verpflichtet - Glyphosate Renewal Group","isPartOf":{"@id":"https:\/\/www.glyphosate.eu\/#website"},"datePublished":"2020-02-13T13:02:24+00:00","dateModified":"2022-03-23T10:38:12+00:00","inLanguage":"de-DE","potentialAction":[{"@type":"ReadAction","target":["https:\/\/www.glyphosate.eu\/de\/our-commitment-to-transparency\/"]}]},{"@type":"WebSite","@id":"https:\/\/www.glyphosate.eu\/#website","url":"https:\/\/www.glyphosate.eu\/","name":"Glyphosate Renewal Group","description":"Just another WordPress site","potentialAction":[{"@type":"SearchAction","target":{"@type":"EntryPoint","urlTemplate":"https:\/\/www.glyphosate.eu\/?s={search_term_string}"},"query-input":{"@type":"PropertyValueSpecification","valueRequired":true,"valueName":"search_term_string"}}],"inLanguage":"de-DE"}]}},"_links":{"self":[{"href":"https:\/\/www.glyphosate.eu\/de\/wp-json\/wp\/v2\/pages\/28482","targetHints":{"allow":["GET"]}}],"collection":[{"href":"https:\/\/www.glyphosate.eu\/de\/wp-json\/wp\/v2\/pages"}],"about":[{"href":"https:\/\/www.glyphosate.eu\/de\/wp-json\/wp\/v2\/types\/page"}],"author":[{"embeddable":true,"href":"https:\/\/www.glyphosate.eu\/de\/wp-json\/wp\/v2\/users\/1"}],"replies":[{"embeddable":true,"href":"https:\/\/www.glyphosate.eu\/de\/wp-json\/wp\/v2\/comments?post=28482"}],"version-history":[{"count":2,"href":"https:\/\/www.glyphosate.eu\/de\/wp-json\/wp\/v2\/pages\/28482\/revisions"}],"predecessor-version":[{"id":28484,"href":"https:\/\/www.glyphosate.eu\/de\/wp-json\/wp\/v2\/pages\/28482\/revisions\/28484"}],"wp:attachment":[{"href":"https:\/\/www.glyphosate.eu\/de\/wp-json\/wp\/v2\/media?parent=28482"}],"curies":[{"name":"wp","href":"https:\/\/api.w.org\/{rel}","templated":true}]}}