{"id":28299,"date":"2021-11-15T13:57:52","date_gmt":"2021-11-15T13:57:52","guid":{"rendered":"https:\/\/www.glyphosate.eu\/grg\/nachrichten\/a-policy-dialogue-can-glyphosate-play-a-role-in-achieving-greater-biodiversity\/"},"modified":"2022-01-20T12:15:40","modified_gmt":"2022-01-20T12:15:40","slug":"a-policy-dialogue-can-glyphosate-play-a-role-in-achieving-greater-biodiversity","status":"publish","type":"page","link":"https:\/\/www.glyphosate.eu\/de\/grg\/nachrichten\/a-policy-dialogue-can-glyphosate-play-a-role-in-achieving-greater-biodiversity\/","title":{"rendered":"Ein Politikdialog &#8211; Kann Glyphosat eine Rolle bei der Erreichung einer gr\u00f6\u00dferen Biodiversit\u00e4t spielen?"},"content":{"rendered":"","protected":false},"excerpt":{"rendered":"","protected":false},"author":3,"featured_media":25521,"parent":7429,"menu_order":224,"comment_status":"closed","ping_status":"closed","template":"views\/template-content-page.blade.php","meta":{"_acf_changed":false,"inline_featured_image":false,"footnotes":""},"class_list":["post-28299","page","type-page","status-publish","has-post-thumbnail","hentry"],"acf":[],"yoast_head":"<!-- This site is optimized with the Yoast SEO plugin v27.3 - https:\/\/yoast.com\/product\/yoast-seo-wordpress\/ -->\n<title>Ein Politikdialog - Kann Glyphosat eine Rolle bei der Erreichung einer gr\u00f6\u00dferen Biodiversit\u00e4t spielen? - Glyphosate Renewal Group<\/title>\n<meta name=\"robots\" content=\"index, follow, max-snippet:-1, max-image-preview:large, max-video-preview:-1\" \/>\n<link rel=\"canonical\" href=\"https:\/\/www.glyphosate.eu\/de\/grg\/nachrichten\/a-policy-dialogue-can-glyphosate-play-a-role-in-achieving-greater-biodiversity\/\" \/>\n<meta property=\"og:locale\" content=\"de_DE\" \/>\n<meta property=\"og:type\" content=\"article\" \/>\n<meta property=\"og:title\" content=\"Ein Politikdialog - Kann Glyphosat eine Rolle bei der Erreichung einer gr\u00f6\u00dferen Biodiversit\u00e4t spielen? - Glyphosate Renewal Group\" \/>\n<meta property=\"og:url\" content=\"https:\/\/www.glyphosate.eu\/de\/grg\/nachrichten\/a-policy-dialogue-can-glyphosate-play-a-role-in-achieving-greater-biodiversity\/\" \/>\n<meta property=\"og:site_name\" content=\"Glyphosate Renewal Group\" \/>\n<meta property=\"article:modified_time\" content=\"2022-01-20T12:15:40+00:00\" \/>\n<meta property=\"og:image\" content=\"https:\/\/www.glyphosate.eu\/app\/uploads\/2021\/11\/webinar-page.png\" \/>\n\t<meta property=\"og:image:width\" content=\"936\" \/>\n\t<meta property=\"og:image:height\" content=\"531\" \/>\n\t<meta property=\"og:image:type\" content=\"image\/png\" \/>\n<meta name=\"twitter:card\" content=\"summary_large_image\" \/>\n<script type=\"application\/ld+json\" class=\"yoast-schema-graph\">{\"@context\":\"https:\\\/\\\/schema.org\",\"@graph\":[{\"@type\":\"WebPage\",\"@id\":\"https:\\\/\\\/www.glyphosate.eu\\\/de\\\/grg\\\/nachrichten\\\/a-policy-dialogue-can-glyphosate-play-a-role-in-achieving-greater-biodiversity\\\/\",\"url\":\"https:\\\/\\\/www.glyphosate.eu\\\/de\\\/grg\\\/nachrichten\\\/a-policy-dialogue-can-glyphosate-play-a-role-in-achieving-greater-biodiversity\\\/\",\"name\":\"Ein Politikdialog - Kann Glyphosat eine Rolle bei der Erreichung einer gr\u00f6\u00dferen Biodiversit\u00e4t spielen? - Glyphosate Renewal Group\",\"isPartOf\":{\"@id\":\"https:\\\/\\\/www.glyphosate.eu\\\/#website\"},\"primaryImageOfPage\":{\"@id\":\"https:\\\/\\\/www.glyphosate.eu\\\/de\\\/grg\\\/nachrichten\\\/a-policy-dialogue-can-glyphosate-play-a-role-in-achieving-greater-biodiversity\\\/#primaryimage\"},\"image\":{\"@id\":\"https:\\\/\\\/www.glyphosate.eu\\\/de\\\/grg\\\/nachrichten\\\/a-policy-dialogue-can-glyphosate-play-a-role-in-achieving-greater-biodiversity\\\/#primaryimage\"},\"thumbnailUrl\":\"https:\\\/\\\/www.glyphosate.eu\\\/app\\\/uploads\\\/2021\\\/11\\\/webinar-page.png\",\"datePublished\":\"2021-11-15T13:57:52+00:00\",\"dateModified\":\"2022-01-20T12:15:40+00:00\",\"breadcrumb\":{\"@id\":\"https:\\\/\\\/www.glyphosate.eu\\\/de\\\/grg\\\/nachrichten\\\/a-policy-dialogue-can-glyphosate-play-a-role-in-achieving-greater-biodiversity\\\/#breadcrumb\"},\"inLanguage\":\"de-DE\",\"potentialAction\":[{\"@type\":\"ReadAction\",\"target\":[\"https:\\\/\\\/www.glyphosate.eu\\\/de\\\/grg\\\/nachrichten\\\/a-policy-dialogue-can-glyphosate-play-a-role-in-achieving-greater-biodiversity\\\/\"]}]},{\"@type\":\"ImageObject\",\"inLanguage\":\"de-DE\",\"@id\":\"https:\\\/\\\/www.glyphosate.eu\\\/de\\\/grg\\\/nachrichten\\\/a-policy-dialogue-can-glyphosate-play-a-role-in-achieving-greater-biodiversity\\\/#primaryimage\",\"url\":\"https:\\\/\\\/www.glyphosate.eu\\\/app\\\/uploads\\\/2021\\\/11\\\/webinar-page.png\",\"contentUrl\":\"https:\\\/\\\/www.glyphosate.eu\\\/app\\\/uploads\\\/2021\\\/11\\\/webinar-page.png\",\"width\":936,\"height\":531},{\"@type\":\"BreadcrumbList\",\"@id\":\"https:\\\/\\\/www.glyphosate.eu\\\/de\\\/grg\\\/nachrichten\\\/a-policy-dialogue-can-glyphosate-play-a-role-in-achieving-greater-biodiversity\\\/#breadcrumb\",\"itemListElement\":[{\"@type\":\"ListItem\",\"position\":1,\"name\":\"Whats new template DE &#8211; DONT Delete\",\"item\":\"https:\\\/\\\/www.glyphosate.eu\\\/de\\\/grg\\\/\"},{\"@type\":\"ListItem\",\"position\":2,\"name\":\"Nachrichten\",\"item\":\"https:\\\/\\\/www.glyphosate.eu\\\/de\\\/grg\\\/nachrichten\\\/\"},{\"@type\":\"ListItem\",\"position\":3,\"name\":\"Ein Politikdialog &#8211; Kann Glyphosat eine Rolle bei der Erreichung einer gr\u00f6\u00dferen Biodiversit\u00e4t spielen?\"}]},{\"@type\":\"WebSite\",\"@id\":\"https:\\\/\\\/www.glyphosate.eu\\\/#website\",\"url\":\"https:\\\/\\\/www.glyphosate.eu\\\/\",\"name\":\"Glyphosate Renewal Group\",\"description\":\"Just another WordPress site\",\"potentialAction\":[{\"@type\":\"SearchAction\",\"target\":{\"@type\":\"EntryPoint\",\"urlTemplate\":\"https:\\\/\\\/www.glyphosate.eu\\\/?s={search_term_string}\"},\"query-input\":{\"@type\":\"PropertyValueSpecification\",\"valueRequired\":true,\"valueName\":\"search_term_string\"}}],\"inLanguage\":\"de-DE\"}]}<\/script>\n<!-- \/ Yoast SEO plugin. -->","yoast_head_json":{"title":"Ein Politikdialog - Kann Glyphosat eine Rolle bei der Erreichung einer gr\u00f6\u00dferen Biodiversit\u00e4t spielen? - Glyphosate Renewal Group","robots":{"index":"index","follow":"follow","max-snippet":"max-snippet:-1","max-image-preview":"max-image-preview:large","max-video-preview":"max-video-preview:-1"},"canonical":"https:\/\/www.glyphosate.eu\/de\/grg\/nachrichten\/a-policy-dialogue-can-glyphosate-play-a-role-in-achieving-greater-biodiversity\/","og_locale":"de_DE","og_type":"article","og_title":"Ein Politikdialog - Kann Glyphosat eine Rolle bei der Erreichung einer gr\u00f6\u00dferen Biodiversit\u00e4t spielen? - Glyphosate Renewal Group","og_url":"https:\/\/www.glyphosate.eu\/de\/grg\/nachrichten\/a-policy-dialogue-can-glyphosate-play-a-role-in-achieving-greater-biodiversity\/","og_site_name":"Glyphosate Renewal Group","article_modified_time":"2022-01-20T12:15:40+00:00","og_image":[{"width":936,"height":531,"url":"https:\/\/www.glyphosate.eu\/app\/uploads\/2021\/11\/webinar-page.png","type":"image\/png"}],"twitter_card":"summary_large_image","schema":{"@context":"https:\/\/schema.org","@graph":[{"@type":"WebPage","@id":"https:\/\/www.glyphosate.eu\/de\/grg\/nachrichten\/a-policy-dialogue-can-glyphosate-play-a-role-in-achieving-greater-biodiversity\/","url":"https:\/\/www.glyphosate.eu\/de\/grg\/nachrichten\/a-policy-dialogue-can-glyphosate-play-a-role-in-achieving-greater-biodiversity\/","name":"Ein Politikdialog - Kann Glyphosat eine Rolle bei der Erreichung einer gr\u00f6\u00dferen Biodiversit\u00e4t spielen? - Glyphosate Renewal Group","isPartOf":{"@id":"https:\/\/www.glyphosate.eu\/#website"},"primaryImageOfPage":{"@id":"https:\/\/www.glyphosate.eu\/de\/grg\/nachrichten\/a-policy-dialogue-can-glyphosate-play-a-role-in-achieving-greater-biodiversity\/#primaryimage"},"image":{"@id":"https:\/\/www.glyphosate.eu\/de\/grg\/nachrichten\/a-policy-dialogue-can-glyphosate-play-a-role-in-achieving-greater-biodiversity\/#primaryimage"},"thumbnailUrl":"https:\/\/www.glyphosate.eu\/app\/uploads\/2021\/11\/webinar-page.png","datePublished":"2021-11-15T13:57:52+00:00","dateModified":"2022-01-20T12:15:40+00:00","breadcrumb":{"@id":"https:\/\/www.glyphosate.eu\/de\/grg\/nachrichten\/a-policy-dialogue-can-glyphosate-play-a-role-in-achieving-greater-biodiversity\/#breadcrumb"},"inLanguage":"de-DE","potentialAction":[{"@type":"ReadAction","target":["https:\/\/www.glyphosate.eu\/de\/grg\/nachrichten\/a-policy-dialogue-can-glyphosate-play-a-role-in-achieving-greater-biodiversity\/"]}]},{"@type":"ImageObject","inLanguage":"de-DE","@id":"https:\/\/www.glyphosate.eu\/de\/grg\/nachrichten\/a-policy-dialogue-can-glyphosate-play-a-role-in-achieving-greater-biodiversity\/#primaryimage","url":"https:\/\/www.glyphosate.eu\/app\/uploads\/2021\/11\/webinar-page.png","contentUrl":"https:\/\/www.glyphosate.eu\/app\/uploads\/2021\/11\/webinar-page.png","width":936,"height":531},{"@type":"BreadcrumbList","@id":"https:\/\/www.glyphosate.eu\/de\/grg\/nachrichten\/a-policy-dialogue-can-glyphosate-play-a-role-in-achieving-greater-biodiversity\/#breadcrumb","itemListElement":[{"@type":"ListItem","position":1,"name":"Whats new template DE &#8211; DONT Delete","item":"https:\/\/www.glyphosate.eu\/de\/grg\/"},{"@type":"ListItem","position":2,"name":"Nachrichten","item":"https:\/\/www.glyphosate.eu\/de\/grg\/nachrichten\/"},{"@type":"ListItem","position":3,"name":"Ein Politikdialog &#8211; Kann Glyphosat eine Rolle bei der Erreichung einer gr\u00f6\u00dferen Biodiversit\u00e4t spielen?"}]},{"@type":"WebSite","@id":"https:\/\/www.glyphosate.eu\/#website","url":"https:\/\/www.glyphosate.eu\/","name":"Glyphosate Renewal Group","description":"Just another WordPress site","potentialAction":[{"@type":"SearchAction","target":{"@type":"EntryPoint","urlTemplate":"https:\/\/www.glyphosate.eu\/?s={search_term_string}"},"query-input":{"@type":"PropertyValueSpecification","valueRequired":true,"valueName":"search_term_string"}}],"inLanguage":"de-DE"}]}},"_links":{"self":[{"href":"https:\/\/www.glyphosate.eu\/de\/wp-json\/wp\/v2\/pages\/28299","targetHints":{"allow":["GET"]}}],"collection":[{"href":"https:\/\/www.glyphosate.eu\/de\/wp-json\/wp\/v2\/pages"}],"about":[{"href":"https:\/\/www.glyphosate.eu\/de\/wp-json\/wp\/v2\/types\/page"}],"author":[{"embeddable":true,"href":"https:\/\/www.glyphosate.eu\/de\/wp-json\/wp\/v2\/users\/3"}],"replies":[{"embeddable":true,"href":"https:\/\/www.glyphosate.eu\/de\/wp-json\/wp\/v2\/comments?post=28299"}],"version-history":[{"count":3,"href":"https:\/\/www.glyphosate.eu\/de\/wp-json\/wp\/v2\/pages\/28299\/revisions"}],"predecessor-version":[{"id":28302,"href":"https:\/\/www.glyphosate.eu\/de\/wp-json\/wp\/v2\/pages\/28299\/revisions\/28302"}],"up":[{"embeddable":true,"href":"https:\/\/www.glyphosate.eu\/de\/wp-json\/wp\/v2\/pages\/7429"}],"wp:featuredmedia":[{"embeddable":true,"href":"https:\/\/www.glyphosate.eu\/de\/wp-json\/wp\/v2\/media\/25521"}],"wp:attachment":[{"href":"https:\/\/www.glyphosate.eu\/de\/wp-json\/wp\/v2\/media?parent=28299"}],"curies":[{"name":"wp","href":"https:\/\/api.w.org\/{rel}","templated":true}]}}