{"id":26831,"date":"2021-04-20T17:30:35","date_gmt":"2021-04-20T16:30:35","guid":{"rendered":"https:\/\/www.glyphosate.eu\/transparency\/scientific-dossier\/access-to-studies-for-non-grg-members\/"},"modified":"2021-12-21T12:38:58","modified_gmt":"2021-12-21T12:38:58","slug":"access-to-studies-for-non-grg-members","status":"publish","type":"page","link":"https:\/\/www.glyphosate.eu\/de\/transparency\/scientific-dossier\/access-to-studies-for-non-grg-members\/","title":{"rendered":"Zugang zu Studien f\u00fcr Nicht-GRG-Mitglieder"},"content":{"rendered":"<p><span data-preserver-spaces=\"true\">\u00a0\u00a0<\/span><strong><span data-preserver-spaces=\"true\">Warum Nicht-GRG-Mitglieder Zugang zu Glyphosatstudien ben\u00f6tigen<\/span><\/strong><\/p>\n<p><span data-preserver-spaces=\"true\">Um ein Glyphosat-Pflanzenschutzmittel (PSM) auf den Markt zu bringen, ben\u00f6tigen Nicht-GRG-Mitglieder m\u00f6glicherweise Zugang zu Glyphosatstudien, die von GRG-Mitgliedern f\u00fcr das Wissenschaftsdossier von 2020 in Auftrag gegeben wurden (und deren gemeinsames Eigentum sind) oder Mitgliedern der Glyphosat-Taskforce f\u00fcr das Wissenschaftsdossier von 2012 geh\u00f6ren. Der Zugang zu einigen dieser Studien und die Nutzung ihrer Daten sind notwendig, um eine Zulassung der Glyphosat-PSM des Nicht-GRG-Mitglieds durch die zust\u00e4ndige Beh\u00f6rde in einem Mitgliedsstaat zu unterst\u00fctzen.<\/span><\/p>\n<p><span data-preserver-spaces=\"true\">\u00a0\u00a0<\/span><strong><span data-preserver-spaces=\"true\">Datenschutz f\u00fcr Studien, die zur Zulassung von Glyphosat eingereicht wurden<\/span><\/strong><\/p>\n<p><span data-preserver-spaces=\"true\">Bestimmte Studien, die f\u00fcr die Zulassung von Glyphosat vorgelegt wurden, unterliegen dem Datenschutz gem\u00e4\u00df Verordnung (EG) Nr. 1107\/2009. Der Datenschutz-Zeitraum f\u00fcr Studien, die f\u00fcr die Erneuerung von Glyphosat notwendig waren, besteht solange, bis 30 Monate nach dem Datum der ersten Neuzulassung eines Glyphosat-PSM auf Mitgliedsstaatsebene verstrichen sind. Im Verlauf dieses Zeitraums kann ein Dritter nicht ohne die Erlaubnis des Dateneigent\u00fcmers gesch\u00fctzte Daten verwenden, um einen Antrag zur Zulassung seines Produkts zu unterst\u00fctzen.\u00a0<\/span><\/p>\n<p><span data-preserver-spaces=\"true\">Die einzige M\u00f6glichkeit f\u00fcr ein Nicht-GRG-Mitglied, diese Daten zur Zulassung seines PSM zu zitieren, besteht darin, eine Zugangsbescheinigung von dem\/den GRG-Mitglied (ern) anzufordern, der\/die Eigent\u00fcmer der Studie ist\/sind. In der Zugangsbescheinigung muss der Datenbesitzer explizit best\u00e4tigen, dass der Antragsteller f\u00fcr seinen eigenen Zulassungsantrag auf die Daten zur\u00fcckgreifen darf.<\/span><\/p>\n<p><span data-preserver-spaces=\"true\">Die GRG-Mitglieder beanspruchen Datenschutz f\u00fcr alle Studien, die ihnen gemeinsam geh\u00f6ren und die als Teil des wissenschaftlichen Dossiers von 2020 eingereicht wurden. Deshalb muss von Nicht-GRG-Mitgliedern ein Zugangsbescheinigungsantrag gestellt werden, um auf diese Studien zur\u00fcckzugreifen.\u00a0<\/span><\/p>\n<p><span data-preserver-spaces=\"true\"> \u00a0<\/span><span data-preserver-spaces=\"true\">Sobald diese Studien keinem Datenschutz mehr unterliegen, k\u00f6nnen sie ohne Erlaubnis des Dateneigent\u00fcmers von einer dritten Partei verwendet werden, und deshalb ist keine Zugangsbescheinigung erforderlich. Der Datenschutz zu den eingereichten Betreuungsstudien wurde nicht beansprucht, da diese nicht als Zulassungsstudien unter Verordnung (EG) Nr. 1107\/2009 eingestuft werden.<\/span><\/p>\n<p><span data-preserver-spaces=\"true\">Bestimmte der von Mitgliedern der Glyphosat-Taskforce f\u00fcr das Wissenschaftsdossier von 2012 in Auftrag gegebenen Studien unterliegen eventuell keinem Schutz mehr, falls der 30-monatige Datenschutzzeitraum f\u00fcr Studien, die zur Glyphosat-Erneuerung notwendig sind, abgelaufen ist. Zus\u00e4tzlich betr\u00e4gt die Datenschutzfrist f\u00fcr neue Studien bei Produktzulassungen in den Mitgliedsstaaten 10 Jahre, somit kann es sein, dass eine spezifische Studie in einem bestimmten Mitgliedsstaat noch gesch\u00fctzt ist. F\u00fcr diese Studien muss noch immer ein Zugangsbescheinigungsantrag bei einem Eigent\u00fcmer der Studie gestellt werden.<\/span><\/p>\n<p><span data-preserver-spaces=\"true\"> \u00a0<\/span><strong><span data-preserver-spaces=\"true\">Ablauf f\u00fcr den Zugang zu Studien durch Nicht-GRG-Mitglieder<\/span><\/strong><\/p>\n<p><span data-preserver-spaces=\"true\">Zur Zulassung von Glyphosat eingereichte Studien geh\u00f6ren entweder den individuellen Unternehmen, die Mitglieder der GRG sind, gemeinsam oder den Mitgliedern der Glyphosat-Taskforce. Die GRG, als eine Gruppe von Unternehmen, besitzt keine der zu Zulassungszwecken eingereichten Studien und ist gem\u00e4\u00df der Anforderungen von Verordnung (EG) Nr. 1107\/2009 nicht in der Lage, Zugang zu diesen Studien zu gew\u00e4hren.<\/span><\/p>\n<p><span data-preserver-spaces=\"true\"> \u00a0<\/span><span data-preserver-spaces=\"true\">Nicht-GRG-Mitglieder, die daran interessiert sind, eine Zugangsbescheinigung f\u00fcr eine Studie zu erhalten, k\u00f6nnen einen Antrag auf eine Zugangsbescheinigung bei einem oder mehreren individuellen GRG-Mitgliedern stellen.<\/span><\/p>\n<p><span data-preserver-spaces=\"true\">Gem\u00e4\u00df der Verordnung (EG) Nr. 1107\/2009 werden Studien, die von den einzelnen GRG-Mitgliedern gemeinsam genutzt werden, auf faire, transparente und nicht diskriminierende Weise geteilt.<\/span><\/p>\n<p><span data-preserver-spaces=\"true\"> \u00a0<\/span><span data-preserver-spaces=\"true\">Das Nicht-GRG-Mitglied kann mit dem einzelnen GRG-Mitglied die Zugangsbedingungen und gegebenenfalls die Bezahlung f\u00fcr diese Zugangsbescheinigung aushandeln. Jede zur Zugangsgew\u00e4hrung auferlegte Geb\u00fchr ist auf faire, transparente und nicht diskriminierende Weise festzulegen und soll vertretbar sein.<\/span><\/p>\n<p><span data-preserver-spaces=\"true\"> \u00a0<\/span><span data-preserver-spaces=\"true\">Das Nicht-GRG-Mitglied kann den\/die Eigent\u00fcmer der f\u00fcr die Wissenschaftsdossiers von 2020 und 2012 eingereichten Studien in den \u201eReferenzlisten zur Auftragsvergabe einer Glyphosatstudie\u201c finden, die auf der Seite <\/span><a class=\"editor-rtfLink\" href=\"https:\/\/www.glyphosate.eu\/transparency\/scientific-dossier\/glyphosate-study-reports\/\" target=\"_blank\" rel=\"noopener\"><span data-preserver-spaces=\"true\">\u201eStudien, die wir besitzen\u201c<\/span><\/a><span data-preserver-spaces=\"true\">\u00a0heruntergeladen werden kann. Man beachte, dass die Referenzliste f\u00fcr das Wissenschaftsdossier von 2020 auch Studien beinhaltet, die zur Zulassung von Bayers firmeneigenem Glyphosat-PSM als Referenzrezeptur eingereicht wurden.\u00a0<\/span><\/p>\n<p><span data-preserver-spaces=\"true\">Diese Studien werden von Bayer bereitgestellt, um das Wissenschaftsdossier von 2020 zu unterst\u00fctzen. Dritte, die auf die Daten dieser Studien zur Zulassung ihres Glyphosat-PSM zur\u00fcckzugreifen wollen, m\u00fcssen eine Zugangsbescheinigung von Bayer beantragen.<\/span><\/p>\n","protected":false},"excerpt":{"rendered":"<p>\u00a0\u00a0Warum Nicht-GRG-Mitglieder Zugang zu Glyphosatstudien ben\u00f6tigen Um ein Glyphosat-Pflanzenschutzmittel (PSM) auf den Markt zu bringen, ben\u00f6tigen Nicht-GRG-Mitglieder m\u00f6glicherweise Zugang zu Glyphosatstudien, die von GRG-Mitgliedern f\u00fcr das Wissenschaftsdossier von 2020 in Auftrag gegeben wurden (und deren gemeinsames Eigentum sind) oder Mitgliedern der Glyphosat-Taskforce f\u00fcr das Wissenschaftsdossier von 2012 geh\u00f6ren. Der Zugang zu einigen dieser Studien und &hellip; <a href=\"https:\/\/www.glyphosate.eu\/de\/transparency\/scientific-dossier\/access-to-studies-for-non-grg-members\/\">Fortsetzen<\/a><\/p>\n","protected":false},"author":3,"featured_media":0,"parent":7468,"menu_order":397,"comment_status":"closed","ping_status":"closed","template":"","meta":{"_acf_changed":false,"inline_featured_image":false,"footnotes":""},"class_list":["post-26831","page","type-page","status-publish","hentry"],"acf":[],"yoast_head":"<!-- This site is optimized with the Yoast SEO plugin v27.4 - https:\/\/yoast.com\/product\/yoast-seo-wordpress\/ -->\n<title>Zugang zu Studien f\u00fcr Nicht-GRG-Mitglieder - Glyphosate Renewal Group<\/title>\n<meta name=\"robots\" content=\"index, follow, max-snippet:-1, max-image-preview:large, max-video-preview:-1\" \/>\n<link rel=\"canonical\" href=\"https:\/\/www.glyphosate.eu\/de\/transparency\/scientific-dossier\/access-to-studies-for-non-grg-members\/\" \/>\n<meta property=\"og:locale\" content=\"de_DE\" \/>\n<meta property=\"og:type\" content=\"article\" \/>\n<meta property=\"og:title\" content=\"Zugang zu Studien f\u00fcr Nicht-GRG-Mitglieder - Glyphosate Renewal Group\" \/>\n<meta property=\"og:description\" content=\"\u00a0\u00a0Warum Nicht-GRG-Mitglieder Zugang zu Glyphosatstudien ben\u00f6tigen Um ein Glyphosat-Pflanzenschutzmittel (PSM) auf den Markt zu bringen, ben\u00f6tigen Nicht-GRG-Mitglieder m\u00f6glicherweise Zugang zu Glyphosatstudien, die von GRG-Mitgliedern f\u00fcr das Wissenschaftsdossier von 2020 in Auftrag gegeben wurden (und deren gemeinsames Eigentum sind) oder Mitgliedern der Glyphosat-Taskforce f\u00fcr das Wissenschaftsdossier von 2012 geh\u00f6ren. Der Zugang zu einigen dieser Studien und &hellip; Fortsetzen\" \/>\n<meta property=\"og:url\" content=\"https:\/\/www.glyphosate.eu\/de\/transparency\/scientific-dossier\/access-to-studies-for-non-grg-members\/\" \/>\n<meta property=\"og:site_name\" content=\"Glyphosate Renewal Group\" \/>\n<meta property=\"article:modified_time\" content=\"2021-12-21T12:38:58+00:00\" \/>\n<meta name=\"twitter:card\" content=\"summary_large_image\" \/>\n<meta name=\"twitter:label1\" content=\"Est. reading time\" \/>\n\t<meta name=\"twitter:data1\" content=\"3 minutes\" \/>\n<script type=\"application\/ld+json\" class=\"yoast-schema-graph\">{\"@context\":\"https:\\\/\\\/schema.org\",\"@graph\":[{\"@type\":\"WebPage\",\"@id\":\"https:\\\/\\\/www.glyphosate.eu\\\/de\\\/transparency\\\/scientific-dossier\\\/access-to-studies-for-non-grg-members\\\/\",\"url\":\"https:\\\/\\\/www.glyphosate.eu\\\/de\\\/transparency\\\/scientific-dossier\\\/access-to-studies-for-non-grg-members\\\/\",\"name\":\"Zugang zu Studien f\u00fcr Nicht-GRG-Mitglieder - Glyphosate Renewal Group\",\"isPartOf\":{\"@id\":\"https:\\\/\\\/www.glyphosate.eu\\\/#website\"},\"datePublished\":\"2021-04-20T16:30:35+00:00\",\"dateModified\":\"2021-12-21T12:38:58+00:00\",\"breadcrumb\":{\"@id\":\"https:\\\/\\\/www.glyphosate.eu\\\/de\\\/transparency\\\/scientific-dossier\\\/access-to-studies-for-non-grg-members\\\/#breadcrumb\"},\"inLanguage\":\"de-DE\",\"potentialAction\":[{\"@type\":\"ReadAction\",\"target\":[\"https:\\\/\\\/www.glyphosate.eu\\\/de\\\/transparency\\\/scientific-dossier\\\/access-to-studies-for-non-grg-members\\\/\"]}]},{\"@type\":\"BreadcrumbList\",\"@id\":\"https:\\\/\\\/www.glyphosate.eu\\\/de\\\/transparency\\\/scientific-dossier\\\/access-to-studies-for-non-grg-members\\\/#breadcrumb\",\"itemListElement\":[{\"@type\":\"ListItem\",\"position\":1,\"name\":\"Transparenz\",\"item\":\"https:\\\/\\\/www.glyphosate.eu\\\/de\\\/transparency\\\/\"},{\"@type\":\"ListItem\",\"position\":2,\"name\":\"Wissenschaftsdossier\",\"item\":\"https:\\\/\\\/www.glyphosate.eu\\\/de\\\/transparency\\\/scientific-dossier\\\/\"},{\"@type\":\"ListItem\",\"position\":3,\"name\":\"Zugang zu Studien f\u00fcr Nicht-GRG-Mitglieder\"}]},{\"@type\":\"WebSite\",\"@id\":\"https:\\\/\\\/www.glyphosate.eu\\\/#website\",\"url\":\"https:\\\/\\\/www.glyphosate.eu\\\/\",\"name\":\"Glyphosate Renewal Group\",\"description\":\"Just another WordPress site\",\"potentialAction\":[{\"@type\":\"SearchAction\",\"target\":{\"@type\":\"EntryPoint\",\"urlTemplate\":\"https:\\\/\\\/www.glyphosate.eu\\\/?s={search_term_string}\"},\"query-input\":{\"@type\":\"PropertyValueSpecification\",\"valueRequired\":true,\"valueName\":\"search_term_string\"}}],\"inLanguage\":\"de-DE\"}]}<\/script>\n<!-- \/ Yoast SEO plugin. -->","yoast_head_json":{"title":"Zugang zu Studien f\u00fcr Nicht-GRG-Mitglieder - Glyphosate Renewal Group","robots":{"index":"index","follow":"follow","max-snippet":"max-snippet:-1","max-image-preview":"max-image-preview:large","max-video-preview":"max-video-preview:-1"},"canonical":"https:\/\/www.glyphosate.eu\/de\/transparency\/scientific-dossier\/access-to-studies-for-non-grg-members\/","og_locale":"de_DE","og_type":"article","og_title":"Zugang zu Studien f\u00fcr Nicht-GRG-Mitglieder - Glyphosate Renewal Group","og_description":"\u00a0\u00a0Warum Nicht-GRG-Mitglieder Zugang zu Glyphosatstudien ben\u00f6tigen Um ein Glyphosat-Pflanzenschutzmittel (PSM) auf den Markt zu bringen, ben\u00f6tigen Nicht-GRG-Mitglieder m\u00f6glicherweise Zugang zu Glyphosatstudien, die von GRG-Mitgliedern f\u00fcr das Wissenschaftsdossier von 2020 in Auftrag gegeben wurden (und deren gemeinsames Eigentum sind) oder Mitgliedern der Glyphosat-Taskforce f\u00fcr das Wissenschaftsdossier von 2012 geh\u00f6ren. Der Zugang zu einigen dieser Studien und &hellip; Fortsetzen","og_url":"https:\/\/www.glyphosate.eu\/de\/transparency\/scientific-dossier\/access-to-studies-for-non-grg-members\/","og_site_name":"Glyphosate Renewal Group","article_modified_time":"2021-12-21T12:38:58+00:00","twitter_card":"summary_large_image","twitter_misc":{"Est. reading time":"3 minutes"},"schema":{"@context":"https:\/\/schema.org","@graph":[{"@type":"WebPage","@id":"https:\/\/www.glyphosate.eu\/de\/transparency\/scientific-dossier\/access-to-studies-for-non-grg-members\/","url":"https:\/\/www.glyphosate.eu\/de\/transparency\/scientific-dossier\/access-to-studies-for-non-grg-members\/","name":"Zugang zu Studien f\u00fcr Nicht-GRG-Mitglieder - Glyphosate Renewal Group","isPartOf":{"@id":"https:\/\/www.glyphosate.eu\/#website"},"datePublished":"2021-04-20T16:30:35+00:00","dateModified":"2021-12-21T12:38:58+00:00","breadcrumb":{"@id":"https:\/\/www.glyphosate.eu\/de\/transparency\/scientific-dossier\/access-to-studies-for-non-grg-members\/#breadcrumb"},"inLanguage":"de-DE","potentialAction":[{"@type":"ReadAction","target":["https:\/\/www.glyphosate.eu\/de\/transparency\/scientific-dossier\/access-to-studies-for-non-grg-members\/"]}]},{"@type":"BreadcrumbList","@id":"https:\/\/www.glyphosate.eu\/de\/transparency\/scientific-dossier\/access-to-studies-for-non-grg-members\/#breadcrumb","itemListElement":[{"@type":"ListItem","position":1,"name":"Transparenz","item":"https:\/\/www.glyphosate.eu\/de\/transparency\/"},{"@type":"ListItem","position":2,"name":"Wissenschaftsdossier","item":"https:\/\/www.glyphosate.eu\/de\/transparency\/scientific-dossier\/"},{"@type":"ListItem","position":3,"name":"Zugang zu Studien f\u00fcr Nicht-GRG-Mitglieder"}]},{"@type":"WebSite","@id":"https:\/\/www.glyphosate.eu\/#website","url":"https:\/\/www.glyphosate.eu\/","name":"Glyphosate Renewal Group","description":"Just another WordPress site","potentialAction":[{"@type":"SearchAction","target":{"@type":"EntryPoint","urlTemplate":"https:\/\/www.glyphosate.eu\/?s={search_term_string}"},"query-input":{"@type":"PropertyValueSpecification","valueRequired":true,"valueName":"search_term_string"}}],"inLanguage":"de-DE"}]}},"_links":{"self":[{"href":"https:\/\/www.glyphosate.eu\/de\/wp-json\/wp\/v2\/pages\/26831","targetHints":{"allow":["GET"]}}],"collection":[{"href":"https:\/\/www.glyphosate.eu\/de\/wp-json\/wp\/v2\/pages"}],"about":[{"href":"https:\/\/www.glyphosate.eu\/de\/wp-json\/wp\/v2\/types\/page"}],"author":[{"embeddable":true,"href":"https:\/\/www.glyphosate.eu\/de\/wp-json\/wp\/v2\/users\/3"}],"replies":[{"embeddable":true,"href":"https:\/\/www.glyphosate.eu\/de\/wp-json\/wp\/v2\/comments?post=26831"}],"version-history":[{"count":4,"href":"https:\/\/www.glyphosate.eu\/de\/wp-json\/wp\/v2\/pages\/26831\/revisions"}],"predecessor-version":[{"id":26900,"href":"https:\/\/www.glyphosate.eu\/de\/wp-json\/wp\/v2\/pages\/26831\/revisions\/26900"}],"up":[{"embeddable":true,"href":"https:\/\/www.glyphosate.eu\/de\/wp-json\/wp\/v2\/pages\/7468"}],"wp:attachment":[{"href":"https:\/\/www.glyphosate.eu\/de\/wp-json\/wp\/v2\/media?parent=26831"}],"curies":[{"name":"wp","href":"https:\/\/api.w.org\/{rel}","templated":true}]}}