{"id":14435,"date":"2020-10-01T14:50:18","date_gmt":"2020-10-01T13:50:18","guid":{"rendered":"https:\/\/www.glyphosate.eu\/die-glyphosate-renewal-group\/"},"modified":"2024-10-14T14:13:25","modified_gmt":"2024-10-14T13:13:25","slug":"die-glyphosate-renewal-group","status":"publish","type":"page","link":"https:\/\/www.glyphosate.eu\/de\/die-glyphosate-renewal-group\/","title":{"rendered":"Die Glyphosate Renewal Group"},"content":{"rendered":"<p>Dieser wird im Zuge des EU-Genehmigungsverfahrens den an der n\u00e4chsten Bewertung beteiligten Mitgliedstaaten sowie der Europ\u00e4ischen Beh\u00f6rde f\u00fcr Lebensmittelsicherheit (EFSA) vorgelegt. So sollen Glyphosat und glyphosathaltige Produkte auch weiterhin auf dem EU-Markt erh\u00e4ltlich bleiben.<\/p>\n<p>Die urspr\u00fcngliche \u201eGlyphosate Task Force 2\u201c wurde Ende 2019 in \u201eGlyphosate Renewal Group\u201c umbenannt, um Verwechslungen mit fr\u00fcheren Initiativen auszuschlie\u00dfen.<\/p>\n<p>Dem Zusammenschluss geh\u00f6ren Albaugh Europe SARL, Barclay Chemicals Manufacturing Ltd., <span data-teams=\"true\"><span class=\"ui-provider a b c d e f g h i j k l m n o p q r s t u v w x y z ab ac ae af ag ah ai aj ak\" dir=\"ltr\">Bayer Agriculture BV<\/span><\/span>, <span data-teams=\"true\"><span class=\"ui-provider a b c d e f g h i j k l m n o p q r s t u v w x y z ab ac ae af ag ah ai aj ak\" dir=\"ltr\">QEMETICA Agricultural Solutions Poland S.A.<\/span><\/span>, Crop Alliance Unipessoal LDA., Nufarm GmbH &amp; Co. KG, Sinon Corporation und Syngenta Crop Protection AG an.\u00a0<\/p>\n","protected":false},"excerpt":{"rendered":"<p>Dieser wird im Zuge des EU-Genehmigungsverfahrens den an der n\u00e4chsten Bewertung beteiligten Mitgliedstaaten sowie der Europ\u00e4ischen Beh\u00f6rde f\u00fcr Lebensmittelsicherheit (EFSA) vorgelegt. So sollen Glyphosat und glyphosathaltige Produkte auch weiterhin auf dem EU-Markt erh\u00e4ltlich bleiben. Die urspr\u00fcngliche \u201eGlyphosate Task Force 2\u201c wurde Ende 2019 in \u201eGlyphosate Renewal Group\u201c umbenannt, um Verwechslungen mit fr\u00fcheren Initiativen auszuschlie\u00dfen. Dem &hellip; <a href=\"https:\/\/www.glyphosate.eu\/de\/die-glyphosate-renewal-group\/\">Fortsetzen<\/a><\/p>\n","protected":false},"author":1,"featured_media":0,"parent":0,"menu_order":874,"comment_status":"closed","ping_status":"closed","template":"views\/template-auth-process.blade.php","meta":{"_acf_changed":false,"inline_featured_image":false,"footnotes":""},"class_list":["post-14435","page","type-page","status-publish","hentry"],"acf":[],"yoast_head":"<!-- This site is optimized with the Yoast SEO plugin v27.3 - https:\/\/yoast.com\/product\/yoast-seo-wordpress\/ -->\n<title>Die Glyphosate Renewal Group - Glyphosate Renewal Group<\/title>\n<meta name=\"robots\" content=\"index, follow, max-snippet:-1, max-image-preview:large, max-video-preview:-1\" \/>\n<link rel=\"canonical\" href=\"https:\/\/www.glyphosate.eu\/de\/die-glyphosate-renewal-group\/\" \/>\n<meta property=\"og:locale\" content=\"de_DE\" \/>\n<meta property=\"og:type\" content=\"article\" \/>\n<meta property=\"og:title\" content=\"Die Glyphosate Renewal Group - Glyphosate Renewal Group\" \/>\n<meta property=\"og:description\" content=\"Dieser wird im Zuge des EU-Genehmigungsverfahrens den an der n\u00e4chsten Bewertung beteiligten Mitgliedstaaten sowie der Europ\u00e4ischen Beh\u00f6rde f\u00fcr Lebensmittelsicherheit (EFSA) vorgelegt. So sollen Glyphosat und glyphosathaltige Produkte auch weiterhin auf dem EU-Markt erh\u00e4ltlich bleiben. Die urspr\u00fcngliche \u201eGlyphosate Task Force 2\u201c wurde Ende 2019 in \u201eGlyphosate Renewal Group\u201c umbenannt, um Verwechslungen mit fr\u00fcheren Initiativen auszuschlie\u00dfen. Dem &hellip; Fortsetzen\" \/>\n<meta property=\"og:url\" content=\"https:\/\/www.glyphosate.eu\/de\/die-glyphosate-renewal-group\/\" \/>\n<meta property=\"og:site_name\" content=\"Glyphosate Renewal Group\" \/>\n<meta property=\"article:modified_time\" content=\"2024-10-14T13:13:25+00:00\" \/>\n<meta name=\"twitter:card\" content=\"summary_large_image\" \/>\n<meta name=\"twitter:label1\" content=\"Est. reading time\" \/>\n\t<meta name=\"twitter:data1\" content=\"1 minute\" \/>\n<script type=\"application\/ld+json\" class=\"yoast-schema-graph\">{\"@context\":\"https:\\\/\\\/schema.org\",\"@graph\":[{\"@type\":\"WebPage\",\"@id\":\"https:\\\/\\\/www.glyphosate.eu\\\/de\\\/die-glyphosate-renewal-group\\\/\",\"url\":\"https:\\\/\\\/www.glyphosate.eu\\\/de\\\/die-glyphosate-renewal-group\\\/\",\"name\":\"Die Glyphosate Renewal Group - Glyphosate Renewal Group\",\"isPartOf\":{\"@id\":\"https:\\\/\\\/www.glyphosate.eu\\\/#website\"},\"datePublished\":\"2020-10-01T13:50:18+00:00\",\"dateModified\":\"2024-10-14T13:13:25+00:00\",\"inLanguage\":\"de-DE\",\"potentialAction\":[{\"@type\":\"ReadAction\",\"target\":[\"https:\\\/\\\/www.glyphosate.eu\\\/de\\\/die-glyphosate-renewal-group\\\/\"]}]},{\"@type\":\"WebSite\",\"@id\":\"https:\\\/\\\/www.glyphosate.eu\\\/#website\",\"url\":\"https:\\\/\\\/www.glyphosate.eu\\\/\",\"name\":\"Glyphosate Renewal Group\",\"description\":\"Just another WordPress site\",\"potentialAction\":[{\"@type\":\"SearchAction\",\"target\":{\"@type\":\"EntryPoint\",\"urlTemplate\":\"https:\\\/\\\/www.glyphosate.eu\\\/?s={search_term_string}\"},\"query-input\":{\"@type\":\"PropertyValueSpecification\",\"valueRequired\":true,\"valueName\":\"search_term_string\"}}],\"inLanguage\":\"de-DE\"}]}<\/script>\n<!-- \/ Yoast SEO plugin. -->","yoast_head_json":{"title":"Die Glyphosate Renewal Group - Glyphosate Renewal Group","robots":{"index":"index","follow":"follow","max-snippet":"max-snippet:-1","max-image-preview":"max-image-preview:large","max-video-preview":"max-video-preview:-1"},"canonical":"https:\/\/www.glyphosate.eu\/de\/die-glyphosate-renewal-group\/","og_locale":"de_DE","og_type":"article","og_title":"Die Glyphosate Renewal Group - Glyphosate Renewal Group","og_description":"Dieser wird im Zuge des EU-Genehmigungsverfahrens den an der n\u00e4chsten Bewertung beteiligten Mitgliedstaaten sowie der Europ\u00e4ischen Beh\u00f6rde f\u00fcr Lebensmittelsicherheit (EFSA) vorgelegt. So sollen Glyphosat und glyphosathaltige Produkte auch weiterhin auf dem EU-Markt erh\u00e4ltlich bleiben. Die urspr\u00fcngliche \u201eGlyphosate Task Force 2\u201c wurde Ende 2019 in \u201eGlyphosate Renewal Group\u201c umbenannt, um Verwechslungen mit fr\u00fcheren Initiativen auszuschlie\u00dfen. Dem &hellip; Fortsetzen","og_url":"https:\/\/www.glyphosate.eu\/de\/die-glyphosate-renewal-group\/","og_site_name":"Glyphosate Renewal Group","article_modified_time":"2024-10-14T13:13:25+00:00","twitter_card":"summary_large_image","twitter_misc":{"Est. reading time":"1 minute"},"schema":{"@context":"https:\/\/schema.org","@graph":[{"@type":"WebPage","@id":"https:\/\/www.glyphosate.eu\/de\/die-glyphosate-renewal-group\/","url":"https:\/\/www.glyphosate.eu\/de\/die-glyphosate-renewal-group\/","name":"Die Glyphosate Renewal Group - Glyphosate Renewal Group","isPartOf":{"@id":"https:\/\/www.glyphosate.eu\/#website"},"datePublished":"2020-10-01T13:50:18+00:00","dateModified":"2024-10-14T13:13:25+00:00","inLanguage":"de-DE","potentialAction":[{"@type":"ReadAction","target":["https:\/\/www.glyphosate.eu\/de\/die-glyphosate-renewal-group\/"]}]},{"@type":"WebSite","@id":"https:\/\/www.glyphosate.eu\/#website","url":"https:\/\/www.glyphosate.eu\/","name":"Glyphosate Renewal Group","description":"Just another WordPress site","potentialAction":[{"@type":"SearchAction","target":{"@type":"EntryPoint","urlTemplate":"https:\/\/www.glyphosate.eu\/?s={search_term_string}"},"query-input":{"@type":"PropertyValueSpecification","valueRequired":true,"valueName":"search_term_string"}}],"inLanguage":"de-DE"}]}},"_links":{"self":[{"href":"https:\/\/www.glyphosate.eu\/de\/wp-json\/wp\/v2\/pages\/14435","targetHints":{"allow":["GET"]}}],"collection":[{"href":"https:\/\/www.glyphosate.eu\/de\/wp-json\/wp\/v2\/pages"}],"about":[{"href":"https:\/\/www.glyphosate.eu\/de\/wp-json\/wp\/v2\/types\/page"}],"author":[{"embeddable":true,"href":"https:\/\/www.glyphosate.eu\/de\/wp-json\/wp\/v2\/users\/1"}],"replies":[{"embeddable":true,"href":"https:\/\/www.glyphosate.eu\/de\/wp-json\/wp\/v2\/comments?post=14435"}],"version-history":[{"count":5,"href":"https:\/\/www.glyphosate.eu\/de\/wp-json\/wp\/v2\/pages\/14435\/revisions"}],"predecessor-version":[{"id":35316,"href":"https:\/\/www.glyphosate.eu\/de\/wp-json\/wp\/v2\/pages\/14435\/revisions\/35316"}],"wp:attachment":[{"href":"https:\/\/www.glyphosate.eu\/de\/wp-json\/wp\/v2\/media?parent=14435"}],"curies":[{"name":"wp","href":"https:\/\/api.w.org\/{rel}","templated":true}]}}