{"id":13945,"date":"2020-08-28T11:43:35","date_gmt":"2020-08-28T10:43:35","guid":{"rendered":"https:\/\/www.glyphosate.eu\/genehmigungsverfahren-2\/"},"modified":"2022-01-12T10:22:23","modified_gmt":"2022-01-12T10:22:23","slug":"genehmigungsverfahren","status":"publish","type":"page","link":"https:\/\/www.glyphosate.eu\/de\/genehmigungsverfahren\/","title":{"rendered":"Genehmigungsverfahren"},"content":{"rendered":"<p>Nach einem positiven Votum einer qualifizierten Mehrheit der Mitgliedstaaten wurde die EU-Zulassung f\u00fcr Glyphosat am 12. Dezember 2017 durch die EU-Kommission um f\u00fcnf Jahre verl\u00e4ngert. Dies bedeutet, dass Glyphosat als Wirkstoff in Pflanzenschutzmitteln bis 15. Dezember 2022 in der EU verwendet werden darf. Jedes Pflanzenschutzmittel muss jedoch in den jeweiligen EU-L\u00e4ndern von den zust\u00e4ndigen Beh\u00f6rden zugelassen und vorab auf ihre Sicherheit untersucht werden. Pflanzenschutzmittel werden auch Pestizide genannt.<\/p>\n<p>Laut EU-Recht muss die Zulassung aller Wirkstoffe regelm\u00e4\u00dfig \u00fcberpr\u00fcft werden; \u00fcblicherweise ist ein EU-Mitgliedstaat als sogenannter Berichterstatter f\u00fcr die wissenschaftliche Bewertung des Wirkstoffs zust\u00e4ndig. Diese Bewertung wird anschlie\u00dfend von den zust\u00e4ndigen Beh\u00f6rden aller anderen EU-Mitgliedstaaten validiert. Das gesamte Verfahren wird von der Europ\u00e4ischen Beh\u00f6rde f\u00fcr Lebensmittelsicherheit (EFSA) \u00fcberwacht. Eine vollst\u00e4ndige Beschreibung des EU-Verfahrens zur Zulassung von Wirkstoffen und Genehmigung von Pflanzenschutzmitteln ist hier <a style=\"color: #239c00;\" href=\"https:\/\/ec.europa.eu\/assets\/sante\/food\/plants\/pesticides\/lop\/index.html\" target=\"_blank\" rel=\"noopener noreferrer\">verf\u00fcgbar<\/a>.<\/p>\n<p>Angesichts der gro\u00dfen Anzahl auszuwertender Studien und des damit einhergehenden Arbeitsaufwands haben die Mitgliedstaaten im Fall von Glyphosat beschlossen, eine Gruppe gemeinsamer Berichterstatter zu bilden. Diese sogenannte Bewertungsgruppe f\u00fcr Glyphosat (AGG) umfasst Frankreich, Ungarn, die Niederlande und Schweden und wurde im April 2019 gegr\u00fcndet.<\/p>\n<p>Laut EU-Vorschriften m\u00fcssen Unternehmen, die den Erhalt der Glyphosat-Zulassung unterst\u00fctzen, drei Jahre vor Ablauf der Zulassung (d. h. bis 15. Dezember 2019) bei der EU-Kommission einen Antrag auf Wiederzulassung einreichen. In der Folge wurde der AGG und EFSA bis 15. Juni 2020 ein Dossier mit Hunderten Studien und Tausenden Fachartikeln zu Glyphosat, seiner Sicherheit sowie seiner Verwendung vorgelegt. Nach Pr\u00fcfung des Dossiers auf Vollst\u00e4ndigkeit werden die zust\u00e4ndigen Landesbeh\u00f6rden der AGG-Mitgliedstaaten die enthaltenen Studien sowie Fachartikel pr\u00fcfen und einen Entwurf f\u00fcr einen Bericht zur Bewertung der Wiederzulassung (RAR) vorbereiten. Angesichts des in den EU-Vorschriften vorgegebenen Zeitrahmens sollte der RAR f\u00fcr Glyphosat im Juli 2021 abgeschlossen sein. Danach steht der Bericht f\u00fcr einen bestimmten Zeitraum zur \u00f6ffentlichen Konsultation frei, sodass jeder den Inhalt des RAR online kommentieren kann.<\/p>\n<p>Der Bericht wird anschlie\u00dfend an die EFSA und die restlichen EU-Mitgliedstaaten zur Begutachtung versendet. Danach ver\u00f6ffentlicht die EFSA ihre Schlussfolgerungen zur Sicherheit von Glyphosat und schickt diese an die Generaldirektion f\u00fcr Gesundheit und Lebensmittelsicherheit der Europ\u00e4ischen Kommission.<\/p>\n<p>Auf Basis der wissenschaftlichen Schlussfolgerungen der EFSA formuliert die Europ\u00e4ische Kommission einen Gesetzesvorschlag f\u00fcr die Wiederzulassung oder Nicht-Wiederzulassung von Glyphosat. Der Gesetzesvorschlag wird in einem Ausschuss unter Leitung der Europ\u00e4ischen Kommission diskutiert, an dem Experten aus allen EU-Mitgliedstaaten teilnehmen. Sie entscheiden schlie\u00dflich, ob Glyphosat in der EU erneut zugelassen wird. Ein positives Votum erfordert eine qualifizierte Mehrheit an Mitgliedstaaten, die f\u00fcr den Wirkstoff Glyphosat stimmen. Weitere Informationen zu den Zulassungsbedingungen finden Sie <a style=\"color: #239c00;\" href=\"https:\/\/www.consilium.europa.eu\/en\/council-eu\/voting-system\/qualified-majority\/\" target=\"_blank\" rel=\"noopener noreferrer\">hier<\/a>.<\/p>\n<p>Produkte mit einem bestimmten Wirkstoff k\u00f6nnen erst dann in den einzelnen Mitgliedstaaten f\u00fcr ihren vorgesehenen Zweck (wieder-)zugelassen werden, wenn die Wiederzulassung des betreffenden Wirkstoffs erfolgreich war.<\/p>\n","protected":false},"excerpt":{"rendered":"<p>Nach einem positiven Votum einer qualifizierten Mehrheit der Mitgliedstaaten wurde die EU-Zulassung f\u00fcr Glyphosat am 12. Dezember 2017 durch die EU-Kommission um f\u00fcnf Jahre verl\u00e4ngert. Dies bedeutet, dass Glyphosat als Wirkstoff in Pflanzenschutzmitteln bis 15. Dezember 2022 in der EU verwendet werden darf. Jedes Pflanzenschutzmittel muss jedoch in den jeweiligen EU-L\u00e4ndern von den zust\u00e4ndigen Beh\u00f6rden &hellip; <a href=\"https:\/\/www.glyphosate.eu\/de\/genehmigungsverfahren\/\">Fortsetzen<\/a><\/p>\n","protected":false},"author":1,"featured_media":0,"parent":0,"menu_order":476,"comment_status":"closed","ping_status":"closed","template":"views\/template-auth-process.blade.php","meta":{"_acf_changed":false,"inline_featured_image":false,"footnotes":""},"class_list":["post-13945","page","type-page","status-publish","hentry"],"acf":[],"yoast_head":"<!-- This site is optimized with the Yoast SEO plugin v27.4 - https:\/\/yoast.com\/product\/yoast-seo-wordpress\/ -->\n<title>Authorisation Process | Glyphosate Renewal Group<\/title>\n<meta name=\"description\" content=\"In 2017 the Commission renewed the EU approval of glyphosate for 5 years until 2020. By law the approval of active substances must be periodically reviewed.\" \/>\n<meta name=\"robots\" content=\"index, follow, max-snippet:-1, max-image-preview:large, max-video-preview:-1\" \/>\n<link rel=\"canonical\" href=\"https:\/\/www.glyphosate.eu\/de\/genehmigungsverfahren\/\" \/>\n<meta property=\"og:locale\" content=\"de_DE\" \/>\n<meta property=\"og:type\" content=\"article\" \/>\n<meta property=\"og:title\" content=\"Authorisation Process | Glyphosate Renewal Group\" \/>\n<meta property=\"og:description\" content=\"In 2017 the Commission renewed the EU approval of glyphosate for 5 years until 2020. By law the approval of active substances must be periodically reviewed.\" \/>\n<meta property=\"og:url\" content=\"https:\/\/www.glyphosate.eu\/de\/genehmigungsverfahren\/\" \/>\n<meta property=\"og:site_name\" content=\"Glyphosate Renewal Group\" \/>\n<meta property=\"article:modified_time\" content=\"2022-01-12T10:22:23+00:00\" \/>\n<meta name=\"twitter:card\" content=\"summary_large_image\" \/>\n<meta name=\"twitter:label1\" content=\"Est. reading time\" \/>\n\t<meta name=\"twitter:data1\" content=\"2 minutes\" \/>\n<script type=\"application\/ld+json\" class=\"yoast-schema-graph\">{\"@context\":\"https:\\\/\\\/schema.org\",\"@graph\":[{\"@type\":\"WebPage\",\"@id\":\"https:\\\/\\\/www.glyphosate.eu\\\/de\\\/genehmigungsverfahren\\\/\",\"url\":\"https:\\\/\\\/www.glyphosate.eu\\\/de\\\/genehmigungsverfahren\\\/\",\"name\":\"Authorisation Process | Glyphosate Renewal Group\",\"isPartOf\":{\"@id\":\"https:\\\/\\\/www.glyphosate.eu\\\/#website\"},\"datePublished\":\"2020-08-28T10:43:35+00:00\",\"dateModified\":\"2022-01-12T10:22:23+00:00\",\"description\":\"In 2017 the Commission renewed the EU approval of glyphosate for 5 years until 2020. By law the approval of active substances must be periodically reviewed.\",\"inLanguage\":\"de-DE\",\"potentialAction\":[{\"@type\":\"ReadAction\",\"target\":[\"https:\\\/\\\/www.glyphosate.eu\\\/de\\\/genehmigungsverfahren\\\/\"]}]},{\"@type\":\"WebSite\",\"@id\":\"https:\\\/\\\/www.glyphosate.eu\\\/#website\",\"url\":\"https:\\\/\\\/www.glyphosate.eu\\\/\",\"name\":\"Glyphosate Renewal Group\",\"description\":\"Just another WordPress site\",\"potentialAction\":[{\"@type\":\"SearchAction\",\"target\":{\"@type\":\"EntryPoint\",\"urlTemplate\":\"https:\\\/\\\/www.glyphosate.eu\\\/?s={search_term_string}\"},\"query-input\":{\"@type\":\"PropertyValueSpecification\",\"valueRequired\":true,\"valueName\":\"search_term_string\"}}],\"inLanguage\":\"de-DE\"}]}<\/script>\n<!-- \/ Yoast SEO plugin. -->","yoast_head_json":{"title":"Authorisation Process | Glyphosate Renewal Group","description":"In 2017 the Commission renewed the EU approval of glyphosate for 5 years until 2020. By law the approval of active substances must be periodically reviewed.","robots":{"index":"index","follow":"follow","max-snippet":"max-snippet:-1","max-image-preview":"max-image-preview:large","max-video-preview":"max-video-preview:-1"},"canonical":"https:\/\/www.glyphosate.eu\/de\/genehmigungsverfahren\/","og_locale":"de_DE","og_type":"article","og_title":"Authorisation Process | Glyphosate Renewal Group","og_description":"In 2017 the Commission renewed the EU approval of glyphosate for 5 years until 2020. By law the approval of active substances must be periodically reviewed.","og_url":"https:\/\/www.glyphosate.eu\/de\/genehmigungsverfahren\/","og_site_name":"Glyphosate Renewal Group","article_modified_time":"2022-01-12T10:22:23+00:00","twitter_card":"summary_large_image","twitter_misc":{"Est. reading time":"2 minutes"},"schema":{"@context":"https:\/\/schema.org","@graph":[{"@type":"WebPage","@id":"https:\/\/www.glyphosate.eu\/de\/genehmigungsverfahren\/","url":"https:\/\/www.glyphosate.eu\/de\/genehmigungsverfahren\/","name":"Authorisation Process | Glyphosate Renewal Group","isPartOf":{"@id":"https:\/\/www.glyphosate.eu\/#website"},"datePublished":"2020-08-28T10:43:35+00:00","dateModified":"2022-01-12T10:22:23+00:00","description":"In 2017 the Commission renewed the EU approval of glyphosate for 5 years until 2020. By law the approval of active substances must be periodically reviewed.","inLanguage":"de-DE","potentialAction":[{"@type":"ReadAction","target":["https:\/\/www.glyphosate.eu\/de\/genehmigungsverfahren\/"]}]},{"@type":"WebSite","@id":"https:\/\/www.glyphosate.eu\/#website","url":"https:\/\/www.glyphosate.eu\/","name":"Glyphosate Renewal Group","description":"Just another WordPress site","potentialAction":[{"@type":"SearchAction","target":{"@type":"EntryPoint","urlTemplate":"https:\/\/www.glyphosate.eu\/?s={search_term_string}"},"query-input":{"@type":"PropertyValueSpecification","valueRequired":true,"valueName":"search_term_string"}}],"inLanguage":"de-DE"}]}},"_links":{"self":[{"href":"https:\/\/www.glyphosate.eu\/de\/wp-json\/wp\/v2\/pages\/13945","targetHints":{"allow":["GET"]}}],"collection":[{"href":"https:\/\/www.glyphosate.eu\/de\/wp-json\/wp\/v2\/pages"}],"about":[{"href":"https:\/\/www.glyphosate.eu\/de\/wp-json\/wp\/v2\/types\/page"}],"author":[{"embeddable":true,"href":"https:\/\/www.glyphosate.eu\/de\/wp-json\/wp\/v2\/users\/1"}],"replies":[{"embeddable":true,"href":"https:\/\/www.glyphosate.eu\/de\/wp-json\/wp\/v2\/comments?post=13945"}],"version-history":[{"count":9,"href":"https:\/\/www.glyphosate.eu\/de\/wp-json\/wp\/v2\/pages\/13945\/revisions"}],"predecessor-version":[{"id":27769,"href":"https:\/\/www.glyphosate.eu\/de\/wp-json\/wp\/v2\/pages\/13945\/revisions\/27769"}],"wp:attachment":[{"href":"https:\/\/www.glyphosate.eu\/de\/wp-json\/wp\/v2\/media?parent=13945"}],"curies":[{"name":"wp","href":"https:\/\/api.w.org\/{rel}","templated":true}]}}